{"id":5851,"date":"2016-10-12T14:28:17","date_gmt":"2016-10-12T14:28:17","guid":{"rendered":"http:\/\/www.zvlbearing-catalog.sk\/?page_id=5851"},"modified":"2016-10-27T11:45:40","modified_gmt":"2016-10-27T11:45:40","slug":"error","status":"publish","type":"page","link":"https:\/\/www.zvlbearing-catalog.sk\/ru\/error\/","title":{"rendered":"\u0423\u043a\u0430\u0437\u0430\u043d\u043d\u044b\u0439 \u0442\u0438\u043f \u043f\u043e\u0434\u0448\u0438\u043f\u043d\u0438\u043a\u0430 \u043d\u0435 \u0438\u043c\u0435\u0435\u0442\u0441\u044f \u0432 \u043d\u0430\u0448\u0435\u0439 \u0431\u0430\u0437\u0435 \u0434\u0430\u043d\u043d\u044b\u0445"},"content":{"rendered":"<section class=\"wpb-content-wrapper\"><p>[vc_row][vc_column][vc_column_text]<\/p>\n<h2 style=\"text-align: center;\"><span style=\"color: #ff0000;\">\u041f\u043e\u0436\u0430\u043b\u0443\u0439\u0441\u0442\u0430, \u043f\u0440\u043e\u0432\u0435\u0440\u044c\u0442\u0435 \u043e\u0431\u043e\u0437\u043d\u0430\u0447\u0435\u043d\u0438\u0435 \u043f\u043e\u0434\u0448\u0438\u043f\u043d\u0438\u043a\u0430 \u0438\u043b\u0438<\/span> <a href=\"http:\/\/zvl-podshipniki.ru\/\u043a\u043e\u043d\u0442\u0430\u043a\u0442\/\" target=\"_blank\">\u0441\u0432\u044f\u0436\u0438\u0442\u0435\u0441\u044c \u0441 \u043d\u0430\u043c\u0438.<\/a><\/h2>\n<p>[\/vc_column_text][\/vc_column][\/vc_row][vc_row][vc_column][vc_single_image image=&#187;5868&#8243; img_size=&#187;full&#187; alignment=&#187;center&#187; style=&#187;vc_box_shadow_border&#187; onclick=&#187;custom_link&#187; img_link_target=&#187;_blank&#187; link=&#187;http:\/\/zvl-podshipniki.ru\/\u043a\u043e\u043d\u0442\u0430\u043a\u0442\/&#187;][\/vc_column][\/vc_row]<\/p>\n<\/section>","protected":false},"excerpt":{"rendered":"<p>[vc_row][vc_column][vc_column_text] \u041f\u043e\u0436\u0430\u043b\u0443\u0439\u0441\u0442\u0430, \u043f\u0440\u043e\u0432\u0435\u0440\u044c\u0442\u0435 \u043e\u0431\u043e\u0437\u043d\u0430\u0447\u0435\u043d\u0438\u0435 \u043f\u043e\u0434\u0448\u0438\u043f\u043d\u0438\u043a\u0430 \u0438\u043b\u0438 \u0441\u0432\u044f\u0436\u0438\u0442\u0435\u0441\u044c \u0441 \u043d\u0430\u043c\u0438. [\/vc_column_text][\/vc_column][\/vc_row][vc_row][vc_column][vc_single_image image=&#187;5868&#8243; img_size=&#187;full&#187; alignment=&#187;center&#187; style=&#187;vc_box_shadow_border&#187; onclick=&#187;custom_link&#187; img_link_target=&#187;_blank&#187; link=&#187;http:\/\/zvl-podshipniki.ru\/\u043a\u043e\u043d\u0442\u0430\u043a\u0442\/&#187;][\/vc_column][\/vc_row]<\/p>\n","protected":false},"author":1,"featured_media":0,"parent":0,"menu_order":0,"comment_status":"closed","ping_status":"closed","template":"","meta":{"footnotes":""},"yoast_head":"<!-- This site is optimized with the Yoast SEO Premium plugin v18.3 (Yoast SEO v21.9.1) - https:\/\/yoast.com\/wordpress\/plugins\/seo\/ -->\n<title>\u0423\u043a\u0430\u0437\u0430\u043d\u043d\u044b\u0439 \u0442\u0438\u043f \u043f\u043e\u0434\u0448\u0438\u043f\u043d\u0438\u043a\u0430 \u043d\u0435 \u0438\u043c\u0435\u0435\u0442\u0441\u044f \u0432 \u043d\u0430\u0448\u0435\u0439 \u0431\u0430\u0437\u0435 \u0434\u0430\u043d\u043d\u044b\u0445 | ZVL SLOVAKIA a.s.<\/title>\n<meta name=\"description\" content=\"Pros\u00edm skontrolujte ozna\u010denie lo\u017eiska, pr\u00edpadne n\u00e1s kontaktujte. Please, check the designation or contact us. Bitte, pr\u00fcfen Sie die Bezeichnung oder\" \/>\n<meta name=\"robots\" content=\"index, follow, max-snippet:-1, max-image-preview:large, max-video-preview:-1\" \/>\n<link rel=\"canonical\" href=\"https:\/\/www.zvlbearing-catalog.sk\/ru\/error\/\" \/>\n<meta property=\"og:locale\" content=\"ru_RU\" \/>\n<meta property=\"og:type\" content=\"article\" \/>\n<meta property=\"og:title\" content=\"\u0423\u043a\u0430\u0437\u0430\u043d\u043d\u044b\u0439 \u0442\u0438\u043f \u043f\u043e\u0434\u0448\u0438\u043f\u043d\u0438\u043a\u0430 \u043d\u0435 \u0438\u043c\u0435\u0435\u0442\u0441\u044f \u0432 \u043d\u0430\u0448\u0435\u0439 \u0431\u0430\u0437\u0435 \u0434\u0430\u043d\u043d\u044b\u0445\" \/>\n<meta property=\"og:description\" content=\"Pros\u00edm skontrolujte ozna\u010denie lo\u017eiska, pr\u00edpadne n\u00e1s kontaktujte. Please, check the designation or contact us. Bitte, pr\u00fcfen Sie die Bezeichnung oder\" \/>\n<meta property=\"og:url\" content=\"https:\/\/www.zvlbearing-catalog.sk\/ru\/error\/\" \/>\n<meta property=\"og:site_name\" content=\"ZVL SLOVAKIA a.s.\" \/>\n<meta property=\"article:publisher\" content=\"https:\/\/www.facebook.com\/zvlslovakia\/\" \/>\n<meta property=\"article:modified_time\" content=\"2016-10-27T11:45:40+00:00\" \/>\n<meta name=\"twitter:label1\" content=\"\u041f\u0440\u0438\u043c\u0435\u0440\u043d\u043e\u0435 \u0432\u0440\u0435\u043c\u044f \u0434\u043b\u044f \u0447\u0442\u0435\u043d\u0438\u044f\" \/>\n\t<meta name=\"twitter:data1\" content=\"2 \u043c\u0438\u043d\u0443\u0442\u044b\" \/>\n<script type=\"application\/ld+json\" class=\"yoast-schema-graph\">{\"@context\":\"https:\/\/schema.org\",\"@graph\":[{\"@type\":\"WebPage\",\"@id\":\"https:\/\/www.zvlbearing-catalog.sk\/ru\/error\/\",\"url\":\"https:\/\/www.zvlbearing-catalog.sk\/ru\/error\/\",\"name\":\"\u0423\u043a\u0430\u0437\u0430\u043d\u043d\u044b\u0439 \u0442\u0438\u043f \u043f\u043e\u0434\u0448\u0438\u043f\u043d\u0438\u043a\u0430 \u043d\u0435 \u0438\u043c\u0435\u0435\u0442\u0441\u044f \u0432 \u043d\u0430\u0448\u0435\u0439 \u0431\u0430\u0437\u0435 \u0434\u0430\u043d\u043d\u044b\u0445 | ZVL SLOVAKIA a.s.\",\"isPartOf\":{\"@id\":\"http:\/\/www.zvlbearing-catalog.sk\/ru\/#website\"},\"datePublished\":\"2016-10-12T14:28:17+00:00\",\"dateModified\":\"2016-10-27T11:45:40+00:00\",\"description\":\"Pros\u00edm skontrolujte ozna\u010denie lo\u017eiska, pr\u00edpadne n\u00e1s kontaktujte. Please, check the designation or contact us. Bitte, pr\u00fcfen Sie die Bezeichnung oder\",\"breadcrumb\":{\"@id\":\"https:\/\/www.zvlbearing-catalog.sk\/ru\/error\/#breadcrumb\"},\"inLanguage\":\"ru-RU\",\"potentialAction\":[{\"@type\":\"ReadAction\",\"target\":[[\"https:\/\/www.zvlbearing-catalog.sk\/ru\/error\/\"]]}]},{\"@type\":\"BreadcrumbList\",\"@id\":\"https:\/\/www.zvlbearing-catalog.sk\/ru\/error\/#breadcrumb\",\"itemListElement\":[{\"@type\":\"ListItem\",\"position\":1,\"name\":\"Domovsk\u00e1 str\u00e1nka\",\"item\":\"http:\/\/www.zvlbearing-catalog.sk\/ru\/\"},{\"@type\":\"ListItem\",\"position\":2,\"name\":\"Zadan\u00fd typ lo\u017eiska sa nenach\u00e1dza v na\u0161ej datab\u00e1ze\"}]},{\"@type\":\"WebSite\",\"@id\":\"http:\/\/www.zvlbearing-catalog.sk\/ru\/#website\",\"url\":\"http:\/\/www.zvlbearing-catalog.sk\/ru\/\",\"name\":\"ZVL SLOVAKIA a.s.\",\"description\":\"V\u00fdroba lo\u017e\u00edsk, pr\u00edslu\u0161enstvo, predaj lo\u017e\u00edsk\",\"publisher\":{\"@id\":\"http:\/\/www.zvlbearing-catalog.sk\/ru\/#organization\"},\"potentialAction\":[{\"@type\":\"SearchAction\",\"target\":{\"@type\":\"EntryPoint\",\"urlTemplate\":\"http:\/\/www.zvlbearing-catalog.sk\/ru\/?s={search_term_string}\"},\"query-input\":\"required name=search_term_string\"}],\"inLanguage\":\"ru-RU\"},{\"@type\":\"Organization\",\"@id\":\"http:\/\/www.zvlbearing-catalog.sk\/ru\/#organization\",\"name\":\"ZVL SLOVAKIA a.s.\",\"url\":\"http:\/\/www.zvlbearing-catalog.sk\/ru\/\",\"logo\":{\"@type\":\"ImageObject\",\"inLanguage\":\"ru-RU\",\"@id\":\"http:\/\/www.zvlbearing-catalog.sk\/ru\/#\/schema\/logo\/image\/\",\"url\":\"https:\/\/www.zvlbearing-catalog.sk\/wp-content\/uploads\/zvl-icon-152.jpg\",\"contentUrl\":\"https:\/\/www.zvlbearing-catalog.sk\/wp-content\/uploads\/zvl-icon-152.jpg\",\"width\":145,\"height\":145,\"caption\":\"ZVL SLOVAKIA a.s.\"},\"image\":{\"@id\":\"http:\/\/www.zvlbearing-catalog.sk\/ru\/#\/schema\/logo\/image\/\"},\"sameAs\":[\"https:\/\/www.facebook.com\/zvlslovakia\/\"]}]}<\/script>\n<!-- \/ Yoast SEO Premium plugin. -->","yoast_head_json":{"title":"\u0423\u043a\u0430\u0437\u0430\u043d\u043d\u044b\u0439 \u0442\u0438\u043f \u043f\u043e\u0434\u0448\u0438\u043f\u043d\u0438\u043a\u0430 \u043d\u0435 \u0438\u043c\u0435\u0435\u0442\u0441\u044f \u0432 \u043d\u0430\u0448\u0435\u0439 \u0431\u0430\u0437\u0435 \u0434\u0430\u043d\u043d\u044b\u0445 | ZVL SLOVAKIA a.s.","description":"Pros\u00edm skontrolujte ozna\u010denie lo\u017eiska, pr\u00edpadne n\u00e1s kontaktujte. Please, check the designation or contact us. Bitte, pr\u00fcfen Sie die Bezeichnung oder","robots":{"index":"index","follow":"follow","max-snippet":"max-snippet:-1","max-image-preview":"max-image-preview:large","max-video-preview":"max-video-preview:-1"},"canonical":"https:\/\/www.zvlbearing-catalog.sk\/ru\/error\/","og_locale":"ru_RU","og_type":"article","og_title":"\u0423\u043a\u0430\u0437\u0430\u043d\u043d\u044b\u0439 \u0442\u0438\u043f \u043f\u043e\u0434\u0448\u0438\u043f\u043d\u0438\u043a\u0430 \u043d\u0435 \u0438\u043c\u0435\u0435\u0442\u0441\u044f \u0432 \u043d\u0430\u0448\u0435\u0439 \u0431\u0430\u0437\u0435 \u0434\u0430\u043d\u043d\u044b\u0445","og_description":"Pros\u00edm skontrolujte ozna\u010denie lo\u017eiska, pr\u00edpadne n\u00e1s kontaktujte. Please, check the designation or contact us. Bitte, pr\u00fcfen Sie die Bezeichnung oder","og_url":"https:\/\/www.zvlbearing-catalog.sk\/ru\/error\/","og_site_name":"ZVL SLOVAKIA a.s.","article_publisher":"https:\/\/www.facebook.com\/zvlslovakia\/","article_modified_time":"2016-10-27T11:45:40+00:00","twitter_misc":{"\u041f\u0440\u0438\u043c\u0435\u0440\u043d\u043e\u0435 \u0432\u0440\u0435\u043c\u044f \u0434\u043b\u044f \u0447\u0442\u0435\u043d\u0438\u044f":"2 \u043c\u0438\u043d\u0443\u0442\u044b"},"schema":{"@context":"https:\/\/schema.org","@graph":[{"@type":"WebPage","@id":"https:\/\/www.zvlbearing-catalog.sk\/ru\/error\/","url":"https:\/\/www.zvlbearing-catalog.sk\/ru\/error\/","name":"\u0423\u043a\u0430\u0437\u0430\u043d\u043d\u044b\u0439 \u0442\u0438\u043f \u043f\u043e\u0434\u0448\u0438\u043f\u043d\u0438\u043a\u0430 \u043d\u0435 \u0438\u043c\u0435\u0435\u0442\u0441\u044f \u0432 \u043d\u0430\u0448\u0435\u0439 \u0431\u0430\u0437\u0435 \u0434\u0430\u043d\u043d\u044b\u0445 | ZVL SLOVAKIA a.s.","isPartOf":{"@id":"http:\/\/www.zvlbearing-catalog.sk\/ru\/#website"},"datePublished":"2016-10-12T14:28:17+00:00","dateModified":"2016-10-27T11:45:40+00:00","description":"Pros\u00edm skontrolujte ozna\u010denie lo\u017eiska, pr\u00edpadne n\u00e1s kontaktujte. Please, check the designation or contact us. Bitte, pr\u00fcfen Sie die Bezeichnung oder","breadcrumb":{"@id":"https:\/\/www.zvlbearing-catalog.sk\/ru\/error\/#breadcrumb"},"inLanguage":"ru-RU","potentialAction":[{"@type":"ReadAction","target":[["https:\/\/www.zvlbearing-catalog.sk\/ru\/error\/"]]}]},{"@type":"BreadcrumbList","@id":"https:\/\/www.zvlbearing-catalog.sk\/ru\/error\/#breadcrumb","itemListElement":[{"@type":"ListItem","position":1,"name":"Domovsk\u00e1 str\u00e1nka","item":"http:\/\/www.zvlbearing-catalog.sk\/ru\/"},{"@type":"ListItem","position":2,"name":"Zadan\u00fd typ lo\u017eiska sa nenach\u00e1dza v na\u0161ej datab\u00e1ze"}]},{"@type":"WebSite","@id":"http:\/\/www.zvlbearing-catalog.sk\/ru\/#website","url":"http:\/\/www.zvlbearing-catalog.sk\/ru\/","name":"ZVL SLOVAKIA a.s.","description":"V\u00fdroba lo\u017e\u00edsk, pr\u00edslu\u0161enstvo, predaj lo\u017e\u00edsk","publisher":{"@id":"http:\/\/www.zvlbearing-catalog.sk\/ru\/#organization"},"potentialAction":[{"@type":"SearchAction","target":{"@type":"EntryPoint","urlTemplate":"http:\/\/www.zvlbearing-catalog.sk\/ru\/?s={search_term_string}"},"query-input":"required name=search_term_string"}],"inLanguage":"ru-RU"},{"@type":"Organization","@id":"http:\/\/www.zvlbearing-catalog.sk\/ru\/#organization","name":"ZVL SLOVAKIA a.s.","url":"http:\/\/www.zvlbearing-catalog.sk\/ru\/","logo":{"@type":"ImageObject","inLanguage":"ru-RU","@id":"http:\/\/www.zvlbearing-catalog.sk\/ru\/#\/schema\/logo\/image\/","url":"https:\/\/www.zvlbearing-catalog.sk\/wp-content\/uploads\/zvl-icon-152.jpg","contentUrl":"https:\/\/www.zvlbearing-catalog.sk\/wp-content\/uploads\/zvl-icon-152.jpg","width":145,"height":145,"caption":"ZVL SLOVAKIA a.s."},"image":{"@id":"http:\/\/www.zvlbearing-catalog.sk\/ru\/#\/schema\/logo\/image\/"},"sameAs":["https:\/\/www.facebook.com\/zvlslovakia\/"]}]}},"_links":{"self":[{"href":"https:\/\/www.zvlbearing-catalog.sk\/ru\/wp-json\/wp\/v2\/pages\/5851"}],"collection":[{"href":"https:\/\/www.zvlbearing-catalog.sk\/ru\/wp-json\/wp\/v2\/pages"}],"about":[{"href":"https:\/\/www.zvlbearing-catalog.sk\/ru\/wp-json\/wp\/v2\/types\/page"}],"author":[{"embeddable":true,"href":"https:\/\/www.zvlbearing-catalog.sk\/ru\/wp-json\/wp\/v2\/users\/1"}],"replies":[{"embeddable":true,"href":"https:\/\/www.zvlbearing-catalog.sk\/ru\/wp-json\/wp\/v2\/comments?post=5851"}],"version-history":[{"count":0,"href":"https:\/\/www.zvlbearing-catalog.sk\/ru\/wp-json\/wp\/v2\/pages\/5851\/revisions"}],"wp:attachment":[{"href":"https:\/\/www.zvlbearing-catalog.sk\/ru\/wp-json\/wp\/v2\/media?parent=5851"}],"curies":[{"name":"wp","href":"https:\/\/api.w.org\/{rel}","templated":true}]}}