{"id":2166,"date":"2012-07-26T09:00:10","date_gmt":"2012-07-26T09:00:10","guid":{"rendered":"http:\/\/www.zvl.renad.sk\/?page_id=2166"},"modified":"2016-08-01T16:15:08","modified_gmt":"2016-08-01T16:15:08","slug":"tab-8","status":"publish","type":"page","link":"https:\/\/www.zvlbearing-catalog.sk\/ru\/katalog\/tab-8\/","title":{"rendered":"\u0411\u0435\u0441\u0441\u0435\u043f\u0430\u0440\u0430\u0442\u043e\u0440\u043d\u044b\u0435 \u0446\u0438\u043b\u0438\u043d\u0434\u0440\u0438\u0447\u0435\u0441\u043a\u0438\u0435 \u0440\u043e\u043b\u0438\u043a\u043e\u043f\u043e\u0434\u0448\u0438\u043f\u043d\u0438\u043a\u0438 \u0442\u0438\u043fa NCF"},"content":{"rendered":"<section class=\"wpb-content-wrapper\"><p><section class=\"wpb-content-wrapper\"><p>[vc_row][vc_column][vc_accordion active_tab=&#187;false&#187; title_size=&#187;h2&#8243; style=&#187;2&#8243;][vc_accordion_tab title=&#187;\u0422\u0418\u041f \u041f\u041e\u0414\u0428\u0418\u041f\u041d\u0418\u041a\u0410 \u2192 \u0432\u044b\u0431\u0435\u0440\u0438\u0442\u0435 \u0438\u0437 \u0432\u044b\u043f\u0430\u0434\u0430\u044e\u0449\u0435\u0433\u043e \u0441\u043f\u0438\u0441\u043a\u0430 \u0442\u0438\u043f \u043f\u043e\u0434\u0448\u0438\u043f\u043d\u0438\u043a\u0430&#187;][vc_row_inner][vc_column_inner width=&#187;1\/2&#8243;]<section class=\"shortcode-action-box table shortcode-action-bg block-style-widget\"><div class=\"text-big\"><h2>\u0428\u0430\u0440\u0438\u043a\u043e\u0432\u044b\u0435 \u043f\u043e\u0434\u0448\u0438\u043f\u043d\u0438\u043a\u0438<\/h2>\n<\/div><\/section>[vc_empty_space height=&#187;15px&#187;]<div class=\"standard-arrow bullet-top\"><ul>\n<li><a href=\"\/ru\/katalog\/tab-1\/\">\u041e\u0434\u043d\u043e\u0440\u044f\u0434\u043d\u044b\u0435 \u0440\u0430\u0434\u0438\u0430\u043b\u044c\u043d\u044b\u0435 \u0448\u0430\u0440\u0438\u043a\u043e\u043f\u043e\u0434\u0448\u0438\u043f\u043d\u0438\u043a\u0438<\/a><\/li>\n<li><a href=\"\/ru\/katalog\/tab-2\/\">\u041e\u0434\u043d\u043e\u0440\u044f\u0434\u043d\u044b\u0435 \u0440\u0430\u0434\u0438\u0430\u043b\u044c\u043d\u043e-\u0443\u043f\u043e\u0440\u043d\u044b\u0435 \u0448\u0430\u0440\u0438\u043a\u043e\u043f\u043e\u0434\u0448\u0438\u043f\u043d\u0438\u043a\u0438<\/a><\/li>\n<li><a href=\"\/ru\/katalog\/tab-3\/\">\u041e\u0434\u043d\u043e\u0440\u044f\u0434\u043d\u044b\u0435 \u0440\u0430\u0434\u0438\u0430\u043b\u044c\u043d\u043e-\u0443\u043f\u043e\u0440\u043d\u044b\u0435 \u0448\u0430\u0440\u0438\u043a\u043e\u043f\u043e\u0434\u0448\u0438\u043f\u043d\u0438\u043a\u0438 \u0441 \u0447\u0435\u0442\u044b\u0440\u0435\u0445\u0442\u043e\u0447\u0435\u0447\u043d\u044b\u043c \u043a\u043e\u043d\u0442\u0430\u043a\u0442\u043e\u043c<\/a><\/li>\n<li><a href=\"\/ru\/katalog\/tab-4\/\">\u0414\u0432\u0443\u0445\u0440\u044f\u0434\u043d\u044b\u0435 \u0440\u0430\u0434\u0438\u0430\u043b\u044c\u043d\u043e-\u0443\u043f\u043e\u0440\u043d\u044b\u0435 \u0448\u0430\u0440\u0438\u043a\u043e\u043f\u043e\u0434\u0448\u0438\u043f\u043d\u0438\u043a\u0438<\/a><\/li>\n<li><a href=\"\/ru\/katalog\/tab-5\/\">\u0414\u0432\u0443\u0445\u0440\u044f\u0434\u043d\u044b\u0435 \u0441\u0430\u043c\u043e\u0443\u0441\u0442\u0430\u043d\u0430\u0432\u043b\u0438\u0432\u0430\u044e\u0449\u0438\u0435\u0441\u044f \u0448\u0430\u0440\u0438\u043a\u043e\u043f\u043e\u0434\u0448\u0438\u043f\u043d\u0438\u043a\u0438<\/a><\/li>\n<li><a href=\"\/ru\/katalog\/tab-12\/\">\u041e\u0434\u0438\u043d\u0430\u0440\u043d\u044b\u0435 \u0443\u043f\u043e\u0440\u043d\u044b\u0435 \u0448\u0430\u0440\u0438\u043a\u043e\u043f\u043e\u0434\u0448\u0438\u043f\u043d\u0438\u043a\u0438<\/a><\/li>\n<li><a href=\"\/ru\/katalog\/tab-13\/\">\u0414\u0432\u043e\u0439\u043d\u044b\u0435 \u0443\u043f\u043e\u0440\u043d\u044b\u0435 \u0448\u0430\u0440\u0438\u043a\u043e\u043f\u043e\u0434\u0448\u0438\u043f\u043d\u0438\u043a\u0438<\/a><\/li>\n<\/ul>\n<\/div>[vc_empty_space height=&#187;30px&#187;]<section class=\"shortcode-action-box table shortcode-action-bg block-style-widget\"><div class=\"text-big\"><h2>\u0421\u0444\u0435\u0440\u0438\u0447\u0435\u0441\u043a\u0438\u0435 \u0440\u043e\u043b\u0438\u043a\u043e\u0432\u044b\u0435 \u043f\u043e\u0434\u0448\u0438\u043f\u043d\u0438\u043a\u0438<\/h2>\n<\/div><\/section>[vc_empty_space height=&#187;15px&#187;]<div class=\"standard-arrow bullet-top\"><ul>\n<li><a href=\"\/ru\/katalog\/tab-6\/\">\u041e\u0434\u043d\u043e\u0440\u044f\u0434\u043d\u044b\u0435 \u0446\u0438\u043b\u0438\u043d\u0434\u0440\u0438\u0447\u0435\u0441\u043a\u0438\u0435 \u0440\u043e\u043b\u0438\u043a\u043e\u043f\u043e\u0434\u0448\u0438\u043f\u043d\u0438\u043a\u0438<\/a><\/li>\n<li><a href=\"\/ru\/katalog\/tab-7\/\">\u041e\u0434\u043d\u043e\u0440\u044f\u0434\u043d\u044b\u0435 \u0446\u0438\u043b\u0438\u043d\u0434\u0440\u0438\u0447\u0435\u0441\u043a\u0438\u0435 \u0440\u043e\u043b\u0438\u043a\u043e\u043f\u043e\u0434\u0448\u0438\u043f\u043d\u0438\u043a\u0438 \u0441 \u0448\u0438\u0440\u043e\u043a\u0438\u043c \u0432\u043d\u0443\u0442\u0440\u0435\u043d\u043d\u0438\u043c \u043a\u043e\u043b\u044c\u0446\u043e\u043c<\/a><\/li>\n<li><a href=\"\/ru\/katalog\/tab-8\/\">\u0411\u0435\u0441\u0441\u0435\u043f\u0430\u0440\u0430\u0442\u043e\u0440\u043d\u044b\u0435 \u0446\u0438\u043b\u0438\u043d\u0434\u0440\u0438\u0447\u0435\u0441\u043a\u0438\u0435 \u0440\u043e\u043b\u0438\u043a\u043e\u043f\u043e\u0434\u0448\u0438\u043f\u043d\u0438\u043a\u0438 \u0442\u0438\u043fa NCF<\/a><\/li>\n<li><a href=\"\/ru\/katalog\/tab-9\/\">\u0411\u0435\u0441\u0441\u0435\u043f\u0430\u0440\u0430\u0442\u043e\u0440\u043d\u044b\u0435 \u0446\u0438\u043b\u0438\u043d\u0434\u0440\u0438\u0447\u0435\u0441\u043a\u0438\u0435 \u0440\u043e\u043b\u0438\u043a\u043e\u043f\u043e\u0434\u0448\u0438\u043f\u043d\u0438\u043a\u0438 \u0442\u0438\u043fa NNC, NNCL, NNCF<\/a><\/li>\n<li><a href=\"\/ru\/katalog\/tab-10\/\">\u0411\u0435\u0441\u0441\u0435\u043f\u0430\u0440\u0430\u0442\u043e\u0440\u043d\u044b\u0435 \u0446\u0438\u043b\u0438\u043d\u0434\u0440\u0438\u0447\u0435\u0441\u043a\u0438\u0435 \u0440\u043e\u043b\u0438\u043a\u043e\u043f\u043e\u0434\u0448\u0438\u043f\u043d\u0438\u043a\u0438 \u0442\u0438\u043fa NNF<\/a><\/li>\n<li><a href=\"\/ru\/katalog\/tab-14\/\">\u0423\u043f\u043e\u0440\u043d\u044b\u0435 \u0446\u0438\u043b\u0438\u043d\u0434\u0440\u0438\u0447\u0435\u0441\u043a\u0438\u0435 \u0440\u043e\u043b\u0438\u043a\u043e\u043f\u043e\u0434\u0448\u0438\u043f\u043d\u0438\u043a\u0438<\/a><\/li>\n<\/ul>\n<\/div>[vc_empty_space height=&#187;30px&#187;]<section class=\"shortcode-action-box table shortcode-action-bg block-style-widget\"><div class=\"text-big\"><h2>\u0426\u0438\u043b\u0438\u043d\u0434\u0440\u0438\u0447\u0435\u0441\u043a\u0438\u0435 \u0440\u043e\u043b\u0438\u043a\u043e\u0432\u044b\u0435 \u043f\u043e\u0434\u0448\u0438\u043f\u043d\u0438\u043a\u0438<\/h2>\n<\/div><\/section>[vc_empty_space height=&#187;15px&#187;]<div class=\"standard-arrow bullet-top\"><ul>\n<li><a href=\"\/ru\/katalog\/tab-11\/\">\u0414\u0432\u0443\u0445\u0440\u044f\u0434\u043d\u044b\u0435 \u0441\u0444\u0435\u0440\u0438\u0447\u0435\u0441\u043a\u0438\u0435 \u0440\u043e\u043b\u0438\u043a\u043e\u043f\u043e\u0434\u0448\u0438\u043f\u043d\u0438\u043a\u0438 \u0441 \u0446\u0438\u043b\u0438\u043d\u0434\u0440\u0438\u0447\u0435\u0441\u043a\u0438\u043c \u0438 \u043a\u043e\u043d\u0438\u0447\u0435\u0441\u043a\u0438\u043c \u043e\u0442\u0432\u0435\u0440\u0441\u0442\u0438\u0435\u043c<\/a><\/li>\n<li><a href=\"\/ru\/katalog\/tab-15\/\">\u0423\u043f\u043e\u0440\u043d\u044b\u0435 \u0441\u0444\u0435\u0440\u0438\u0447\u0435\u0441\u043a\u0438\u0435 \u0440\u043e\u043b\u0438\u043a\u043e\u043f\u043e\u0434\u0448\u0438\u043f\u043d\u0438\u043a\u0438<\/a><\/li>\n<\/ul>\n<\/div>[vc_empty_space height=&#187;30px&#187;]<section class=\"shortcode-action-box table shortcode-action-bg block-style-widget\"><div class=\"text-big\"><h2>\u041a\u043e\u0440\u043f\u0443\u0441\u0430 \u043f\u043e\u0434\u0448\u0438\u043f\u043d\u0438\u043a\u043e\u0432<\/h2>\n<\/div><\/section>[vc_empty_space height=&#187;15px&#187;]<div class=\"standard-arrow bullet-top\"><ul>\n<li><a href=\"\/ru\/katalog\/tab-20\/\">\u041a\u0432\u0430\u0434\u0440\u0430\u0442\u043d\u044b\u0435 \u0444\u043b\u0430\u043d\u0446\u0435\u0432\u044b\u0435 \u043a\u043e\u0440\u043f\u0443\u0441\u0430 \u0442\u0438\u043f\u0430 FG<\/a><\/li>\n<li><a href=\"\/ru\/katalog\/tab-21\/\">\u0421\u0442\u0430\u0446\u0438\u043e\u043d\u0430\u0440\u043d\u044b\u0435 \u043a\u043e\u0440\u043f\u0443\u0441\u0430 \u0442\u0438\u043f\u0430 SG<\/a><\/li>\n<li><a href=\"\/ru\/katalog\/tab-22\/\">Oval Flanged Cast Housing Unit &#8212; FM type<\/a><\/li>\n<\/ul>\n<\/div>[\/vc_column_inner][vc_column_inner width=&#187;1\/2&#8243;]<section class=\"shortcode-action-box table shortcode-action-bg block-style-widget\"><div class=\"text-big\"><h2>Needle roller bearing<\/h2>\n<\/div><\/section>[vc_empty_space height=&#187;15px&#187;]<div class=\"standard-arrow bullet-top\"><ul>\n<li><a href=\"\/ru\/katalog\/ihl-1\/\">Needle cages \u2013 single row, double row<\/a><\/li>\n<li><a href=\"\/ru\/katalog\/ihl-2\/\">Needle roller bearings without inner ring<\/a><\/li>\n<li><a href=\"\/ru\/katalog\/ihl-3\/\">Needle roller bearings with inner ring<\/a><\/li>\n<li><a href=\"\/ru\/katalog\/ihl-4\/\">Alignment needle roller bearings without inner ring<\/a><\/li>\n<li><a href=\"\/ru\/katalog\/ihl-5\/\">Alignment needle roller bearings with inner ring<\/a><\/li>\n<li><a href=\"\/ru\/katalog\/ihl-6\/\">Needle roller bearings without flanges<\/a><\/li>\n<li><a href=\"\/ru\/katalog\/ihl-7\/\">Cage assemblies of type KZK<\/a><\/li>\n<li><a href=\"\/ru\/katalog\/ihl-8\/\">Cage assemblies of type KBK<\/a><\/li>\n<li><a href=\"\/ru\/katalog\/ihl-9\/\">Drawn cup needle roller bearings with open ends, closed ends, with cage<\/a><\/li>\n<li><a href=\"\/ru\/katalog\/ihl-10\/\">Drawn cup needle roller bearings with open ends, closed ends, sealed, with cage<\/a><\/li>\n<li><a href=\"\/ru\/katalog\/ihl-11\/\">Drawn cup needle roller bearings with open ends, closed ends<\/a><\/li>\n<li><a href=\"\/ru\/katalog\/ihl-12\/\">Axial cages with needles \/ Axial bearing rings<\/a><\/li>\n<li><a href=\"\/ru\/katalog\/ihl-13\/\">Support rollers type NUTR<\/a><\/li>\n<li><a href=\"\/ru\/katalog\/ihl-14\/\">Support rollers type NATR, NATV<\/a><\/li>\n<li><a href=\"\/ru\/katalog\/ihl-15\/\">Cam followers<\/a><\/li>\n<\/ul>\n<\/div>[vc_empty_space height=&#187;30px&#187;]<section class=\"shortcode-action-box table shortcode-action-bg block-style-widget\"><div class=\"text-big\"><h2>\u0414\u0440\u0443\u0433\u0438\u0435 \u043f\u043e\u0434\u0448\u0438\u043f\u043d\u0438\u043a\u0438<\/h2>\n<\/div><\/section>[vc_empty_space height=&#187;15px&#187;]<div class=\"standard-arrow bullet-top\"><ul>\n<li><a href=\"\/ru\/katalog\/tab-16\/\">\u0417\u0430\u043a\u0440\u0435\u043f\u043b\u044f\u0435\u043c\u044b\u0435 \u0448\u0430\u0440\u0438\u043a\u043e\u043f\u043e\u0434\u0448\u0438\u043f\u043d\u0438\u043a\u0438<\/a><\/li>\n<li><a href=\"\/ru\/katalog\/tab-17\/\">\u0421\u0444\u0435\u0440\u0438\u0447\u0435\u0441\u043a\u0438\u0435 \u043f\u043e\u0434\u0448\u0438\u043f\u043d\u0438\u043a\u0438 \u0441\u043a\u043e\u043b\u044c\u0436\u0435\u043d\u0438\u044f<\/a><\/li>\n<li><a href=\"\/ru\/katalog\/tab-18\/\">\u0421\u043f\u0435\u0446\u0438\u0430\u043b\u044c\u043d\u044b\u0435 \u043f\u043e\u0434\u0448\u0438\u043f\u043d\u0438\u043a\u0438<\/a><\/li>\n<li><a href=\"\/ru\/katalog\/tab-19\/\">C\u043f\u0435\u0446\u0438\u0430\u043b\u044c\u043d\u044b\u0435 \u0440\u0430\u0434\u0438\u0430\u043b\u044c\u043d\u043e-\u0443\u043f\u043e\u0440\u043d\u044b\u0435 \u043f\u043e\u0434\u0448\u0438\u043f\u043d\u0438\u043a\u0438<\/a><\/li>\n<\/ul>\n<\/div>[vc_empty_space height=&#187;30px&#187;]<section class=\"shortcode-action-box table shortcode-action-bg block-style-widget\"><div class=\"text-big\"><h2>\u0421\u043e\u043f\u0443\u0442\u0441\u0442\u0432\u0443\u044e\u0449\u0438\u0435 \u0438\u0437\u0434\u0435\u043b\u0438\u044f<\/h2>\n<\/div><\/section>[vc_empty_space height=&#187;15px&#187;]<div class=\"standard-arrow bullet-top\"><ul>\n<li><a href=\"\/ru\/katalog\/tab-23\/\">\u0417\u0430\u043a\u0440\u0435\u043f\u0438\u0442\u0435\u043b\u044c\u043d\u044b\u0435 \u0432\u0442\u0443\u043b\u043a\u0438<\/a><\/li>\n<li><a href=\"\/ru\/katalog\/tab-24\/\">C\u0442\u044f\u0436\u043d\u044b\u0435 \u0432\u0442\u0443\u043b\u043a\u0438<\/a><\/li>\n<li><a href=\"\/ru\/katalog\/tab-25\/\">\u0421\u0442\u043e\u043f\u043e\u0440\u043d\u044b\u0435 \u0433\u0430\u0439\u043a\u0438<\/a><\/li>\n<li><a href=\"\/ru\/katalog\/tab-26\/\">\u041f\u0440\u0435\u0434\u043e\u0445\u0440\u0430\u043d\u0438\u0442\u0435\u043b\u044c\u043d\u044b\u0435 \u043f\u0440\u043e\u043a\u043b\u0430\u0434\u043a\u0438<\/a><\/li>\n<li><a href=\"\/ru\/katalog\/tab-27\/\">\u0421\u0442\u043e\u043f\u043e\u0440\u043d\u044b\u0435 \u0448\u0430\u0439\u0431\u044b<\/a><\/li>\n<\/ul>\n<\/div>[\/vc_column_inner][\/vc_row_inner][\/vc_accordion_tab][\/vc_accordion][\/vc_column][\/vc_row]<\/p>\n<\/section><br \/>\n<img loading=\"lazy\" decoding=\"async\" src=\"\/wp-content\/uploads\/tab-8.png\" alt=\"\u0411\u0435\u0441\u0441\u0435\u043f\u0430\u0440\u0430\u0442\u043e\u0440\u043d\u044b\u0435 \u0446\u0438\u043b\u0438\u043d\u0434\u0440\u0438\u0447\u0435\u0441\u043a\u0438\u0435 \u0440\u043e\u043b\u0438\u043a\u043e\u043f\u043e\u0434\u0448\u0438\u043f\u043d\u0438\u043a\u0438 \u0442\u0438\u043fa NCF\" width=\"760\" height=\"238\" class=\"aligncenter size-full wp-image-5777\" srcset=\"https:\/\/www.zvlbearing-catalog.sk\/wp-content\/uploads\/tab-8.png 760w, https:\/\/www.zvlbearing-catalog.sk\/wp-content\/uploads\/tab-8-150x47.png 150w, https:\/\/www.zvlbearing-catalog.sk\/wp-content\/uploads\/tab-8-350x110.png 350w\" sizes=\"(max-width: 760px) 100vw, 760px\" \/><\/p>\n<\/section>","protected":false},"excerpt":{"rendered":"<p>[vc_row][vc_column][vc_accordion active_tab=&#187;false&#187; title_size=&#187;h2&#8243; style=&#187;2&#8243;][vc_accordion_tab title=&#187;\u0422\u0418\u041f \u041f\u041e\u0414\u0428\u0418\u041f\u041d\u0418\u041a\u0410 \u2192 \u0432\u044b\u0431\u0435\u0440\u0438\u0442\u0435 \u0438\u0437 \u0432\u044b\u043f\u0430\u0434\u0430\u044e\u0449\u0435\u0433\u043e \u0441\u043f\u0438\u0441\u043a\u0430 \u0442\u0438\u043f \u043f\u043e\u0434\u0448\u0438\u043f\u043d\u0438\u043a\u0430&#187;][vc_row_inner][vc_column_inner width=&#187;1\/2&#8243;]\u0428\u0430\u0440\u0438\u043a\u043e\u0432\u044b\u0435 \u043f\u043e\u0434\u0448\u0438\u043f\u043d\u0438\u043a\u0438 [vc_empty_space height=&#187;15px&#187;] \u041e\u0434\u043d\u043e\u0440\u044f\u0434\u043d\u044b\u0435 \u0440\u0430\u0434\u0438\u0430\u043b\u044c\u043d\u044b\u0435 \u0448\u0430\u0440\u0438\u043a\u043e\u043f\u043e\u0434\u0448\u0438\u043f\u043d\u0438\u043a\u0438 \u041e\u0434\u043d\u043e\u0440\u044f\u0434\u043d\u044b\u0435 \u0440\u0430\u0434\u0438\u0430\u043b\u044c\u043d\u043e-\u0443\u043f\u043e\u0440\u043d\u044b\u0435 \u0448\u0430\u0440\u0438\u043a\u043e\u043f\u043e\u0434\u0448\u0438\u043f\u043d\u0438\u043a\u0438 \u041e\u0434\u043d\u043e\u0440\u044f\u0434\u043d\u044b\u0435 \u0440\u0430\u0434\u0438\u0430\u043b\u044c\u043d\u043e-\u0443\u043f\u043e\u0440\u043d\u044b\u0435 \u0448\u0430\u0440\u0438\u043a\u043e\u043f\u043e\u0434\u0448\u0438\u043f\u043d\u0438\u043a\u0438 \u0441 \u0447\u0435\u0442\u044b\u0440\u0435\u0445\u0442\u043e\u0447\u0435\u0447\u043d\u044b\u043c \u043a\u043e\u043d\u0442\u0430\u043a\u0442\u043e\u043c \u0414\u0432\u0443\u0445\u0440\u044f\u0434\u043d\u044b\u0435 \u0440\u0430\u0434\u0438\u0430\u043b\u044c\u043d\u043e-\u0443\u043f\u043e\u0440\u043d\u044b\u0435 \u0448\u0430\u0440\u0438\u043a\u043e\u043f\u043e\u0434\u0448\u0438\u043f\u043d\u0438\u043a\u0438 \u0414\u0432\u0443\u0445\u0440\u044f\u0434\u043d\u044b\u0435 \u0441\u0430\u043c\u043e\u0443\u0441\u0442\u0430\u043d\u0430\u0432\u043b\u0438\u0432\u0430\u044e\u0449\u0438\u0435\u0441\u044f \u0448\u0430\u0440\u0438\u043a\u043e\u043f\u043e\u0434\u0448\u0438\u043f\u043d\u0438\u043a\u0438 \u041e\u0434\u0438\u043d\u0430\u0440\u043d\u044b\u0435 \u0443\u043f\u043e\u0440\u043d\u044b\u0435 \u0448\u0430\u0440\u0438\u043a\u043e\u043f\u043e\u0434\u0448\u0438\u043f\u043d\u0438\u043a\u0438 \u0414\u0432\u043e\u0439\u043d\u044b\u0435 \u0443\u043f\u043e\u0440\u043d\u044b\u0435 \u0448\u0430\u0440\u0438\u043a\u043e\u043f\u043e\u0434\u0448\u0438\u043f\u043d\u0438\u043a\u0438 [vc_empty_space height=&#187;30px&#187;]\u0421\u0444\u0435\u0440\u0438\u0447\u0435\u0441\u043a\u0438\u0435 \u0440\u043e\u043b\u0438\u043a\u043e\u0432\u044b\u0435 \u043f\u043e\u0434\u0448\u0438\u043f\u043d\u0438\u043a\u0438 [vc_empty_space height=&#187;15px&#187;] \u041e\u0434\u043d\u043e\u0440\u044f\u0434\u043d\u044b\u0435 \u0446\u0438\u043b\u0438\u043d\u0434\u0440\u0438\u0447\u0435\u0441\u043a\u0438\u0435 \u0440\u043e\u043b\u0438\u043a\u043e\u043f\u043e\u0434\u0448\u0438\u043f\u043d\u0438\u043a\u0438 \u041e\u0434\u043d\u043e\u0440\u044f\u0434\u043d\u044b\u0435 \u0446\u0438\u043b\u0438\u043d\u0434\u0440\u0438\u0447\u0435\u0441\u043a\u0438\u0435 \u0440\u043e\u043b\u0438\u043a\u043e\u043f\u043e\u0434\u0448\u0438\u043f\u043d\u0438\u043a\u0438 \u0441 \u0448\u0438\u0440\u043e\u043a\u0438\u043c&hellip;<\/p>\n","protected":false},"author":1,"featured_media":0,"parent":806,"menu_order":8,"comment_status":"closed","ping_status":"closed","template":"template-microsite-8.php","meta":{"footnotes":""},"yoast_head":"<!-- This site is optimized with the Yoast SEO Premium plugin v18.3 (Yoast SEO v21.9.1) - https:\/\/yoast.com\/wordpress\/plugins\/seo\/ -->\n<title>\u0411\u0435\u0441\u0441\u0435\u043f\u0430\u0440\u0430\u0442\u043e\u0440\u043d\u044b\u0435 \u0446\u0438\u043b\u0438\u043d\u0434\u0440\u0438\u0447\u0435\u0441\u043a\u0438\u0435 \u0440\u043e\u043b\u0438\u043a\u043e\u043f\u043e\u0434\u0448\u0438\u043f\u043d\u0438\u043a\u0438 \u0442\u0438\u043fa NCF | ZVL SLOVAKIA a.s.<\/title>\n<meta name=\"robots\" content=\"index, follow, max-snippet:-1, max-image-preview:large, max-video-preview:-1\" \/>\n<link rel=\"canonical\" href=\"https:\/\/www.zvlbearing-catalog.sk\/ru\/katalog\/tab-8\/\" \/>\n<meta property=\"og:locale\" content=\"ru_RU\" \/>\n<meta property=\"og:type\" content=\"article\" \/>\n<meta property=\"og:title\" content=\"\u0411\u0435\u0441\u0441\u0435\u043f\u0430\u0440\u0430\u0442\u043e\u0440\u043d\u044b\u0435 \u0446\u0438\u043b\u0438\u043d\u0434\u0440\u0438\u0447\u0435\u0441\u043a\u0438\u0435 \u0440\u043e\u043b\u0438\u043a\u043e\u043f\u043e\u0434\u0448\u0438\u043f\u043d\u0438\u043a\u0438 \u0442\u0438\u043fa NCF\" \/>\n<meta property=\"og:url\" content=\"https:\/\/www.zvlbearing-catalog.sk\/ru\/katalog\/tab-8\/\" \/>\n<meta property=\"og:site_name\" content=\"ZVL SLOVAKIA a.s.\" \/>\n<meta property=\"article:publisher\" content=\"https:\/\/www.facebook.com\/zvlslovakia\/\" \/>\n<meta property=\"article:modified_time\" content=\"2016-08-01T16:15:08+00:00\" \/>\n<script type=\"application\/ld+json\" class=\"yoast-schema-graph\">{\"@context\":\"https:\/\/schema.org\",\"@graph\":[{\"@type\":\"WebPage\",\"@id\":\"https:\/\/www.zvlbearing-catalog.sk\/ru\/katalog\/tab-8\/\",\"url\":\"https:\/\/www.zvlbearing-catalog.sk\/ru\/katalog\/tab-8\/\",\"name\":\"\u0411\u0435\u0441\u0441\u0435\u043f\u0430\u0440\u0430\u0442\u043e\u0440\u043d\u044b\u0435 \u0446\u0438\u043b\u0438\u043d\u0434\u0440\u0438\u0447\u0435\u0441\u043a\u0438\u0435 \u0440\u043e\u043b\u0438\u043a\u043e\u043f\u043e\u0434\u0448\u0438\u043f\u043d\u0438\u043a\u0438 \u0442\u0438\u043fa NCF | ZVL SLOVAKIA a.s.\",\"isPartOf\":{\"@id\":\"http:\/\/www.zvlbearing-catalog.sk\/ru\/#website\"},\"datePublished\":\"2012-07-26T09:00:10+00:00\",\"dateModified\":\"2016-08-01T16:15:08+00:00\",\"breadcrumb\":{\"@id\":\"https:\/\/www.zvlbearing-catalog.sk\/ru\/katalog\/tab-8\/#breadcrumb\"},\"inLanguage\":\"ru-RU\",\"potentialAction\":[{\"@type\":\"ReadAction\",\"target\":[[\"https:\/\/www.zvlbearing-catalog.sk\/ru\/katalog\/tab-8\/\"]]}]},{\"@type\":\"BreadcrumbList\",\"@id\":\"https:\/\/www.zvlbearing-catalog.sk\/ru\/katalog\/tab-8\/#breadcrumb\",\"itemListElement\":[{\"@type\":\"ListItem\",\"position\":1,\"name\":\"Domovsk\u00e1 str\u00e1nka\",\"item\":\"http:\/\/www.zvlbearing-catalog.sk\/ru\/\"},{\"@type\":\"ListItem\",\"position\":2,\"name\":\"Interakt\u00edvny katal\u00f3g lo\u017e\u00edsk\",\"item\":\"https:\/\/www.zvlbearing-catalog.sk\/ru\/katalog\/\"},{\"@type\":\"ListItem\",\"position\":3,\"name\":\"Jednoradov\u00e9 val\u010dekov\u00e9 lo\u017eisk\u00e1 s pln\u00fdm po\u010dtom val\u010dekov typu NCF\"}]},{\"@type\":\"WebSite\",\"@id\":\"http:\/\/www.zvlbearing-catalog.sk\/ru\/#website\",\"url\":\"http:\/\/www.zvlbearing-catalog.sk\/ru\/\",\"name\":\"ZVL SLOVAKIA a.s.\",\"description\":\"V\u00fdroba lo\u017e\u00edsk, pr\u00edslu\u0161enstvo, predaj lo\u017e\u00edsk\",\"publisher\":{\"@id\":\"http:\/\/www.zvlbearing-catalog.sk\/ru\/#organization\"},\"potentialAction\":[{\"@type\":\"SearchAction\",\"target\":{\"@type\":\"EntryPoint\",\"urlTemplate\":\"http:\/\/www.zvlbearing-catalog.sk\/ru\/?s={search_term_string}\"},\"query-input\":\"required name=search_term_string\"}],\"inLanguage\":\"ru-RU\"},{\"@type\":\"Organization\",\"@id\":\"http:\/\/www.zvlbearing-catalog.sk\/ru\/#organization\",\"name\":\"ZVL SLOVAKIA a.s.\",\"url\":\"http:\/\/www.zvlbearing-catalog.sk\/ru\/\",\"logo\":{\"@type\":\"ImageObject\",\"inLanguage\":\"ru-RU\",\"@id\":\"http:\/\/www.zvlbearing-catalog.sk\/ru\/#\/schema\/logo\/image\/\",\"url\":\"https:\/\/www.zvlbearing-catalog.sk\/wp-content\/uploads\/zvl-icon-152.jpg\",\"contentUrl\":\"https:\/\/www.zvlbearing-catalog.sk\/wp-content\/uploads\/zvl-icon-152.jpg\",\"width\":145,\"height\":145,\"caption\":\"ZVL SLOVAKIA a.s.\"},\"image\":{\"@id\":\"http:\/\/www.zvlbearing-catalog.sk\/ru\/#\/schema\/logo\/image\/\"},\"sameAs\":[\"https:\/\/www.facebook.com\/zvlslovakia\/\"]}]}<\/script>\n<!-- \/ Yoast SEO Premium plugin. -->","yoast_head_json":{"title":"\u0411\u0435\u0441\u0441\u0435\u043f\u0430\u0440\u0430\u0442\u043e\u0440\u043d\u044b\u0435 \u0446\u0438\u043b\u0438\u043d\u0434\u0440\u0438\u0447\u0435\u0441\u043a\u0438\u0435 \u0440\u043e\u043b\u0438\u043a\u043e\u043f\u043e\u0434\u0448\u0438\u043f\u043d\u0438\u043a\u0438 \u0442\u0438\u043fa NCF | ZVL SLOVAKIA a.s.","robots":{"index":"index","follow":"follow","max-snippet":"max-snippet:-1","max-image-preview":"max-image-preview:large","max-video-preview":"max-video-preview:-1"},"canonical":"https:\/\/www.zvlbearing-catalog.sk\/ru\/katalog\/tab-8\/","og_locale":"ru_RU","og_type":"article","og_title":"\u0411\u0435\u0441\u0441\u0435\u043f\u0430\u0440\u0430\u0442\u043e\u0440\u043d\u044b\u0435 \u0446\u0438\u043b\u0438\u043d\u0434\u0440\u0438\u0447\u0435\u0441\u043a\u0438\u0435 \u0440\u043e\u043b\u0438\u043a\u043e\u043f\u043e\u0434\u0448\u0438\u043f\u043d\u0438\u043a\u0438 \u0442\u0438\u043fa NCF","og_url":"https:\/\/www.zvlbearing-catalog.sk\/ru\/katalog\/tab-8\/","og_site_name":"ZVL SLOVAKIA a.s.","article_publisher":"https:\/\/www.facebook.com\/zvlslovakia\/","article_modified_time":"2016-08-01T16:15:08+00:00","schema":{"@context":"https:\/\/schema.org","@graph":[{"@type":"WebPage","@id":"https:\/\/www.zvlbearing-catalog.sk\/ru\/katalog\/tab-8\/","url":"https:\/\/www.zvlbearing-catalog.sk\/ru\/katalog\/tab-8\/","name":"\u0411\u0435\u0441\u0441\u0435\u043f\u0430\u0440\u0430\u0442\u043e\u0440\u043d\u044b\u0435 \u0446\u0438\u043b\u0438\u043d\u0434\u0440\u0438\u0447\u0435\u0441\u043a\u0438\u0435 \u0440\u043e\u043b\u0438\u043a\u043e\u043f\u043e\u0434\u0448\u0438\u043f\u043d\u0438\u043a\u0438 \u0442\u0438\u043fa NCF | ZVL SLOVAKIA a.s.","isPartOf":{"@id":"http:\/\/www.zvlbearing-catalog.sk\/ru\/#website"},"datePublished":"2012-07-26T09:00:10+00:00","dateModified":"2016-08-01T16:15:08+00:00","breadcrumb":{"@id":"https:\/\/www.zvlbearing-catalog.sk\/ru\/katalog\/tab-8\/#breadcrumb"},"inLanguage":"ru-RU","potentialAction":[{"@type":"ReadAction","target":[["https:\/\/www.zvlbearing-catalog.sk\/ru\/katalog\/tab-8\/"]]}]},{"@type":"BreadcrumbList","@id":"https:\/\/www.zvlbearing-catalog.sk\/ru\/katalog\/tab-8\/#breadcrumb","itemListElement":[{"@type":"ListItem","position":1,"name":"Domovsk\u00e1 str\u00e1nka","item":"http:\/\/www.zvlbearing-catalog.sk\/ru\/"},{"@type":"ListItem","position":2,"name":"Interakt\u00edvny katal\u00f3g lo\u017e\u00edsk","item":"https:\/\/www.zvlbearing-catalog.sk\/ru\/katalog\/"},{"@type":"ListItem","position":3,"name":"Jednoradov\u00e9 val\u010dekov\u00e9 lo\u017eisk\u00e1 s pln\u00fdm po\u010dtom val\u010dekov typu NCF"}]},{"@type":"WebSite","@id":"http:\/\/www.zvlbearing-catalog.sk\/ru\/#website","url":"http:\/\/www.zvlbearing-catalog.sk\/ru\/","name":"ZVL SLOVAKIA a.s.","description":"V\u00fdroba lo\u017e\u00edsk, pr\u00edslu\u0161enstvo, predaj lo\u017e\u00edsk","publisher":{"@id":"http:\/\/www.zvlbearing-catalog.sk\/ru\/#organization"},"potentialAction":[{"@type":"SearchAction","target":{"@type":"EntryPoint","urlTemplate":"http:\/\/www.zvlbearing-catalog.sk\/ru\/?s={search_term_string}"},"query-input":"required name=search_term_string"}],"inLanguage":"ru-RU"},{"@type":"Organization","@id":"http:\/\/www.zvlbearing-catalog.sk\/ru\/#organization","name":"ZVL SLOVAKIA a.s.","url":"http:\/\/www.zvlbearing-catalog.sk\/ru\/","logo":{"@type":"ImageObject","inLanguage":"ru-RU","@id":"http:\/\/www.zvlbearing-catalog.sk\/ru\/#\/schema\/logo\/image\/","url":"https:\/\/www.zvlbearing-catalog.sk\/wp-content\/uploads\/zvl-icon-152.jpg","contentUrl":"https:\/\/www.zvlbearing-catalog.sk\/wp-content\/uploads\/zvl-icon-152.jpg","width":145,"height":145,"caption":"ZVL SLOVAKIA a.s."},"image":{"@id":"http:\/\/www.zvlbearing-catalog.sk\/ru\/#\/schema\/logo\/image\/"},"sameAs":["https:\/\/www.facebook.com\/zvlslovakia\/"]}]}},"_links":{"self":[{"href":"https:\/\/www.zvlbearing-catalog.sk\/ru\/wp-json\/wp\/v2\/pages\/2166"}],"collection":[{"href":"https:\/\/www.zvlbearing-catalog.sk\/ru\/wp-json\/wp\/v2\/pages"}],"about":[{"href":"https:\/\/www.zvlbearing-catalog.sk\/ru\/wp-json\/wp\/v2\/types\/page"}],"author":[{"embeddable":true,"href":"https:\/\/www.zvlbearing-catalog.sk\/ru\/wp-json\/wp\/v2\/users\/1"}],"replies":[{"embeddable":true,"href":"https:\/\/www.zvlbearing-catalog.sk\/ru\/wp-json\/wp\/v2\/comments?post=2166"}],"version-history":[{"count":0,"href":"https:\/\/www.zvlbearing-catalog.sk\/ru\/wp-json\/wp\/v2\/pages\/2166\/revisions"}],"up":[{"embeddable":true,"href":"https:\/\/www.zvlbearing-catalog.sk\/ru\/wp-json\/wp\/v2\/pages\/806"}],"wp:attachment":[{"href":"https:\/\/www.zvlbearing-catalog.sk\/ru\/wp-json\/wp\/v2\/media?parent=2166"}],"curies":[{"name":"wp","href":"https:\/\/api.w.org\/{rel}","templated":true}]}}