{"id":5825,"date":"2016-08-04T13:15:16","date_gmt":"2016-08-04T13:15:16","guid":{"rendered":"http:\/\/bearings.zvlslovakia.sk\/sk\/?page_id=5825"},"modified":"2018-05-09T16:19:08","modified_gmt":"2018-05-09T16:19:08","slug":"3d-models","status":"publish","type":"page","link":"https:\/\/www.zvlbearing-catalog.sk\/pl\/3d-models\/","title":{"rendered":"Modele 3D \u0142o\u017cysk"},"content":{"rendered":"<section class=\"wpb-content-wrapper\"><p>[vc_row][vc_column][vc_single_image image=&#8221;5993&#8243; img_size=&#8221;full&#8221; alignment=&#8221;center&#8221; style=&#8221;vc_box_shadow_border&#8221;][\/vc_column][\/vc_row][vc_row][vc_column][vc_empty_space height=&#8221;10px&#8221;][\/vc_column][\/vc_row][vc_row][vc_column][vc_column_text]<\/p>\n<div class=\"podmaz\">\n<h2 style=\"text-align: center;\">Pobierz modele 3D \u0142o\u017cysk w formacie STP (<a href=\"https:\/\/sourceforge.net\/projects\/sevenzip\/\" target=\"_blank\" rel=\"noopener\">ZIP<\/a>)<\/h2>\n<\/div>\n<p>[\/vc_column_text][\/vc_column][\/vc_row][vc_row][vc_column][vc_column_text]<\/p>\n<p style=\"text-align: center;\"><strong>Do przegl\u0105dania modeli 3D polecamy <a href=\"https:\/\/www.freecadweb.org\/wiki\/Download\" target=\"_blank\" rel=\"noopener\">FreeCad<\/a><\/strong> (Windows 32 bit \/ Windows 64 bit \/ Mac OS X \/ Linux)<\/p>\n<p style=\"text-align: center;\"><strong>Mo\u017cna u\u017cywa\u0107 w trybie online, wymagana <a href=\"https:\/\/a360.autodesk.com\/viewer\/\" target=\"_blank\" rel=\"noopener\">przegl\u0105darka<\/a> plik\u00f3w STP.<\/strong><\/p>\n<p>[\/vc_column_text][\/vc_column][\/vc_row]<\/p>\n<\/section>","protected":false},"excerpt":{"rendered":"<p>[vc_row][vc_column][vc_single_image image=&#8221;5993&#8243; img_size=&#8221;full&#8221; alignment=&#8221;center&#8221; style=&#8221;vc_box_shadow_border&#8221;][\/vc_column][\/vc_row][vc_row][vc_column][vc_empty_space height=&#8221;10px&#8221;][\/vc_column][\/vc_row][vc_row][vc_column][vc_column_text] Pobierz modele 3D \u0142o\u017cysk w formacie STP (ZIP) [\/vc_column_text][\/vc_column][\/vc_row][vc_row][vc_column][vc_column_text] Do przegl\u0105dania modeli 3D polecamy FreeCad (Windows 32 bit \/ Windows 64 bit \/ Mac OS X \/ Linux) Mo\u017cna u\u017cywa\u0107 w trybie online, wymagana przegl\u0105darka plik\u00f3w STP. [\/vc_column_text][\/vc_column][\/vc_row]<\/p>\n","protected":false},"author":1,"featured_media":0,"parent":0,"menu_order":1,"comment_status":"closed","ping_status":"closed","template":"template-microsite-3d.php","meta":{"footnotes":""},"yoast_head":"<!-- This site is optimized with the Yoast SEO Premium plugin v18.3 (Yoast SEO v21.9.1) - https:\/\/yoast.com\/wordpress\/plugins\/seo\/ -->\n<title>Modele 3D \u0142o\u017cysk | ZVL SLOVAKIA a.s.<\/title>\n<meta name=\"description\" content=\"Stiahnite si 3D modely lo\u017e\u00edsk vo form\u00e1te STP (ZIP) Na prehliadanie 3D modelov odpor\u00fa\u010dame FreeCad (Windows 32 bit \/ Windows 64 bit \/ Mac OS X \/ Linux)\" \/>\n<meta name=\"robots\" content=\"index, follow, max-snippet:-1, max-image-preview:large, max-video-preview:-1\" \/>\n<link rel=\"canonical\" href=\"https:\/\/www.zvlbearing-catalog.sk\/pl\/3d-models\/\" \/>\n<meta property=\"og:locale\" content=\"pl_PL\" \/>\n<meta property=\"og:type\" content=\"article\" \/>\n<meta property=\"og:title\" content=\"Modele 3D \u0142o\u017cysk\" \/>\n<meta property=\"og:description\" content=\"Stiahnite si 3D modely lo\u017e\u00edsk vo form\u00e1te STP (ZIP) Na prehliadanie 3D modelov odpor\u00fa\u010dame FreeCad (Windows 32 bit \/ Windows 64 bit \/ Mac OS X \/ Linux)\" \/>\n<meta property=\"og:url\" content=\"https:\/\/www.zvlbearing-catalog.sk\/pl\/3d-models\/\" \/>\n<meta property=\"og:site_name\" content=\"ZVL SLOVAKIA a.s.\" \/>\n<meta property=\"article:publisher\" content=\"https:\/\/www.facebook.com\/zvlslovakia\/\" \/>\n<meta property=\"article:modified_time\" content=\"2018-05-09T16:19:08+00:00\" \/>\n<meta name=\"twitter:label1\" content=\"Szacowany czas czytania\" \/>\n\t<meta name=\"twitter:data1\" content=\"3 minuty\" \/>\n<script type=\"application\/ld+json\" class=\"yoast-schema-graph\">{\"@context\":\"https:\/\/schema.org\",\"@graph\":[{\"@type\":\"WebPage\",\"@id\":\"https:\/\/www.zvlbearing-catalog.sk\/pl\/3d-models\/\",\"url\":\"https:\/\/www.zvlbearing-catalog.sk\/pl\/3d-models\/\",\"name\":\"Modele 3D \u0142o\u017cysk | ZVL SLOVAKIA a.s.\",\"isPartOf\":{\"@id\":\"http:\/\/www.zvlbearing-catalog.sk\/pl\/#website\"},\"datePublished\":\"2016-08-04T13:15:16+00:00\",\"dateModified\":\"2018-05-09T16:19:08+00:00\",\"description\":\"Stiahnite si 3D modely lo\u017e\u00edsk vo form\u00e1te STP (ZIP) Na prehliadanie 3D modelov odpor\u00fa\u010dame FreeCad (Windows 32 bit \/ Windows 64 bit \/ Mac OS X \/ Linux)\",\"breadcrumb\":{\"@id\":\"https:\/\/www.zvlbearing-catalog.sk\/pl\/3d-models\/#breadcrumb\"},\"inLanguage\":\"pl-PL\",\"potentialAction\":[{\"@type\":\"ReadAction\",\"target\":[[\"https:\/\/www.zvlbearing-catalog.sk\/pl\/3d-models\/\"]]}]},{\"@type\":\"BreadcrumbList\",\"@id\":\"https:\/\/www.zvlbearing-catalog.sk\/pl\/3d-models\/#breadcrumb\",\"itemListElement\":[{\"@type\":\"ListItem\",\"position\":1,\"name\":\"Domovsk\u00e1 str\u00e1nka\",\"item\":\"http:\/\/www.zvlbearing-catalog.sk\/pl\/\"},{\"@type\":\"ListItem\",\"position\":2,\"name\":\"3D modely lo\u017e\u00edsk\"}]},{\"@type\":\"WebSite\",\"@id\":\"http:\/\/www.zvlbearing-catalog.sk\/pl\/#website\",\"url\":\"http:\/\/www.zvlbearing-catalog.sk\/pl\/\",\"name\":\"ZVL SLOVAKIA a.s.\",\"description\":\"V\u00fdroba lo\u017e\u00edsk, pr\u00edslu\u0161enstvo, predaj lo\u017e\u00edsk\",\"publisher\":{\"@id\":\"http:\/\/www.zvlbearing-catalog.sk\/pl\/#organization\"},\"potentialAction\":[{\"@type\":\"SearchAction\",\"target\":{\"@type\":\"EntryPoint\",\"urlTemplate\":\"http:\/\/www.zvlbearing-catalog.sk\/pl\/?s={search_term_string}\"},\"query-input\":\"required name=search_term_string\"}],\"inLanguage\":\"pl-PL\"},{\"@type\":\"Organization\",\"@id\":\"http:\/\/www.zvlbearing-catalog.sk\/pl\/#organization\",\"name\":\"ZVL SLOVAKIA a.s.\",\"url\":\"http:\/\/www.zvlbearing-catalog.sk\/pl\/\",\"logo\":{\"@type\":\"ImageObject\",\"inLanguage\":\"pl-PL\",\"@id\":\"http:\/\/www.zvlbearing-catalog.sk\/pl\/#\/schema\/logo\/image\/\",\"url\":\"https:\/\/www.zvlbearing-catalog.sk\/wp-content\/uploads\/zvl-icon-152.jpg\",\"contentUrl\":\"https:\/\/www.zvlbearing-catalog.sk\/wp-content\/uploads\/zvl-icon-152.jpg\",\"width\":145,\"height\":145,\"caption\":\"ZVL SLOVAKIA a.s.\"},\"image\":{\"@id\":\"http:\/\/www.zvlbearing-catalog.sk\/pl\/#\/schema\/logo\/image\/\"},\"sameAs\":[\"https:\/\/www.facebook.com\/zvlslovakia\/\"]}]}<\/script>\n<!-- \/ Yoast SEO Premium plugin. -->","yoast_head_json":{"title":"Modele 3D \u0142o\u017cysk | ZVL SLOVAKIA a.s.","description":"Stiahnite si 3D modely lo\u017e\u00edsk vo form\u00e1te STP (ZIP) Na prehliadanie 3D modelov odpor\u00fa\u010dame FreeCad (Windows 32 bit \/ Windows 64 bit \/ Mac OS X \/ Linux)","robots":{"index":"index","follow":"follow","max-snippet":"max-snippet:-1","max-image-preview":"max-image-preview:large","max-video-preview":"max-video-preview:-1"},"canonical":"https:\/\/www.zvlbearing-catalog.sk\/pl\/3d-models\/","og_locale":"pl_PL","og_type":"article","og_title":"Modele 3D \u0142o\u017cysk","og_description":"Stiahnite si 3D modely lo\u017e\u00edsk vo form\u00e1te STP (ZIP) Na prehliadanie 3D modelov odpor\u00fa\u010dame FreeCad (Windows 32 bit \/ Windows 64 bit \/ Mac OS X \/ Linux)","og_url":"https:\/\/www.zvlbearing-catalog.sk\/pl\/3d-models\/","og_site_name":"ZVL SLOVAKIA a.s.","article_publisher":"https:\/\/www.facebook.com\/zvlslovakia\/","article_modified_time":"2018-05-09T16:19:08+00:00","twitter_misc":{"Szacowany czas czytania":"3 minuty"},"schema":{"@context":"https:\/\/schema.org","@graph":[{"@type":"WebPage","@id":"https:\/\/www.zvlbearing-catalog.sk\/pl\/3d-models\/","url":"https:\/\/www.zvlbearing-catalog.sk\/pl\/3d-models\/","name":"Modele 3D \u0142o\u017cysk | ZVL SLOVAKIA a.s.","isPartOf":{"@id":"http:\/\/www.zvlbearing-catalog.sk\/pl\/#website"},"datePublished":"2016-08-04T13:15:16+00:00","dateModified":"2018-05-09T16:19:08+00:00","description":"Stiahnite si 3D modely lo\u017e\u00edsk vo form\u00e1te STP (ZIP) Na prehliadanie 3D modelov odpor\u00fa\u010dame FreeCad (Windows 32 bit \/ Windows 64 bit \/ Mac OS X \/ Linux)","breadcrumb":{"@id":"https:\/\/www.zvlbearing-catalog.sk\/pl\/3d-models\/#breadcrumb"},"inLanguage":"pl-PL","potentialAction":[{"@type":"ReadAction","target":[["https:\/\/www.zvlbearing-catalog.sk\/pl\/3d-models\/"]]}]},{"@type":"BreadcrumbList","@id":"https:\/\/www.zvlbearing-catalog.sk\/pl\/3d-models\/#breadcrumb","itemListElement":[{"@type":"ListItem","position":1,"name":"Domovsk\u00e1 str\u00e1nka","item":"http:\/\/www.zvlbearing-catalog.sk\/pl\/"},{"@type":"ListItem","position":2,"name":"3D modely lo\u017e\u00edsk"}]},{"@type":"WebSite","@id":"http:\/\/www.zvlbearing-catalog.sk\/pl\/#website","url":"http:\/\/www.zvlbearing-catalog.sk\/pl\/","name":"ZVL SLOVAKIA a.s.","description":"V\u00fdroba lo\u017e\u00edsk, pr\u00edslu\u0161enstvo, predaj lo\u017e\u00edsk","publisher":{"@id":"http:\/\/www.zvlbearing-catalog.sk\/pl\/#organization"},"potentialAction":[{"@type":"SearchAction","target":{"@type":"EntryPoint","urlTemplate":"http:\/\/www.zvlbearing-catalog.sk\/pl\/?s={search_term_string}"},"query-input":"required name=search_term_string"}],"inLanguage":"pl-PL"},{"@type":"Organization","@id":"http:\/\/www.zvlbearing-catalog.sk\/pl\/#organization","name":"ZVL SLOVAKIA a.s.","url":"http:\/\/www.zvlbearing-catalog.sk\/pl\/","logo":{"@type":"ImageObject","inLanguage":"pl-PL","@id":"http:\/\/www.zvlbearing-catalog.sk\/pl\/#\/schema\/logo\/image\/","url":"https:\/\/www.zvlbearing-catalog.sk\/wp-content\/uploads\/zvl-icon-152.jpg","contentUrl":"https:\/\/www.zvlbearing-catalog.sk\/wp-content\/uploads\/zvl-icon-152.jpg","width":145,"height":145,"caption":"ZVL SLOVAKIA a.s."},"image":{"@id":"http:\/\/www.zvlbearing-catalog.sk\/pl\/#\/schema\/logo\/image\/"},"sameAs":["https:\/\/www.facebook.com\/zvlslovakia\/"]}]}},"_links":{"self":[{"href":"https:\/\/www.zvlbearing-catalog.sk\/pl\/wp-json\/wp\/v2\/pages\/5825"}],"collection":[{"href":"https:\/\/www.zvlbearing-catalog.sk\/pl\/wp-json\/wp\/v2\/pages"}],"about":[{"href":"https:\/\/www.zvlbearing-catalog.sk\/pl\/wp-json\/wp\/v2\/types\/page"}],"author":[{"embeddable":true,"href":"https:\/\/www.zvlbearing-catalog.sk\/pl\/wp-json\/wp\/v2\/users\/1"}],"replies":[{"embeddable":true,"href":"https:\/\/www.zvlbearing-catalog.sk\/pl\/wp-json\/wp\/v2\/comments?post=5825"}],"version-history":[{"count":0,"href":"https:\/\/www.zvlbearing-catalog.sk\/pl\/wp-json\/wp\/v2\/pages\/5825\/revisions"}],"wp:attachment":[{"href":"https:\/\/www.zvlbearing-catalog.sk\/pl\/wp-json\/wp\/v2\/media?parent=5825"}],"curies":[{"name":"wp","href":"https:\/\/api.w.org\/{rel}","templated":true}]}}