{"id":2158,"date":"2012-07-26T08:51:04","date_gmt":"2012-07-26T08:51:04","guid":{"rendered":"http:\/\/www.zvl.renad.sk\/?page_id=2158"},"modified":"2016-08-01T16:08:26","modified_gmt":"2016-08-01T16:08:26","slug":"tab-4","status":"publish","type":"page","link":"https:\/\/www.zvlbearing-catalog.sk\/pl\/katalog\/tab-4\/","title":{"rendered":"\u0141o\u017cyska sko\u015bne kulkowe dwurz\u0119dowe"},"content":{"rendered":"<section class=\"wpb-content-wrapper\"><p><section class=\"wpb-content-wrapper\"><p>[vc_row][vc_column][vc_accordion active_tab=&#8221;false&#8221; title_size=&#8221;h2&#8243; style=&#8221;2&#8243;][vc_accordion_tab title=&#8221;TYP \u0141O\u017bYSKA \u2192 wybierz z rozwijanego menu typ szukanego \u0142o\u017cyska&#8221;][vc_row_inner][vc_column_inner width=&#8221;1\/2&#8243;]<section class=\"shortcode-action-box table shortcode-action-bg block-style-widget\"><div class=\"text-big\"><h2>\u0141o\u017cyska kulkowe<\/h2>\n<\/div><\/section>[vc_empty_space height=&#8221;15px&#8221;]<div class=\"standard-arrow bullet-top\"><ul>\n<li><a href=\"\/pl\/katalog\/tab-1\/\">\u0141o\u017cyska kulkowe zwyk\u0142e jednorz\u0119dowe<\/a><\/li>\n<li><a href=\"\/pl\/katalog\/tab-2\/\">\u0141o\u017cyska sko\u015bne kulkowe jednorz\u0119dowe<\/a><\/li>\n<li><a href=\"\/pl\/katalog\/tab-3\/\">\u0141o\u017cyska kulkowe sko\u015bne jednorz\u0119dowe dwukierunkowe<\/a><\/li>\n<li><a href=\"\/pl\/katalog\/tab-4\/\">\u0141o\u017cyska sko\u015bne kulkowe dwurz\u0119dowe<\/a><\/li>\n<li><a href=\"\/pl\/katalog\/tab-5\/\">\u0141o\u017cyska kulkowe dwurz\u0119dowe wahliwe<\/a><\/li>\n<li><a href=\"\/pl\/katalog\/tab-12\/\">\u0141o\u017cyska kulkowe wzd\u0142u\u017cne jednokierunkowe<\/a><\/li>\n<li><a href=\"\/pl\/katalog\/tab-13\/\">\u0141o\u017cyska kulkowe wzd\u0142u\u017cne dwukierunkowe<\/a><\/li>\n<\/ul>\n<\/div>[vc_empty_space height=&#8221;30px&#8221;]<section class=\"shortcode-action-box table shortcode-action-bg block-style-widget\"><div class=\"text-big\"><h2>\u0141o\u017cyska wa\u0142eczkowe<\/h2>\n<\/div><\/section>[vc_empty_space height=&#8221;15px&#8221;]<div class=\"standard-arrow bullet-top\"><ul>\n<li><a href=\"\/pl\/katalog\/tab-6\/\">\u0141o\u017cyska wa\u0142eczkowe jednorz\u0119dowe<\/a><\/li>\n<li><a href=\"\/pl\/katalog\/tab-7\/\">\u0141o\u017cyska wa\u0142eczkowe jednorz\u0119dowe z szerszym pier\u015bcieniem zewn\u0119trznym<\/a><\/li>\n<li><a href=\"\/pl\/katalog\/tab-8\/\">\u0141o\u017cyska walcowe z pe\u0142n\u0105 ilo\u015bci\u0105 element\u00f3w tocznych, typ NCF<\/a><\/li>\n<li><a href=\"\/pl\/katalog\/tab-9\/\">\u0141o\u017cyska walcowe z pe\u0142n\u0105 ilo\u015bci\u0105 element\u00f3w tocznych, typ NNC, NNCL, NNCF<\/a><\/li>\n<li><a href=\"\/pl\/katalog\/tab-10\/\">\u0141o\u017cyska walcowe z pe\u0142n\u0105 ilo\u015bci\u0105 element\u00f3w tocznych, typ NNF<\/a><\/li>\n<li><a href=\"\/pl\/katalog\/tab-14\/\">\u0141o\u017cyska walcowe wzd\u0142u\u017cne<\/a><\/li>\n<\/ul>\n<\/div>[vc_empty_space height=&#8221;30px&#8221;]<section class=\"shortcode-action-box table shortcode-action-bg block-style-widget\"><div class=\"text-big\"><h2>\u0141o\u017cyska bary\u0142kowe<\/h2>\n<\/div><\/section>[vc_empty_space height=&#8221;15px&#8221;]<div class=\"standard-arrow bullet-top\"><ul>\n<li><a href=\"\/pl\/katalog\/tab-11\/\">\u0141o\u017cyska bary\u0142kowe dwurz\u0119dowe<\/a><\/li>\n<li><a href=\"\/pl\/katalog\/tab-15\/\">\u0141o\u017cyska bary\u0142kowe wzd\u0142u\u017cne<\/a><\/li>\n<\/ul>\n<\/div>[vc_empty_space height=&#8221;30px&#8221;]<section class=\"shortcode-action-box table shortcode-action-bg block-style-widget\"><div class=\"text-big\"><h2>\u0141o\u017cyska kulkowe samonastawne &#8211; zespo\u0142y opraw<\/h2>\n<\/div><\/section>[vc_empty_space height=&#8221;15px&#8221;]<div class=\"standard-arrow bullet-top\"><ul>\n<li><a href=\"\/pl\/katalog\/tab-20\/\">Oprawa ko\u0142nierzowa kwadratowa typu FG<\/a><\/li>\n<li><a href=\"\/pl\/katalog\/tab-21\/\">Oprawa stoj\u0105ca \u017celiwna typu SG<\/a><\/li>\n<li><a href=\"\/pl\/katalog\/tab-22\/\">Oval Flanged Cast Housing Unit &#8211; FM type<\/a><\/li>\n<\/ul>\n<\/div>[\/vc_column_inner][vc_column_inner width=&#8221;1\/2&#8243;]<section class=\"shortcode-action-box table shortcode-action-bg block-style-widget\"><div class=\"text-big\"><h2>Needle roller bearing<\/h2>\n<\/div><\/section>[vc_empty_space height=&#8221;15px&#8221;]<div class=\"standard-arrow bullet-top\"><ul>\n<li><a href=\"\/pl\/katalog\/ihl-1\/\">Needle cages \u2013 single row, double row<\/a><\/li>\n<li><a href=\"\/pl\/katalog\/ihl-2\/\">Needle roller bearings without inner ring<\/a><\/li>\n<li><a href=\"\/pl\/katalog\/ihl-3\/\">Needle roller bearings with inner ring<\/a><\/li>\n<li><a href=\"\/pl\/katalog\/ihl-4\/\">Alignment needle roller bearings without inner ring<\/a><\/li>\n<li><a href=\"\/pl\/katalog\/ihl-5\/\">Alignment needle roller bearings with inner ring<\/a><\/li>\n<li><a href=\"\/pl\/katalog\/ihl-6\/\">Needle roller bearings without flanges<\/a><\/li>\n<li><a href=\"\/pl\/katalog\/ihl-7\/\">Cage assemblies of type KZK<\/a><\/li>\n<li><a href=\"\/pl\/katalog\/ihl-8\/\">Cage assemblies of type KBK<\/a><\/li>\n<li><a href=\"\/pl\/katalog\/ihl-9\/\">Drawn cup needle roller bearings with open ends, closed ends, with cage<\/a><\/li>\n<li><a href=\"\/pl\/katalog\/ihl-10\/\">Drawn cup needle roller bearings with open ends, closed ends, sealed, with cage<\/a><\/li>\n<li><a href=\"\/pl\/katalog\/ihl-11\/\">Drawn cup needle roller bearings with open ends, closed ends<\/a><\/li>\n<li><a href=\"\/pl\/katalog\/ihl-12\/\">Axial cages with needles \/ Axial bearing rings<\/a><\/li>\n<li><a href=\"\/pl\/katalog\/ihl-13\/\">Support rollers type NUTR<\/a><\/li>\n<li><a href=\"\/pl\/katalog\/ihl-14\/\">Support rollers type NATR, NATV<\/a><\/li>\n<li><a href=\"\/pl\/katalog\/ihl-15\/\">Cam followers<\/a><\/li>\n<\/ul>\n<\/div>[vc_empty_space height=&#8221;30px&#8221;]<section class=\"shortcode-action-box table shortcode-action-bg block-style-widget\"><div class=\"text-big\"><h2>Inne \u0142o\u017cyska<\/h2>\n<\/div><\/section>[vc_empty_space height=&#8221;15px&#8221;]<div class=\"standard-arrow bullet-top\"><ul>\n<li><a href=\"\/pl\/katalog\/tab-16\/\">\u0141o\u017cyska kulkowe samonastawne<\/a><\/li>\n<li><a href=\"\/pl\/katalog\/tab-17\/\">\u0141o\u017cyska przegubowe<\/a><\/li>\n<li><a href=\"\/pl\/katalog\/tab-18\/\">\u0141o\u017cyska specjalne<\/a><\/li>\n<li><a href=\"\/pl\/katalog\/tab-19\/\">\u0141o\u017cyska specjalne sko\u015bne<\/a><\/li>\n<\/ul>\n<\/div>[vc_empty_space height=&#8221;30px&#8221;]<section class=\"shortcode-action-box table shortcode-action-bg block-style-widget\"><div class=\"text-big\"><h2>Akcesoria<\/h2>\n<\/div><\/section>[vc_empty_space height=&#8221;15px&#8221;]<div class=\"standard-arrow bullet-top\"><ul>\n<li><a href=\"\/pl\/katalog\/tab-23\/\">Tuleje wci\u0105gane<\/a><\/li>\n<li><a href=\"\/pl\/katalog\/tab-24\/\">Tuleje wciskane<\/a><\/li>\n<li><a href=\"\/pl\/katalog\/tab-25\/\">Nakr\u0119tki \u0142o\u017cyskowe<\/a><\/li>\n<li><a href=\"\/pl\/katalog\/tab-26\/\">Podk\u0142adki zabezpieczaj\u0105ce<\/a><\/li>\n<li><a href=\"\/pl\/katalog\/tab-27\/\">Podk\u0142adki z\u0119bate<\/a><\/li>\n<\/ul>\n<\/div>[\/vc_column_inner][\/vc_row_inner][\/vc_accordion_tab][\/vc_accordion][\/vc_column][\/vc_row]<\/p>\n<\/section><br \/>\n<img loading=\"lazy\" decoding=\"async\" src=\"\/wp-content\/uploads\/tab-4.png\" alt=\"\u0141o\u017cyska sko\u015bne kulkowe dwurz\u0119dowe\" width=\"1055\" height=\"193\" class=\"aligncenter size-full wp-image-5773\" srcset=\"https:\/\/www.zvlbearing-catalog.sk\/wp-content\/uploads\/tab-4.png 1055w, https:\/\/www.zvlbearing-catalog.sk\/wp-content\/uploads\/tab-4-150x27.png 150w, https:\/\/www.zvlbearing-catalog.sk\/wp-content\/uploads\/tab-4-350x64.png 350w, https:\/\/www.zvlbearing-catalog.sk\/wp-content\/uploads\/tab-4-768x140.png 768w, https:\/\/www.zvlbearing-catalog.sk\/wp-content\/uploads\/tab-4-1024x187.png 1024w\" sizes=\"(max-width: 1055px) 100vw, 1055px\" \/><\/p>\n<\/section>","protected":false},"excerpt":{"rendered":"<p>[vc_row][vc_column][vc_accordion active_tab=&#8221;false&#8221; title_size=&#8221;h2&#8243; style=&#8221;2&#8243;][vc_accordion_tab title=&#8221;TYP \u0141O\u017bYSKA \u2192 wybierz z rozwijanego menu typ szukanego \u0142o\u017cyska&#8221;][vc_row_inner][vc_column_inner width=&#8221;1\/2&#8243;]\u0141o\u017cyska kulkowe [vc_empty_space height=&#8221;15px&#8221;] \u0141o\u017cyska kulkowe zwyk\u0142e jednorz\u0119dowe \u0141o\u017cyska sko\u015bne kulkowe jednorz\u0119dowe \u0141o\u017cyska kulkowe sko\u015bne jednorz\u0119dowe dwukierunkowe \u0141o\u017cyska sko\u015bne kulkowe dwurz\u0119dowe \u0141o\u017cyska kulkowe dwurz\u0119dowe wahliwe \u0141o\u017cyska kulkowe wzd\u0142u\u017cne jednokierunkowe \u0141o\u017cyska kulkowe wzd\u0142u\u017cne dwukierunkowe [vc_empty_space height=&#8221;30px&#8221;]\u0141o\u017cyska wa\u0142eczkowe [vc_empty_space height=&#8221;15px&#8221;] \u0141o\u017cyska wa\u0142eczkowe jednorz\u0119dowe&hellip;<\/p>\n","protected":false},"author":1,"featured_media":0,"parent":806,"menu_order":4,"comment_status":"closed","ping_status":"closed","template":"template-microsite-4.php","meta":{"footnotes":""},"yoast_head":"<!-- This site is optimized with the Yoast SEO Premium plugin v18.3 (Yoast SEO v21.9.1) - https:\/\/yoast.com\/wordpress\/plugins\/seo\/ -->\n<title>\u0141o\u017cyska sko\u015bne kulkowe dwurz\u0119dowe | ZVL SLOVAKIA a.s.<\/title>\n<meta name=\"robots\" content=\"index, follow, max-snippet:-1, max-image-preview:large, max-video-preview:-1\" \/>\n<link rel=\"canonical\" href=\"https:\/\/www.zvlbearing-catalog.sk\/pl\/katalog\/tab-4\/\" \/>\n<meta property=\"og:locale\" content=\"pl_PL\" \/>\n<meta property=\"og:type\" content=\"article\" \/>\n<meta property=\"og:title\" content=\"\u0141o\u017cyska sko\u015bne kulkowe dwurz\u0119dowe\" \/>\n<meta property=\"og:url\" content=\"https:\/\/www.zvlbearing-catalog.sk\/pl\/katalog\/tab-4\/\" \/>\n<meta property=\"og:site_name\" content=\"ZVL SLOVAKIA a.s.\" \/>\n<meta property=\"article:publisher\" content=\"https:\/\/www.facebook.com\/zvlslovakia\/\" \/>\n<meta property=\"article:modified_time\" content=\"2016-08-01T16:08:26+00:00\" \/>\n<script type=\"application\/ld+json\" class=\"yoast-schema-graph\">{\"@context\":\"https:\/\/schema.org\",\"@graph\":[{\"@type\":\"WebPage\",\"@id\":\"https:\/\/www.zvlbearing-catalog.sk\/pl\/katalog\/tab-4\/\",\"url\":\"https:\/\/www.zvlbearing-catalog.sk\/pl\/katalog\/tab-4\/\",\"name\":\"\u0141o\u017cyska sko\u015bne kulkowe dwurz\u0119dowe | ZVL SLOVAKIA a.s.\",\"isPartOf\":{\"@id\":\"http:\/\/www.zvlbearing-catalog.sk\/pl\/#website\"},\"datePublished\":\"2012-07-26T08:51:04+00:00\",\"dateModified\":\"2016-08-01T16:08:26+00:00\",\"breadcrumb\":{\"@id\":\"https:\/\/www.zvlbearing-catalog.sk\/pl\/katalog\/tab-4\/#breadcrumb\"},\"inLanguage\":\"pl-PL\",\"potentialAction\":[{\"@type\":\"ReadAction\",\"target\":[[\"https:\/\/www.zvlbearing-catalog.sk\/pl\/katalog\/tab-4\/\"]]}]},{\"@type\":\"BreadcrumbList\",\"@id\":\"https:\/\/www.zvlbearing-catalog.sk\/pl\/katalog\/tab-4\/#breadcrumb\",\"itemListElement\":[{\"@type\":\"ListItem\",\"position\":1,\"name\":\"Domovsk\u00e1 str\u00e1nka\",\"item\":\"http:\/\/www.zvlbearing-catalog.sk\/pl\/\"},{\"@type\":\"ListItem\",\"position\":2,\"name\":\"Interakt\u00edvny katal\u00f3g lo\u017e\u00edsk\",\"item\":\"https:\/\/www.zvlbearing-catalog.sk\/pl\/katalog\/\"},{\"@type\":\"ListItem\",\"position\":3,\"name\":\"Dvojradov\u00e9 gu\u013ekov\u00e9 lo\u017eisk\u00e1 s kosouhl\u00fdm stykom\"}]},{\"@type\":\"WebSite\",\"@id\":\"http:\/\/www.zvlbearing-catalog.sk\/pl\/#website\",\"url\":\"http:\/\/www.zvlbearing-catalog.sk\/pl\/\",\"name\":\"ZVL SLOVAKIA a.s.\",\"description\":\"V\u00fdroba lo\u017e\u00edsk, pr\u00edslu\u0161enstvo, predaj lo\u017e\u00edsk\",\"publisher\":{\"@id\":\"http:\/\/www.zvlbearing-catalog.sk\/pl\/#organization\"},\"potentialAction\":[{\"@type\":\"SearchAction\",\"target\":{\"@type\":\"EntryPoint\",\"urlTemplate\":\"http:\/\/www.zvlbearing-catalog.sk\/pl\/?s={search_term_string}\"},\"query-input\":\"required name=search_term_string\"}],\"inLanguage\":\"pl-PL\"},{\"@type\":\"Organization\",\"@id\":\"http:\/\/www.zvlbearing-catalog.sk\/pl\/#organization\",\"name\":\"ZVL SLOVAKIA a.s.\",\"url\":\"http:\/\/www.zvlbearing-catalog.sk\/pl\/\",\"logo\":{\"@type\":\"ImageObject\",\"inLanguage\":\"pl-PL\",\"@id\":\"http:\/\/www.zvlbearing-catalog.sk\/pl\/#\/schema\/logo\/image\/\",\"url\":\"https:\/\/www.zvlbearing-catalog.sk\/wp-content\/uploads\/zvl-icon-152.jpg\",\"contentUrl\":\"https:\/\/www.zvlbearing-catalog.sk\/wp-content\/uploads\/zvl-icon-152.jpg\",\"width\":145,\"height\":145,\"caption\":\"ZVL SLOVAKIA a.s.\"},\"image\":{\"@id\":\"http:\/\/www.zvlbearing-catalog.sk\/pl\/#\/schema\/logo\/image\/\"},\"sameAs\":[\"https:\/\/www.facebook.com\/zvlslovakia\/\"]}]}<\/script>\n<!-- \/ Yoast SEO Premium plugin. -->","yoast_head_json":{"title":"\u0141o\u017cyska sko\u015bne kulkowe dwurz\u0119dowe | ZVL SLOVAKIA a.s.","robots":{"index":"index","follow":"follow","max-snippet":"max-snippet:-1","max-image-preview":"max-image-preview:large","max-video-preview":"max-video-preview:-1"},"canonical":"https:\/\/www.zvlbearing-catalog.sk\/pl\/katalog\/tab-4\/","og_locale":"pl_PL","og_type":"article","og_title":"\u0141o\u017cyska sko\u015bne kulkowe dwurz\u0119dowe","og_url":"https:\/\/www.zvlbearing-catalog.sk\/pl\/katalog\/tab-4\/","og_site_name":"ZVL SLOVAKIA a.s.","article_publisher":"https:\/\/www.facebook.com\/zvlslovakia\/","article_modified_time":"2016-08-01T16:08:26+00:00","schema":{"@context":"https:\/\/schema.org","@graph":[{"@type":"WebPage","@id":"https:\/\/www.zvlbearing-catalog.sk\/pl\/katalog\/tab-4\/","url":"https:\/\/www.zvlbearing-catalog.sk\/pl\/katalog\/tab-4\/","name":"\u0141o\u017cyska sko\u015bne kulkowe dwurz\u0119dowe | ZVL SLOVAKIA a.s.","isPartOf":{"@id":"http:\/\/www.zvlbearing-catalog.sk\/pl\/#website"},"datePublished":"2012-07-26T08:51:04+00:00","dateModified":"2016-08-01T16:08:26+00:00","breadcrumb":{"@id":"https:\/\/www.zvlbearing-catalog.sk\/pl\/katalog\/tab-4\/#breadcrumb"},"inLanguage":"pl-PL","potentialAction":[{"@type":"ReadAction","target":[["https:\/\/www.zvlbearing-catalog.sk\/pl\/katalog\/tab-4\/"]]}]},{"@type":"BreadcrumbList","@id":"https:\/\/www.zvlbearing-catalog.sk\/pl\/katalog\/tab-4\/#breadcrumb","itemListElement":[{"@type":"ListItem","position":1,"name":"Domovsk\u00e1 str\u00e1nka","item":"http:\/\/www.zvlbearing-catalog.sk\/pl\/"},{"@type":"ListItem","position":2,"name":"Interakt\u00edvny katal\u00f3g lo\u017e\u00edsk","item":"https:\/\/www.zvlbearing-catalog.sk\/pl\/katalog\/"},{"@type":"ListItem","position":3,"name":"Dvojradov\u00e9 gu\u013ekov\u00e9 lo\u017eisk\u00e1 s kosouhl\u00fdm stykom"}]},{"@type":"WebSite","@id":"http:\/\/www.zvlbearing-catalog.sk\/pl\/#website","url":"http:\/\/www.zvlbearing-catalog.sk\/pl\/","name":"ZVL SLOVAKIA a.s.","description":"V\u00fdroba lo\u017e\u00edsk, pr\u00edslu\u0161enstvo, predaj lo\u017e\u00edsk","publisher":{"@id":"http:\/\/www.zvlbearing-catalog.sk\/pl\/#organization"},"potentialAction":[{"@type":"SearchAction","target":{"@type":"EntryPoint","urlTemplate":"http:\/\/www.zvlbearing-catalog.sk\/pl\/?s={search_term_string}"},"query-input":"required name=search_term_string"}],"inLanguage":"pl-PL"},{"@type":"Organization","@id":"http:\/\/www.zvlbearing-catalog.sk\/pl\/#organization","name":"ZVL SLOVAKIA a.s.","url":"http:\/\/www.zvlbearing-catalog.sk\/pl\/","logo":{"@type":"ImageObject","inLanguage":"pl-PL","@id":"http:\/\/www.zvlbearing-catalog.sk\/pl\/#\/schema\/logo\/image\/","url":"https:\/\/www.zvlbearing-catalog.sk\/wp-content\/uploads\/zvl-icon-152.jpg","contentUrl":"https:\/\/www.zvlbearing-catalog.sk\/wp-content\/uploads\/zvl-icon-152.jpg","width":145,"height":145,"caption":"ZVL SLOVAKIA a.s."},"image":{"@id":"http:\/\/www.zvlbearing-catalog.sk\/pl\/#\/schema\/logo\/image\/"},"sameAs":["https:\/\/www.facebook.com\/zvlslovakia\/"]}]}},"_links":{"self":[{"href":"https:\/\/www.zvlbearing-catalog.sk\/pl\/wp-json\/wp\/v2\/pages\/2158"}],"collection":[{"href":"https:\/\/www.zvlbearing-catalog.sk\/pl\/wp-json\/wp\/v2\/pages"}],"about":[{"href":"https:\/\/www.zvlbearing-catalog.sk\/pl\/wp-json\/wp\/v2\/types\/page"}],"author":[{"embeddable":true,"href":"https:\/\/www.zvlbearing-catalog.sk\/pl\/wp-json\/wp\/v2\/users\/1"}],"replies":[{"embeddable":true,"href":"https:\/\/www.zvlbearing-catalog.sk\/pl\/wp-json\/wp\/v2\/comments?post=2158"}],"version-history":[{"count":0,"href":"https:\/\/www.zvlbearing-catalog.sk\/pl\/wp-json\/wp\/v2\/pages\/2158\/revisions"}],"up":[{"embeddable":true,"href":"https:\/\/www.zvlbearing-catalog.sk\/pl\/wp-json\/wp\/v2\/pages\/806"}],"wp:attachment":[{"href":"https:\/\/www.zvlbearing-catalog.sk\/pl\/wp-json\/wp\/v2\/media?parent=2158"}],"curies":[{"name":"wp","href":"https:\/\/api.w.org\/{rel}","templated":true}]}}