{"id":5468,"date":"2014-05-30T12:56:06","date_gmt":"2014-05-30T12:56:06","guid":{"rendered":"http:\/\/www.catalog.zvlslovakia.sk\/?page_id=5468"},"modified":"2023-04-10T15:26:58","modified_gmt":"2023-04-10T15:26:58","slug":"uvod","status":"publish","type":"page","link":"https:\/\/www.zvlbearing-catalog.sk\/fr\/","title":{"rendered":"Accueil"},"content":{"rendered":"<section class=\"wpb-content-wrapper\"><p>[vc_row][vc_column width=\u00a0\u00bb1\/2&Prime;]<div class=\"text-centered\"><a href=\"\/fr\/katalog\/\" class=\"btn-shortcode dt-btn-l dt-btn default-btn-color default-btn-hover-color default-btn-bg-color default-btn-bg-hover-color\" id=\"dt-btn-11\"><span>Le catalogue interactif des roulements<\/span><\/a><\/div>[vc_empty_space height=\u00a0\u00bb15px\u00a0\u00bb][vc_single_image image=\u00a0\u00bb5813&Prime; img_size=\u00a0\u00bbfull\u00a0\u00bb alignment=\u00a0\u00bbcenter\u00a0\u00bb style=\u00a0\u00bbvc_box_outline\u00a0\u00bb border_color=\u00a0\u00bbblue\u00a0\u00bb onclick=\u00a0\u00bbcustom_link\u00a0\u00bb css_animation=\u00a0\u00bbfadeIn\u00a0\u00bb image_hovers=\u00a0\u00bbfalse\u00a0\u00bb link=\u00a0\u00bb\/fr\/katalog\/\u00a0\u00bb][\/vc_column][vc_column width=\u00a0\u00bb1\/2&Prime;]<div class=\"text-centered\"><a href=\"\/3d-models\" class=\"btn-shortcode dt-btn-l dt-btn default-btn-color default-btn-hover-color default-btn-bg-color default-btn-bg-hover-color\" id=\"dt-btn-12\"><span>Mod\u00e8les 3D de roulements<\/span><\/a><\/div>[vc_empty_space height=\u00a0\u00bb15px\u00a0\u00bb][vc_single_image image=\u00a0\u00bb5817&Prime; img_size=\u00a0\u00bbfull\u00a0\u00bb alignment=\u00a0\u00bbcenter\u00a0\u00bb style=\u00a0\u00bbvc_box_outline\u00a0\u00bb border_color=\u00a0\u00bbblue\u00a0\u00bb onclick=\u00a0\u00bbcustom_link\u00a0\u00bb css_animation=\u00a0\u00bbfadeIn\u00a0\u00bb image_hovers=\u00a0\u00bbfalse\u00a0\u00bb link=\u00a0\u00bb\/3d-models\u00a0\u00bb][\/vc_column][\/vc_row][vc_row][vc_column][vc_column_text]<\/p>\n<p style=\"text-align: center;\"><a href=\"\/en\"><img loading=\"lazy\" decoding=\"async\" src=\"https:\/\/www.zvlbearing-catalog.sk\/wp-content\/uploads\/united-kingdom.png\" alt=\"United Kingdom\" width=\"45\" height=\"45\" \/><\/a>\u00a0<a href=\"\/pl\"><img loading=\"lazy\" decoding=\"async\" src=\"https:\/\/www.zvlbearing-catalog.sk\/wp-content\/uploads\/poland.png\" alt=\"Poland\" width=\"45\" height=\"45\" \/><\/a>\u00a0<a href=\"\/de\"><img loading=\"lazy\" decoding=\"async\" src=\"https:\/\/www.zvlbearing-catalog.sk\/wp-content\/uploads\/germany.png\" alt=\"Germany\" width=\"45\" height=\"45\" \/><\/a>\u00a0<a href=\"\/es\"><img loading=\"lazy\" decoding=\"async\" src=\"https:\/\/www.zvlbearing-catalog.sk\/wp-content\/uploads\/spain.png\" alt=\"Spain\" width=\"45\" height=\"45\" \/><\/a>\u00a0<a href=\"\/fr\"><img loading=\"lazy\" decoding=\"async\" src=\"https:\/\/www.zvlbearing-catalog.sk\/wp-content\/uploads\/france.png\" alt=\"France\" width=\"45\" height=\"45\" \/><\/a>\u00a0<a href=\"\/ru\"><img loading=\"lazy\" decoding=\"async\" src=\"https:\/\/www.zvlbearing-catalog.sk\/wp-content\/uploads\/russia.png\" alt=\"Russia\" width=\"45\" height=\"45\" \/><\/a>\u00a0<a href=\"\/sk\"><img loading=\"lazy\" decoding=\"async\" src=\"https:\/\/www.zvlbearing-catalog.sk\/wp-content\/uploads\/slovakia.png\" alt=\"Slovakia\" width=\"45\" height=\"45\" \/><\/a><\/p>\n<p>[\/vc_column_text][\/vc_column][\/vc_row]<\/p>\n<\/section>","protected":false},"excerpt":{"rendered":"<p>[vc_row][vc_column width=\u00a0\u00bb1\/2&Prime;][vc_empty_space height=\u00a0\u00bb15px\u00a0\u00bb][vc_single_image image=\u00a0\u00bb5813&Prime; img_size=\u00a0\u00bbfull\u00a0\u00bb alignment=\u00a0\u00bbcenter\u00a0\u00bb style=\u00a0\u00bbvc_box_outline\u00a0\u00bb border_color=\u00a0\u00bbblue\u00a0\u00bb onclick=\u00a0\u00bbcustom_link\u00a0\u00bb css_animation=\u00a0\u00bbfadeIn\u00a0\u00bb image_hovers=\u00a0\u00bbfalse\u00a0\u00bb link=\u00a0\u00bb\/fr\/katalog\/\u00a0\u00bb][\/vc_column][vc_column width=\u00a0\u00bb1\/2&Prime;][vc_empty_space height=\u00a0\u00bb15px\u00a0\u00bb][vc_single_image image=\u00a0\u00bb5817&Prime; img_size=\u00a0\u00bbfull\u00a0\u00bb alignment=\u00a0\u00bbcenter\u00a0\u00bb style=\u00a0\u00bbvc_box_outline\u00a0\u00bb border_color=\u00a0\u00bbblue\u00a0\u00bb onclick=\u00a0\u00bbcustom_link\u00a0\u00bb css_animation=\u00a0\u00bbfadeIn\u00a0\u00bb image_hovers=\u00a0\u00bbfalse\u00a0\u00bb link=\u00a0\u00bb\/3d-models\u00a0\u00bb][\/vc_column][\/vc_row][vc_row][vc_column][vc_column_text] \u00a0\u00a0\u00a0\u00a0\u00a0\u00a0 [\/vc_column_text][\/vc_column][\/vc_row]<\/p>\n","protected":false},"author":1,"featured_media":0,"parent":0,"menu_order":0,"comment_status":"closed","ping_status":"closed","template":"","meta":{"footnotes":""},"yoast_head":"<!-- This site is optimized with the Yoast SEO Premium plugin v18.3 (Yoast SEO v21.9.1) - https:\/\/yoast.com\/wordpress\/plugins\/seo\/ -->\n<title>ZVL SLOVAKIA a.s. | Online catalogue des roulements | Mod\u00e8les 3D<\/title>\n<meta name=\"description\" content=\"ZVL SLOVAKIA a.s. | Online catalogue des roulements | Mod\u00e8les 3D\" \/>\n<meta name=\"robots\" content=\"index, follow, max-snippet:-1, max-image-preview:large, max-video-preview:-1\" \/>\n<link rel=\"canonical\" href=\"http:\/\/www.zvlbearing-catalog.sk\/fr\/\" \/>\n<meta property=\"og:locale\" content=\"fr_FR\" \/>\n<meta property=\"og:type\" content=\"article\" \/>\n<meta property=\"og:title\" content=\"Accueil\" \/>\n<meta property=\"og:description\" content=\"ZVL SLOVAKIA a.s. | Online catalogue des roulements | Mod\u00e8les 3D\" \/>\n<meta property=\"og:url\" content=\"http:\/\/www.zvlbearing-catalog.sk\/fr\/\" \/>\n<meta property=\"og:site_name\" content=\"ZVL SLOVAKIA a.s.\" \/>\n<meta property=\"article:publisher\" content=\"https:\/\/www.facebook.com\/zvlslovakia\/\" \/>\n<meta property=\"article:modified_time\" content=\"2023-04-10T15:26:58+00:00\" \/>\n<meta property=\"og:image\" content=\"https:\/\/www.zvlbearing-catalog.sk\/wp-content\/uploads\/united-kingdom.png\" \/>\n<meta name=\"twitter:label1\" content=\"Dur\u00e9e de lecture estim\u00e9e\" \/>\n\t<meta name=\"twitter:data1\" content=\"2 minutes\" \/>\n<script type=\"application\/ld+json\" class=\"yoast-schema-graph\">{\"@context\":\"https:\/\/schema.org\",\"@graph\":[{\"@type\":\"WebPage\",\"@id\":\"http:\/\/www.zvlbearing-catalog.sk\/fr\/\",\"url\":\"http:\/\/www.zvlbearing-catalog.sk\/fr\/\",\"name\":\"ZVL SLOVAKIA a.s. | Online catalogue des roulements | Mod\u00e8les 3D\",\"isPartOf\":{\"@id\":\"http:\/\/www.zvlbearing-catalog.sk\/fr\/#website\"},\"datePublished\":\"2014-05-30T12:56:06+00:00\",\"dateModified\":\"2023-04-10T15:26:58+00:00\",\"description\":\"ZVL SLOVAKIA a.s. | Online catalogue des roulements | Mod\u00e8les 3D\",\"breadcrumb\":{\"@id\":\"http:\/\/www.zvlbearing-catalog.sk\/fr\/#breadcrumb\"},\"inLanguage\":\"fr-FR\",\"potentialAction\":[{\"@type\":\"ReadAction\",\"target\":[[\"http:\/\/www.zvlbearing-catalog.sk\/fr\/\"]]}]},{\"@type\":\"BreadcrumbList\",\"@id\":\"http:\/\/www.zvlbearing-catalog.sk\/fr\/#breadcrumb\",\"itemListElement\":[{\"@type\":\"ListItem\",\"position\":1,\"name\":\"Domovsk\u00e1 str\u00e1nka\",\"item\":\"http:\/\/www.zvlbearing-catalog.sk\/fr\/\"},{\"@type\":\"ListItem\",\"position\":2,\"name\":\"\u00davod\"}]},{\"@type\":\"WebSite\",\"@id\":\"http:\/\/www.zvlbearing-catalog.sk\/fr\/#website\",\"url\":\"http:\/\/www.zvlbearing-catalog.sk\/fr\/\",\"name\":\"ZVL SLOVAKIA a.s.\",\"description\":\"V\u00fdroba lo\u017e\u00edsk, pr\u00edslu\u0161enstvo, predaj lo\u017e\u00edsk\",\"publisher\":{\"@id\":\"http:\/\/www.zvlbearing-catalog.sk\/fr\/#organization\"},\"potentialAction\":[{\"@type\":\"SearchAction\",\"target\":{\"@type\":\"EntryPoint\",\"urlTemplate\":\"http:\/\/www.zvlbearing-catalog.sk\/fr\/?s={search_term_string}\"},\"query-input\":\"required name=search_term_string\"}],\"inLanguage\":\"fr-FR\"},{\"@type\":\"Organization\",\"@id\":\"http:\/\/www.zvlbearing-catalog.sk\/fr\/#organization\",\"name\":\"ZVL SLOVAKIA a.s.\",\"url\":\"http:\/\/www.zvlbearing-catalog.sk\/fr\/\",\"logo\":{\"@type\":\"ImageObject\",\"inLanguage\":\"fr-FR\",\"@id\":\"http:\/\/www.zvlbearing-catalog.sk\/fr\/#\/schema\/logo\/image\/\",\"url\":\"https:\/\/www.zvlbearing-catalog.sk\/wp-content\/uploads\/zvl-icon-152.jpg\",\"contentUrl\":\"https:\/\/www.zvlbearing-catalog.sk\/wp-content\/uploads\/zvl-icon-152.jpg\",\"width\":145,\"height\":145,\"caption\":\"ZVL SLOVAKIA a.s.\"},\"image\":{\"@id\":\"http:\/\/www.zvlbearing-catalog.sk\/fr\/#\/schema\/logo\/image\/\"},\"sameAs\":[\"https:\/\/www.facebook.com\/zvlslovakia\/\"]}]}<\/script>\n<!-- \/ Yoast SEO Premium plugin. -->","yoast_head_json":{"title":"ZVL SLOVAKIA a.s. | Online catalogue des roulements | Mod\u00e8les 3D","description":"ZVL SLOVAKIA a.s. | Online catalogue des roulements | Mod\u00e8les 3D","robots":{"index":"index","follow":"follow","max-snippet":"max-snippet:-1","max-image-preview":"max-image-preview:large","max-video-preview":"max-video-preview:-1"},"canonical":"http:\/\/www.zvlbearing-catalog.sk\/fr\/","og_locale":"fr_FR","og_type":"article","og_title":"Accueil","og_description":"ZVL SLOVAKIA a.s. | Online catalogue des roulements | Mod\u00e8les 3D","og_url":"http:\/\/www.zvlbearing-catalog.sk\/fr\/","og_site_name":"ZVL SLOVAKIA a.s.","article_publisher":"https:\/\/www.facebook.com\/zvlslovakia\/","article_modified_time":"2023-04-10T15:26:58+00:00","og_image":[{"url":"https:\/\/www.zvlbearing-catalog.sk\/wp-content\/uploads\/united-kingdom.png"}],"twitter_misc":{"Dur\u00e9e de lecture estim\u00e9e":"2 minutes"},"schema":{"@context":"https:\/\/schema.org","@graph":[{"@type":"WebPage","@id":"http:\/\/www.zvlbearing-catalog.sk\/fr\/","url":"http:\/\/www.zvlbearing-catalog.sk\/fr\/","name":"ZVL SLOVAKIA a.s. | Online catalogue des roulements | Mod\u00e8les 3D","isPartOf":{"@id":"http:\/\/www.zvlbearing-catalog.sk\/fr\/#website"},"datePublished":"2014-05-30T12:56:06+00:00","dateModified":"2023-04-10T15:26:58+00:00","description":"ZVL SLOVAKIA a.s. | Online catalogue des roulements | Mod\u00e8les 3D","breadcrumb":{"@id":"http:\/\/www.zvlbearing-catalog.sk\/fr\/#breadcrumb"},"inLanguage":"fr-FR","potentialAction":[{"@type":"ReadAction","target":[["http:\/\/www.zvlbearing-catalog.sk\/fr\/"]]}]},{"@type":"BreadcrumbList","@id":"http:\/\/www.zvlbearing-catalog.sk\/fr\/#breadcrumb","itemListElement":[{"@type":"ListItem","position":1,"name":"Domovsk\u00e1 str\u00e1nka","item":"http:\/\/www.zvlbearing-catalog.sk\/fr\/"},{"@type":"ListItem","position":2,"name":"\u00davod"}]},{"@type":"WebSite","@id":"http:\/\/www.zvlbearing-catalog.sk\/fr\/#website","url":"http:\/\/www.zvlbearing-catalog.sk\/fr\/","name":"ZVL SLOVAKIA a.s.","description":"V\u00fdroba lo\u017e\u00edsk, pr\u00edslu\u0161enstvo, predaj lo\u017e\u00edsk","publisher":{"@id":"http:\/\/www.zvlbearing-catalog.sk\/fr\/#organization"},"potentialAction":[{"@type":"SearchAction","target":{"@type":"EntryPoint","urlTemplate":"http:\/\/www.zvlbearing-catalog.sk\/fr\/?s={search_term_string}"},"query-input":"required name=search_term_string"}],"inLanguage":"fr-FR"},{"@type":"Organization","@id":"http:\/\/www.zvlbearing-catalog.sk\/fr\/#organization","name":"ZVL SLOVAKIA a.s.","url":"http:\/\/www.zvlbearing-catalog.sk\/fr\/","logo":{"@type":"ImageObject","inLanguage":"fr-FR","@id":"http:\/\/www.zvlbearing-catalog.sk\/fr\/#\/schema\/logo\/image\/","url":"https:\/\/www.zvlbearing-catalog.sk\/wp-content\/uploads\/zvl-icon-152.jpg","contentUrl":"https:\/\/www.zvlbearing-catalog.sk\/wp-content\/uploads\/zvl-icon-152.jpg","width":145,"height":145,"caption":"ZVL SLOVAKIA a.s."},"image":{"@id":"http:\/\/www.zvlbearing-catalog.sk\/fr\/#\/schema\/logo\/image\/"},"sameAs":["https:\/\/www.facebook.com\/zvlslovakia\/"]}]}},"_links":{"self":[{"href":"https:\/\/www.zvlbearing-catalog.sk\/fr\/wp-json\/wp\/v2\/pages\/5468"}],"collection":[{"href":"https:\/\/www.zvlbearing-catalog.sk\/fr\/wp-json\/wp\/v2\/pages"}],"about":[{"href":"https:\/\/www.zvlbearing-catalog.sk\/fr\/wp-json\/wp\/v2\/types\/page"}],"author":[{"embeddable":true,"href":"https:\/\/www.zvlbearing-catalog.sk\/fr\/wp-json\/wp\/v2\/users\/1"}],"replies":[{"embeddable":true,"href":"https:\/\/www.zvlbearing-catalog.sk\/fr\/wp-json\/wp\/v2\/comments?post=5468"}],"version-history":[{"count":1,"href":"https:\/\/www.zvlbearing-catalog.sk\/fr\/wp-json\/wp\/v2\/pages\/5468\/revisions"}],"predecessor-version":[{"id":6497,"href":"https:\/\/www.zvlbearing-catalog.sk\/fr\/wp-json\/wp\/v2\/pages\/5468\/revisions\/6497"}],"wp:attachment":[{"href":"https:\/\/www.zvlbearing-catalog.sk\/fr\/wp-json\/wp\/v2\/media?parent=5468"}],"curies":[{"name":"wp","href":"https:\/\/api.w.org\/{rel}","templated":true}]}}