{"id":2184,"date":"2012-07-26T09:35:04","date_gmt":"2012-07-26T09:35:04","guid":{"rendered":"http:\/\/www.zvl.renad.sk\/?page_id=2184"},"modified":"2017-03-26T15:43:51","modified_gmt":"2017-03-26T15:43:51","slug":"tab-16","status":"publish","type":"page","link":"https:\/\/www.zvlbearing-catalog.sk\/fr\/katalog\/tab-16\/","title":{"rendered":"Paliers appliqu\u00e9s"},"content":{"rendered":"<section class=\"wpb-content-wrapper\"><p><section class=\"wpb-content-wrapper\"><p>[vc_row][vc_column][vc_accordion active_tab=\u00a0\u00bbfalse\u00a0\u00bb title_size=\u00a0\u00bbh2&Prime; style=\u00a0\u00bb2&Prime;][vc_accordion_tab title=\u00a0\u00bbTYPE DE ROULEMENTS \u2192 veuillez choisir du menu le type de palier ou roulement demand\u00e9\u00a0\u00bb][vc_row_inner][vc_column_inner width=\u00a0\u00bb1\/2&Prime;]<section class=\"shortcode-action-box table shortcode-action-bg block-style-widget\"><div class=\"text-big\"><h2>Roulements \u00e0 billes<\/h2>\n<\/div><\/section>[vc_empty_space height=\u00a0\u00bb15px\u00a0\u00bb]<div class=\"standard-arrow bullet-top\"><ul>\n<li><a href=\"\/fr\/katalog\/tab-1\/\">Roulements \u00e0 billes simples<\/a><\/li>\n<li><a href=\"\/fr\/katalog\/tab-2\/\">Roulements \u00e0 billes simple \u00e0 contact oblique<\/a><\/li>\n<li><a href=\"\/fr\/katalog\/tab-3\/\">Roulements \u00e0 billes simple \u00e0 quatre points de contact<\/a><\/li>\n<li><a href=\"\/fr\/katalog\/tab-4\/\">Roulements \u00e0 billes \u00e0 deux rang\u00e9es \u00e0 contact oblique<\/a><\/li>\n<li><a href=\"\/fr\/katalog\/tab-5\/\">Paliers \u00e0 billes \u00e0 rotules \u00e0 deux rang\u00e9es<\/a><\/li>\n<li><a href=\"\/fr\/katalog\/tab-12\/\">Palier \u00e0 but\u00e9e simple \u00e0 billes<\/a><\/li>\n<li><a href=\"\/fr\/katalog\/tab-13\/\">But\u00e9es \u00e0 double effet \u00e0 billes<\/a><\/li>\n<\/ul>\n<\/div>[vc_empty_space height=\u00a0\u00bb30px\u00a0\u00bb]<section class=\"shortcode-action-box table shortcode-action-bg block-style-widget\"><div class=\"text-big\"><h2>Roulements \u00e0 rouleaux cylindriques<\/h2>\n<\/div><\/section>[vc_empty_space height=\u00a0\u00bb15px\u00a0\u00bb]<div class=\"standard-arrow bullet-top\"><ul>\n<li><a href=\"\/fr\/katalog\/tab-6\/\">Roulements \u00e0 rouleaux simples<\/a><\/li>\n<li><a href=\"\/fr\/katalog\/tab-7\/\">Roulements \u00e0 rouleaux simples avec la bague int\u00e9rieure plus large<\/a><\/li>\n<li><a href=\"\/fr\/katalog\/tab-8\/\">Roulements \u00e0 rouleaux simples avec le nombre complet des rouleaux du type NCF<\/a><\/li>\n<li><a href=\"\/fr\/katalog\/tab-9\/\">Roulements \u00e0 rouleaux \u00e0 deux rang\u00e9es avec le nombre complet des rouleaux du type NNC, NNCL, NNCF<\/a><\/li>\n<li><a href=\"\/fr\/katalog\/tab-10\/\">Roulements \u00e0 rouleaux \u00e0 deux rang\u00e9es avec le nombre complet des rouleaux du type NNF<\/a><\/li>\n<li><a href=\"\/fr\/katalog\/tab-14\/\">Paliers de but\u00e9es \u00e0 rouleaux<\/a><\/li>\n<\/ul>\n<\/div>[vc_empty_space height=\u00a0\u00bb30px\u00a0\u00bb]<section class=\"shortcode-action-box table shortcode-action-bg block-style-widget\"><div class=\"text-big\"><h2>Roulements \u00e0 rouleaux sph\u00e9riques<\/h2>\n<\/div><\/section>[vc_empty_space height=\u00a0\u00bb15px\u00a0\u00bb]<div class=\"standard-arrow bullet-top\"><ul>\n<li><a href=\"\/fr\/katalog\/tab-11\/\">Roulement \u00e0 rouleaux \u00e0 deux rang\u00e9es<\/a><\/li>\n<li><a href=\"\/fr\/katalog\/tab-15\/\">But\u00e9es \u00e0 rouleaux<\/a><\/li>\n<\/ul>\n<\/div>[vc_empty_space height=\u00a0\u00bb30px\u00a0\u00bb]<section class=\"shortcode-action-box table shortcode-action-bg block-style-widget\"><div class=\"text-big\"><h2>Insert ball bearing housing units<\/h2>\n<\/div><\/section>[vc_empty_space height=\u00a0\u00bb15px\u00a0\u00bb]<div class=\"standard-arrow bullet-top\"><ul>\n<li><a href=\"\/en\/katalog\/tab-20\/\">Square Flanged Housing Unit &#8211; FG type<\/a><\/li>\n<li><a href=\"\/en\/katalog\/tab-21\/\">Pillow Block Housing Unit &#8211; SG type<\/a><\/li>\n<li><a href=\"\/en\/katalog\/tab-22\/\">Oval Flanged Cast Housing Unit &#8211; FM type<\/a><\/li>\n<\/ul>\n<\/div>[\/vc_column_inner][vc_column_inner width=\u00a0\u00bb1\/2&Prime;]<section class=\"shortcode-action-box table shortcode-action-bg block-style-widget\"><div class=\"text-big\"><h2>Needle roller bearing<\/h2>\n<\/div><\/section>[vc_empty_space height=\u00a0\u00bb15px\u00a0\u00bb]<div class=\"standard-arrow bullet-top\"><ul>\n<li><a href=\"\/fr\/katalog\/ihl-1\/\">Needle cages \u2013 single row, double row<\/a><\/li>\n<li><a href=\"\/fr\/katalog\/ihl-2\/\">Needle roller bearings without inner ring<\/a><\/li>\n<li><a href=\"\/fr\/katalog\/ihl-3\/\">Needle roller bearings with inner ring<\/a><\/li>\n<li><a href=\"\/fr\/katalog\/ihl-4\/\">Alignment needle roller bearings without inner ring<\/a><\/li>\n<li><a href=\"\/fr\/katalog\/ihl-5\/\">Alignment needle roller bearings with inner ring<\/a><\/li>\n<li><a href=\"\/fr\/katalog\/ihl-6\/\">Needle roller bearings without flanges<\/a><\/li>\n<li><a href=\"\/fr\/katalog\/ihl-7\/\">Cage assemblies of type KZK<\/a><\/li>\n<li><a href=\"\/fr\/katalog\/ihl-8\/\">Cage assemblies of type KBK<\/a><\/li>\n<li><a href=\"\/fr\/katalog\/ihl-9\/\">Drawn cup needle roller bearings with open ends, closed ends, with cage<\/a><\/li>\n<li><a href=\"\/fr\/katalog\/ihl-10\/\">Drawn cup needle roller bearings with open ends, closed ends, sealed, with cage<\/a><\/li>\n<li><a href=\"\/fr\/katalog\/ihl-11\/\">Drawn cup needle roller bearings with open ends, closed ends<\/a><\/li>\n<li><a href=\"\/fr\/katalog\/ihl-12\/\">Axial cages with needles \/ Axial bearing rings<\/a><\/li>\n<li><a href=\"\/fr\/katalog\/ihl-13\/\">Support rollers type NUTR<\/a><\/li>\n<li><a href=\"\/fr\/katalog\/ihl-14\/\">Support rollers type NATR, NATV<\/a><\/li>\n<li><a href=\"\/fr\/katalog\/ihl-15\/\">Cam followers<\/a><\/li>\n<\/ul>\n<\/div>[vc_empty_space height=\u00a0\u00bb30px\u00a0\u00bb]<section class=\"shortcode-action-box table shortcode-action-bg block-style-widget\"><div class=\"text-big\"><h2>Autres roulements<\/h2>\n<\/div><\/section>[vc_empty_space height=\u00a0\u00bb15px\u00a0\u00bb]<div class=\"standard-arrow bullet-top\"><ul>\n<li><a href=\"\/fr\/katalog\/tab-16\/\">Paliers appliqu\u00e9s<\/a><\/li>\n<li><a href=\"\/fr\/katalog\/tab-17\/\">Paliers \u00e0 rotule<\/a><\/li>\n<li><a href=\"\/fr\/katalog\/tab-18\/\">Paliers sp\u00e9cifiques<\/a><\/li>\n<li><a href=\"\/fr\/katalog\/tab-19\/\">Paliers sp\u00e9cifiques \u00e0 contact oblique<\/a><\/li>\n<\/ul>\n<\/div>[vc_empty_space height=\u00a0\u00bb30px\u00a0\u00bb]<section class=\"shortcode-action-box table shortcode-action-bg block-style-widget\"><div class=\"text-big\"><h2>Accessories<\/h2>\n<\/div><\/section>[vc_empty_space height=\u00a0\u00bb15px\u00a0\u00bb]<div class=\"standard-arrow bullet-top\"><ul>\n<li><a href=\"\/fr\/katalog\/tab-23\/\">Adapter sleeves<\/a><\/li>\n<li><a href=\"\/fr\/katalog\/tab-24\/\">Withdrawal sleeves<\/a><\/li>\n<li><a href=\"\/fr\/katalog\/tab-25\/\">\u00c9crou d\u2019extr\u00e9mit\u00e9<\/a><\/li>\n<li><a href=\"\/fr\/katalog\/tab-26\/\">Locking washers<\/a><\/li>\n<li><a href=\"\/fr\/katalog\/tab-27\/\">Locking clip<\/a><\/li>\n<\/ul>\n<\/div>[\/vc_column_inner][\/vc_row_inner][\/vc_accordion_tab][\/vc_accordion][\/vc_column][\/vc_row]<\/p>\n<\/section><br \/>\n<img loading=\"lazy\" decoding=\"async\" class=\"aligncenter\" src=\"\/wp-content\/uploads\/tab-16.png\" alt=\"Paliers appliqu\u00e9s\" width=\"1150\" height=\"235\" \/><\/p>\n<\/section>","protected":false},"excerpt":{"rendered":"<p>[vc_row][vc_column][vc_accordion active_tab=\u00a0\u00bbfalse\u00a0\u00bb title_size=\u00a0\u00bbh2&Prime; style=\u00a0\u00bb2&Prime;][vc_accordion_tab title=\u00a0\u00bbTYPE DE ROULEMENTS \u2192 veuillez choisir du menu le type de palier ou roulement demand\u00e9\u00a0\u00bb][vc_row_inner][vc_column_inner width=\u00a0\u00bb1\/2&Prime;]Roulements \u00e0 billes [vc_empty_space height=\u00a0\u00bb15px\u00a0\u00bb] Roulements \u00e0 billes simples Roulements \u00e0 billes simple \u00e0 contact oblique Roulements \u00e0 billes simple \u00e0 quatre points de contact Roulements \u00e0 billes \u00e0 deux rang\u00e9es \u00e0 contact oblique Paliers \u00e0&hellip;<\/p>\n","protected":false},"author":1,"featured_media":0,"parent":806,"menu_order":16,"comment_status":"closed","ping_status":"closed","template":"template-microsite-16.php","meta":{"footnotes":""},"yoast_head":"<!-- This site is optimized with the Yoast SEO Premium plugin v18.3 (Yoast SEO v21.9.1) - https:\/\/yoast.com\/wordpress\/plugins\/seo\/ -->\n<title>Paliers appliqu\u00e9s | ZVL SLOVAKIA a.s.<\/title>\n<meta name=\"robots\" content=\"index, follow, max-snippet:-1, max-image-preview:large, max-video-preview:-1\" \/>\n<link rel=\"canonical\" href=\"https:\/\/www.zvlbearing-catalog.sk\/fr\/katalog\/tab-16\/\" \/>\n<meta property=\"og:locale\" content=\"fr_FR\" \/>\n<meta property=\"og:type\" content=\"article\" \/>\n<meta property=\"og:title\" content=\"Paliers appliqu\u00e9s\" \/>\n<meta property=\"og:url\" content=\"https:\/\/www.zvlbearing-catalog.sk\/fr\/katalog\/tab-16\/\" \/>\n<meta property=\"og:site_name\" content=\"ZVL SLOVAKIA a.s.\" \/>\n<meta property=\"article:publisher\" content=\"https:\/\/www.facebook.com\/zvlslovakia\/\" \/>\n<meta property=\"article:modified_time\" content=\"2017-03-26T15:43:51+00:00\" \/>\n<script type=\"application\/ld+json\" class=\"yoast-schema-graph\">{\"@context\":\"https:\/\/schema.org\",\"@graph\":[{\"@type\":\"WebPage\",\"@id\":\"https:\/\/www.zvlbearing-catalog.sk\/fr\/katalog\/tab-16\/\",\"url\":\"https:\/\/www.zvlbearing-catalog.sk\/fr\/katalog\/tab-16\/\",\"name\":\"Paliers appliqu\u00e9s | ZVL SLOVAKIA a.s.\",\"isPartOf\":{\"@id\":\"http:\/\/www.zvlbearing-catalog.sk\/fr\/#website\"},\"datePublished\":\"2012-07-26T09:35:04+00:00\",\"dateModified\":\"2017-03-26T15:43:51+00:00\",\"breadcrumb\":{\"@id\":\"https:\/\/www.zvlbearing-catalog.sk\/fr\/katalog\/tab-16\/#breadcrumb\"},\"inLanguage\":\"fr-FR\",\"potentialAction\":[{\"@type\":\"ReadAction\",\"target\":[[\"https:\/\/www.zvlbearing-catalog.sk\/fr\/katalog\/tab-16\/\"]]}]},{\"@type\":\"BreadcrumbList\",\"@id\":\"https:\/\/www.zvlbearing-catalog.sk\/fr\/katalog\/tab-16\/#breadcrumb\",\"itemListElement\":[{\"@type\":\"ListItem\",\"position\":1,\"name\":\"Domovsk\u00e1 str\u00e1nka\",\"item\":\"http:\/\/www.zvlbearing-catalog.sk\/fr\/\"},{\"@type\":\"ListItem\",\"position\":2,\"name\":\"Interakt\u00edvny katal\u00f3g lo\u017e\u00edsk\",\"item\":\"https:\/\/www.zvlbearing-catalog.sk\/fr\/katalog\/\"},{\"@type\":\"ListItem\",\"position\":3,\"name\":\"Up\u00ednacie lo\u017eisk\u00e1\"}]},{\"@type\":\"WebSite\",\"@id\":\"http:\/\/www.zvlbearing-catalog.sk\/fr\/#website\",\"url\":\"http:\/\/www.zvlbearing-catalog.sk\/fr\/\",\"name\":\"ZVL SLOVAKIA a.s.\",\"description\":\"V\u00fdroba lo\u017e\u00edsk, pr\u00edslu\u0161enstvo, predaj lo\u017e\u00edsk\",\"publisher\":{\"@id\":\"http:\/\/www.zvlbearing-catalog.sk\/fr\/#organization\"},\"potentialAction\":[{\"@type\":\"SearchAction\",\"target\":{\"@type\":\"EntryPoint\",\"urlTemplate\":\"http:\/\/www.zvlbearing-catalog.sk\/fr\/?s={search_term_string}\"},\"query-input\":\"required name=search_term_string\"}],\"inLanguage\":\"fr-FR\"},{\"@type\":\"Organization\",\"@id\":\"http:\/\/www.zvlbearing-catalog.sk\/fr\/#organization\",\"name\":\"ZVL SLOVAKIA a.s.\",\"url\":\"http:\/\/www.zvlbearing-catalog.sk\/fr\/\",\"logo\":{\"@type\":\"ImageObject\",\"inLanguage\":\"fr-FR\",\"@id\":\"http:\/\/www.zvlbearing-catalog.sk\/fr\/#\/schema\/logo\/image\/\",\"url\":\"https:\/\/www.zvlbearing-catalog.sk\/wp-content\/uploads\/zvl-icon-152.jpg\",\"contentUrl\":\"https:\/\/www.zvlbearing-catalog.sk\/wp-content\/uploads\/zvl-icon-152.jpg\",\"width\":145,\"height\":145,\"caption\":\"ZVL SLOVAKIA a.s.\"},\"image\":{\"@id\":\"http:\/\/www.zvlbearing-catalog.sk\/fr\/#\/schema\/logo\/image\/\"},\"sameAs\":[\"https:\/\/www.facebook.com\/zvlslovakia\/\"]}]}<\/script>\n<!-- \/ Yoast SEO Premium plugin. -->","yoast_head_json":{"title":"Paliers appliqu\u00e9s | ZVL SLOVAKIA a.s.","robots":{"index":"index","follow":"follow","max-snippet":"max-snippet:-1","max-image-preview":"max-image-preview:large","max-video-preview":"max-video-preview:-1"},"canonical":"https:\/\/www.zvlbearing-catalog.sk\/fr\/katalog\/tab-16\/","og_locale":"fr_FR","og_type":"article","og_title":"Paliers appliqu\u00e9s","og_url":"https:\/\/www.zvlbearing-catalog.sk\/fr\/katalog\/tab-16\/","og_site_name":"ZVL SLOVAKIA a.s.","article_publisher":"https:\/\/www.facebook.com\/zvlslovakia\/","article_modified_time":"2017-03-26T15:43:51+00:00","schema":{"@context":"https:\/\/schema.org","@graph":[{"@type":"WebPage","@id":"https:\/\/www.zvlbearing-catalog.sk\/fr\/katalog\/tab-16\/","url":"https:\/\/www.zvlbearing-catalog.sk\/fr\/katalog\/tab-16\/","name":"Paliers appliqu\u00e9s | ZVL SLOVAKIA a.s.","isPartOf":{"@id":"http:\/\/www.zvlbearing-catalog.sk\/fr\/#website"},"datePublished":"2012-07-26T09:35:04+00:00","dateModified":"2017-03-26T15:43:51+00:00","breadcrumb":{"@id":"https:\/\/www.zvlbearing-catalog.sk\/fr\/katalog\/tab-16\/#breadcrumb"},"inLanguage":"fr-FR","potentialAction":[{"@type":"ReadAction","target":[["https:\/\/www.zvlbearing-catalog.sk\/fr\/katalog\/tab-16\/"]]}]},{"@type":"BreadcrumbList","@id":"https:\/\/www.zvlbearing-catalog.sk\/fr\/katalog\/tab-16\/#breadcrumb","itemListElement":[{"@type":"ListItem","position":1,"name":"Domovsk\u00e1 str\u00e1nka","item":"http:\/\/www.zvlbearing-catalog.sk\/fr\/"},{"@type":"ListItem","position":2,"name":"Interakt\u00edvny katal\u00f3g lo\u017e\u00edsk","item":"https:\/\/www.zvlbearing-catalog.sk\/fr\/katalog\/"},{"@type":"ListItem","position":3,"name":"Up\u00ednacie lo\u017eisk\u00e1"}]},{"@type":"WebSite","@id":"http:\/\/www.zvlbearing-catalog.sk\/fr\/#website","url":"http:\/\/www.zvlbearing-catalog.sk\/fr\/","name":"ZVL SLOVAKIA a.s.","description":"V\u00fdroba lo\u017e\u00edsk, pr\u00edslu\u0161enstvo, predaj lo\u017e\u00edsk","publisher":{"@id":"http:\/\/www.zvlbearing-catalog.sk\/fr\/#organization"},"potentialAction":[{"@type":"SearchAction","target":{"@type":"EntryPoint","urlTemplate":"http:\/\/www.zvlbearing-catalog.sk\/fr\/?s={search_term_string}"},"query-input":"required name=search_term_string"}],"inLanguage":"fr-FR"},{"@type":"Organization","@id":"http:\/\/www.zvlbearing-catalog.sk\/fr\/#organization","name":"ZVL SLOVAKIA a.s.","url":"http:\/\/www.zvlbearing-catalog.sk\/fr\/","logo":{"@type":"ImageObject","inLanguage":"fr-FR","@id":"http:\/\/www.zvlbearing-catalog.sk\/fr\/#\/schema\/logo\/image\/","url":"https:\/\/www.zvlbearing-catalog.sk\/wp-content\/uploads\/zvl-icon-152.jpg","contentUrl":"https:\/\/www.zvlbearing-catalog.sk\/wp-content\/uploads\/zvl-icon-152.jpg","width":145,"height":145,"caption":"ZVL SLOVAKIA a.s."},"image":{"@id":"http:\/\/www.zvlbearing-catalog.sk\/fr\/#\/schema\/logo\/image\/"},"sameAs":["https:\/\/www.facebook.com\/zvlslovakia\/"]}]}},"_links":{"self":[{"href":"https:\/\/www.zvlbearing-catalog.sk\/fr\/wp-json\/wp\/v2\/pages\/2184"}],"collection":[{"href":"https:\/\/www.zvlbearing-catalog.sk\/fr\/wp-json\/wp\/v2\/pages"}],"about":[{"href":"https:\/\/www.zvlbearing-catalog.sk\/fr\/wp-json\/wp\/v2\/types\/page"}],"author":[{"embeddable":true,"href":"https:\/\/www.zvlbearing-catalog.sk\/fr\/wp-json\/wp\/v2\/users\/1"}],"replies":[{"embeddable":true,"href":"https:\/\/www.zvlbearing-catalog.sk\/fr\/wp-json\/wp\/v2\/comments?post=2184"}],"version-history":[{"count":0,"href":"https:\/\/www.zvlbearing-catalog.sk\/fr\/wp-json\/wp\/v2\/pages\/2184\/revisions"}],"up":[{"embeddable":true,"href":"https:\/\/www.zvlbearing-catalog.sk\/fr\/wp-json\/wp\/v2\/pages\/806"}],"wp:attachment":[{"href":"https:\/\/www.zvlbearing-catalog.sk\/fr\/wp-json\/wp\/v2\/media?parent=2184"}],"curies":[{"name":"wp","href":"https:\/\/api.w.org\/{rel}","templated":true}]}}