{"id":2146,"date":"2012-07-25T20:45:38","date_gmt":"2012-07-25T20:45:38","guid":{"rendered":"http:\/\/www.zvl.renad.sk\/?page_id=2146"},"modified":"2020-11-19T12:08:23","modified_gmt":"2020-11-19T12:08:23","slug":"tab-1","status":"publish","type":"page","link":"https:\/\/www.zvlbearing-catalog.sk\/es\/katalog\/tab-1\/","title":{"rendered":"Rodamientos r\u00edgidos de una hilera de bolas"},"content":{"rendered":"<section class=\"wpb-content-wrapper\"><p><section class=\"wpb-content-wrapper\"><p>[vc_row][vc_column][vc_accordion active_tab=\u00bbfalse\u00bb title_size=\u00bbh2&#8243; style=\u00bb2&#8243;][vc_accordion_tab title=\u00bbTIPO DE RODAMIENTO \u2192 seleccione del men\u00fa el tipo do rodamiento buscado\u00bb][vc_row_inner][vc_column_inner width=\u00bb1\/2&#8243;]<section class=\"shortcode-action-box table shortcode-action-bg block-style-widget\"><div class=\"text-big\"><h2>Rodamientos de bolas<\/h2>\n<\/div><\/section>[vc_empty_space height=\u00bb15px\u00bb]<div class=\"standard-arrow bullet-top\"><ul>\n<li><a href=\"\/es\/katalog\/tab-1\/\">Rodamientos r\u00edgidos de una hilera de bolas<\/a><\/li>\n<li><a href=\"\/es\/katalog\/tab-2\/\">Rodamientos de una hilera de bolas con contacto angular<\/a><\/li>\n<li><a href=\"\/es\/katalog\/tab-3\/\">Rodamientos de una hilera de bolas con cuatro puntos de contacto<\/a><\/li>\n<li><a href=\"\/es\/katalog\/tab-4\/\">Rodamientos de dos hileras de bolas con contacto angular<\/a><\/li>\n<li><a href=\"\/es\/katalog\/tab-5\/\">Rodamientos de dos hileras de bolas a r\u00f3tula<\/a><\/li>\n<li><a href=\"\/es\/katalog\/tab-12\/\">Rodamientos axiales de bolas de simple efecto<\/a><\/li>\n<li><a href=\"\/es\/katalog\/tab-13\/\">Rodamientos axiales de bolas de doble efecto<\/a><\/li>\n<\/ul>\n<\/div>[vc_empty_space height=\u00bb30px\u00bb]<section class=\"shortcode-action-box table shortcode-action-bg block-style-widget\"><div class=\"text-big\"><h2>Rodamientos de rodillos cil\u00edndricos<\/h2>\n<\/div><\/section>[vc_empty_space height=\u00bb15px\u00bb]<div class=\"standard-arrow bullet-top\"><ul>\n<li><a href=\"\/es\/katalog\/tab-6\/\">Rodamientos de una hilera de rodillos cil\u00edndricos<\/a><\/li>\n<li><a href=\"\/es\/katalog\/tab-7\/\">Rodamientos de una hilera de rodillos cil\u00edndricos con anillo interno m\u00e1s ancho<\/a><\/li>\n<li><a href=\"\/es\/katalog\/tab-8\/\">Rodamientos con pleno n\u00famero de rodillos cil\u00edndricos de tipo NCF<\/a><\/li>\n<li><a href=\"\/es\/katalog\/tab-9\/\">Rodamientos con pleno n\u00famero de rodillos cil\u00edndricos de tipo NNC, NNCL, NNCF<\/a><\/li>\n<li><a href=\"\/es\/katalog\/tab-10\/\">Rodamientos con pleno n\u00famero de rodillos cil\u00edndricos de de tipo NNF<\/a><\/li>\n<li><a href=\"\/es\/katalog\/tab-14\/\">Rodamientos axiales de rodillos cil\u00edndricos<\/a><\/li>\n<\/ul>\n<\/div>[vc_empty_space height=\u00bb30px\u00bb]<section class=\"shortcode-action-box table shortcode-action-bg block-style-widget\"><div class=\"text-big\"><h2>Rodamientos de rodillos esf\u00e9ricos<\/h2>\n<\/div><\/section>[vc_empty_space height=\u00bb15px\u00bb]<div class=\"standard-arrow bullet-top\"><ul>\n<li><a href=\"\/es\/katalog\/tab-11\/\">Rodamientos de dos hileras de rodillos a r\u00f3tula<\/a><\/li>\n<li><a href=\"\/es\/katalog\/tab-15\/\">Rodamientos axiales de rodillos a r\u00f3tula<\/a><\/li>\n<\/ul>\n<\/div>[vc_empty_space height=\u00bb30px\u00bb]<section class=\"shortcode-action-box table shortcode-action-bg block-style-widget\"><div class=\"text-big\"><h2>Soportes para los rodamientos de fijaci\u00f3n<\/h2>\n<\/div><\/section>[vc_empty_space height=\u00bb15px\u00bb]<div class=\"standard-arrow bullet-top\"><ul>\n<li><a href=\"\/es\/katalog\/tab-20\/\">Soportes de brida cuadrada tipo FG<\/a><\/li>\n<li><a href=\"\/es\/katalog\/tab-21\/\">Soportes de pie fundidos tipo SG<\/a><\/li>\n<li><a href=\"\/es\/katalog\/tab-22\/\">Oval Flanged Cast Housing Unit &#8211; FM type<\/a><\/li>\n<\/ul>\n<\/div>[\/vc_column_inner][vc_column_inner width=\u00bb1\/2&#8243;]<section class=\"shortcode-action-box table shortcode-action-bg block-style-widget\"><div class=\"text-big\"><h2>Needle roller bearing<\/h2>\n<\/div><\/section>[vc_empty_space height=\u00bb15px\u00bb]<div class=\"standard-arrow bullet-top\"><ul>\n<li><a href=\"\/es\/katalog\/ihl-1\/\">Needle cages \u2013 single row, double row<\/a><\/li>\n<li><a href=\"\/es\/katalog\/ihl-2\/\">Needle roller bearings without inner ring<\/a><\/li>\n<li><a href=\"\/es\/katalog\/ihl-3\/\">Needle roller bearings with inner ring<\/a><\/li>\n<li><a href=\"\/es\/katalog\/ihl-4\/\">Alignment needle roller bearings without inner ring<\/a><\/li>\n<li><a href=\"\/es\/katalog\/ihl-5\/\">Alignment needle roller bearings with inner ring<\/a><\/li>\n<li><a href=\"\/es\/katalog\/ihl-6\/\">Needle roller bearings without flanges<\/a><\/li>\n<li><a href=\"\/es\/katalog\/ihl-7\/\">Cage assemblies of type KZK<\/a><\/li>\n<li><a href=\"\/es\/katalog\/ihl-8\/\">Cage assemblies of type KBK<\/a><\/li>\n<li><a href=\"\/es\/katalog\/ihl-9\/\">Drawn cup needle roller bearings with open ends, closed ends, with cage<\/a><\/li>\n<li><a href=\"\/es\/katalog\/ihl-10\/\">Drawn cup needle roller bearings with open ends, closed ends, sealed, with cage<\/a><\/li>\n<li><a href=\"\/es\/katalog\/ihl-11\/\">Drawn cup needle roller bearings with open ends, closed ends<\/a><\/li>\n<li><a href=\"\/es\/katalog\/ihl-12\/\">Axial cages with needles \/ Axial bearing rings<\/a><\/li>\n<li><a href=\"\/es\/katalog\/ihl-13\/\">Support rollers type NUTR<\/a><\/li>\n<li><a href=\"\/es\/katalog\/ihl-14\/\">Support rollers type NATR, NATV<\/a><\/li>\n<li><a href=\"\/es\/katalog\/ihl-15\/\">Cam followers<\/a><\/li>\n<\/ul>\n<\/div>[vc_empty_space height=\u00bb30px\u00bb]<section class=\"shortcode-action-box table shortcode-action-bg block-style-widget\"><div class=\"text-big\"><h2>Otros rodamientos<\/h2>\n<\/div><\/section>[vc_empty_space height=\u00bb15px\u00bb]<div class=\"standard-arrow bullet-top\"><ul>\n<li><a href=\"\/es\/katalog\/tab-16\/\">Rodamientos de fijaci\u00f3n<\/a><\/li>\n<li><a href=\"\/es\/katalog\/tab-17\/\">R\u00f3tulas<\/a><\/li>\n<li><a href=\"\/es\/katalog\/tab-18\/\">Rodamientos especiales<\/a><\/li>\n<li><a href=\"\/es\/katalog\/tab-19\/\">Rodamientos especiales con contacto angular<\/a><\/li>\n<\/ul>\n<\/div>[vc_empty_space height=\u00bb30px\u00bb]<section class=\"shortcode-action-box table shortcode-action-bg block-style-widget\"><div class=\"text-big\"><h2>Accesorios<\/h2>\n<\/div><\/section>[vc_empty_space height=\u00bb15px\u00bb]<div class=\"standard-arrow bullet-top\"><ul>\n<li><a href=\"\/es\/katalog\/tab-23\/\">Manguitos de fijaci\u00f3n<\/a><\/li>\n<li><a href=\"\/es\/katalog\/tab-24\/\">Manguitos de desmontaje<\/a><\/li>\n<li><a href=\"\/es\/katalog\/tab-25\/\">Tuercas finales<\/a><\/li>\n<li><a href=\"\/es\/katalog\/tab-26\/\">Arandelas de retenci\u00f3n<\/a><\/li>\n<li><a href=\"\/es\/katalog\/tab-27\/\">Seguros<\/a><\/li>\n<\/ul>\n<\/div>[\/vc_column_inner][\/vc_row_inner][\/vc_accordion_tab][\/vc_accordion][\/vc_column][\/vc_row]<\/p>\n<\/section><br \/>\n<img loading=\"lazy\" decoding=\"async\" src=\"\/wp-content\/uploads\/tab-1-2020.png\" alt=\"Rodamientos r\u00edgidos de una hilera de bolas\" width=\"917\" height=\"220\" class=\"aligncenter size-full wp-image-6432\" srcset=\"https:\/\/www.zvlbearing-catalog.sk\/wp-content\/uploads\/tab-1-2020.png 917w, https:\/\/www.zvlbearing-catalog.sk\/wp-content\/uploads\/tab-1-2020-150x36.png 150w, https:\/\/www.zvlbearing-catalog.sk\/wp-content\/uploads\/tab-1-2020-350x84.png 350w\" sizes=\"(max-width: 917px) 100vw, 917px\" \/><br \/>\nB<sub>1<\/sub> &#8211; v\u00e1lido solo para rodamientos con sello<\/p>\n<\/section>","protected":false},"excerpt":{"rendered":"<p>B1 &#8211; v\u00e1lido solo para rodamientos con sello<\/p>\n","protected":false},"author":1,"featured_media":0,"parent":806,"menu_order":1,"comment_status":"closed","ping_status":"closed","template":"template-microsite-1.php","meta":{"footnotes":""},"yoast_head":"<!-- This site is optimized with the Yoast SEO Premium plugin v18.3 (Yoast SEO v21.9.1) - https:\/\/yoast.com\/wordpress\/plugins\/seo\/ -->\n<title>Rodamientos r\u00edgidos de una hilera de bolas | ZVL SLOVAKIA a.s.<\/title>\n<meta name=\"description\" content=\"B1 - plat\u00ed iba pre lo\u017eisk\u00e1 s tesnen\u00edm B1 - valid only for bearings with seals B1 - nur g\u00fcltig f\u00fcr Lager mit Dichtungen B1 - v\u00e1lido solo para rodamientos\" \/>\n<meta name=\"robots\" content=\"index, follow, max-snippet:-1, max-image-preview:large, max-video-preview:-1\" \/>\n<link rel=\"canonical\" href=\"https:\/\/www.zvlbearing-catalog.sk\/es\/katalog\/tab-1\/\" \/>\n<meta property=\"og:locale\" content=\"es_ES\" \/>\n<meta property=\"og:type\" content=\"article\" \/>\n<meta property=\"og:title\" content=\"Rodamientos r\u00edgidos de una hilera de bolas\" \/>\n<meta property=\"og:description\" content=\"B1 - plat\u00ed iba pre lo\u017eisk\u00e1 s tesnen\u00edm B1 - valid only for bearings with seals B1 - nur g\u00fcltig f\u00fcr Lager mit Dichtungen B1 - v\u00e1lido solo para rodamientos\" \/>\n<meta property=\"og:url\" content=\"https:\/\/www.zvlbearing-catalog.sk\/es\/katalog\/tab-1\/\" \/>\n<meta property=\"og:site_name\" content=\"ZVL SLOVAKIA a.s.\" \/>\n<meta property=\"article:publisher\" content=\"https:\/\/www.facebook.com\/zvlslovakia\/\" \/>\n<meta property=\"article:modified_time\" content=\"2020-11-19T12:08:23+00:00\" \/>\n<script type=\"application\/ld+json\" class=\"yoast-schema-graph\">{\"@context\":\"https:\/\/schema.org\",\"@graph\":[{\"@type\":\"WebPage\",\"@id\":\"https:\/\/www.zvlbearing-catalog.sk\/es\/katalog\/tab-1\/\",\"url\":\"https:\/\/www.zvlbearing-catalog.sk\/es\/katalog\/tab-1\/\",\"name\":\"Rodamientos r\u00edgidos de una hilera de bolas | ZVL SLOVAKIA a.s.\",\"isPartOf\":{\"@id\":\"http:\/\/www.zvlbearing-catalog.sk\/es\/#website\"},\"datePublished\":\"2012-07-25T20:45:38+00:00\",\"dateModified\":\"2020-11-19T12:08:23+00:00\",\"description\":\"B1 - plat\u00ed iba pre lo\u017eisk\u00e1 s tesnen\u00edm B1 - valid only for bearings with seals B1 - nur g\u00fcltig f\u00fcr Lager mit Dichtungen B1 - v\u00e1lido solo para rodamientos\",\"breadcrumb\":{\"@id\":\"https:\/\/www.zvlbearing-catalog.sk\/es\/katalog\/tab-1\/#breadcrumb\"},\"inLanguage\":\"es\",\"potentialAction\":[{\"@type\":\"ReadAction\",\"target\":[[\"https:\/\/www.zvlbearing-catalog.sk\/es\/katalog\/tab-1\/\"]]}]},{\"@type\":\"BreadcrumbList\",\"@id\":\"https:\/\/www.zvlbearing-catalog.sk\/es\/katalog\/tab-1\/#breadcrumb\",\"itemListElement\":[{\"@type\":\"ListItem\",\"position\":1,\"name\":\"Domovsk\u00e1 str\u00e1nka\",\"item\":\"http:\/\/www.zvlbearing-catalog.sk\/es\/\"},{\"@type\":\"ListItem\",\"position\":2,\"name\":\"Interakt\u00edvny katal\u00f3g lo\u017e\u00edsk\",\"item\":\"https:\/\/www.zvlbearing-catalog.sk\/es\/katalog\/\"},{\"@type\":\"ListItem\",\"position\":3,\"name\":\"Jednoradov\u00e9 gu\u013ekov\u00e9 lo\u017eisk\u00e1\"}]},{\"@type\":\"WebSite\",\"@id\":\"http:\/\/www.zvlbearing-catalog.sk\/es\/#website\",\"url\":\"http:\/\/www.zvlbearing-catalog.sk\/es\/\",\"name\":\"ZVL SLOVAKIA a.s.\",\"description\":\"V\u00fdroba lo\u017e\u00edsk, pr\u00edslu\u0161enstvo, predaj lo\u017e\u00edsk\",\"publisher\":{\"@id\":\"http:\/\/www.zvlbearing-catalog.sk\/es\/#organization\"},\"potentialAction\":[{\"@type\":\"SearchAction\",\"target\":{\"@type\":\"EntryPoint\",\"urlTemplate\":\"http:\/\/www.zvlbearing-catalog.sk\/es\/?s={search_term_string}\"},\"query-input\":\"required name=search_term_string\"}],\"inLanguage\":\"es\"},{\"@type\":\"Organization\",\"@id\":\"http:\/\/www.zvlbearing-catalog.sk\/es\/#organization\",\"name\":\"ZVL SLOVAKIA a.s.\",\"url\":\"http:\/\/www.zvlbearing-catalog.sk\/es\/\",\"logo\":{\"@type\":\"ImageObject\",\"inLanguage\":\"es\",\"@id\":\"http:\/\/www.zvlbearing-catalog.sk\/es\/#\/schema\/logo\/image\/\",\"url\":\"https:\/\/www.zvlbearing-catalog.sk\/wp-content\/uploads\/zvl-icon-152.jpg\",\"contentUrl\":\"https:\/\/www.zvlbearing-catalog.sk\/wp-content\/uploads\/zvl-icon-152.jpg\",\"width\":145,\"height\":145,\"caption\":\"ZVL SLOVAKIA a.s.\"},\"image\":{\"@id\":\"http:\/\/www.zvlbearing-catalog.sk\/es\/#\/schema\/logo\/image\/\"},\"sameAs\":[\"https:\/\/www.facebook.com\/zvlslovakia\/\"]}]}<\/script>\n<!-- \/ Yoast SEO Premium plugin. -->","yoast_head_json":{"title":"Rodamientos r\u00edgidos de una hilera de bolas | ZVL SLOVAKIA a.s.","description":"B1 - plat\u00ed iba pre lo\u017eisk\u00e1 s tesnen\u00edm B1 - valid only for bearings with seals B1 - nur g\u00fcltig f\u00fcr Lager mit Dichtungen B1 - v\u00e1lido solo para rodamientos","robots":{"index":"index","follow":"follow","max-snippet":"max-snippet:-1","max-image-preview":"max-image-preview:large","max-video-preview":"max-video-preview:-1"},"canonical":"https:\/\/www.zvlbearing-catalog.sk\/es\/katalog\/tab-1\/","og_locale":"es_ES","og_type":"article","og_title":"Rodamientos r\u00edgidos de una hilera de bolas","og_description":"B1 - plat\u00ed iba pre lo\u017eisk\u00e1 s tesnen\u00edm B1 - valid only for bearings with seals B1 - nur g\u00fcltig f\u00fcr Lager mit Dichtungen B1 - v\u00e1lido solo para rodamientos","og_url":"https:\/\/www.zvlbearing-catalog.sk\/es\/katalog\/tab-1\/","og_site_name":"ZVL SLOVAKIA a.s.","article_publisher":"https:\/\/www.facebook.com\/zvlslovakia\/","article_modified_time":"2020-11-19T12:08:23+00:00","schema":{"@context":"https:\/\/schema.org","@graph":[{"@type":"WebPage","@id":"https:\/\/www.zvlbearing-catalog.sk\/es\/katalog\/tab-1\/","url":"https:\/\/www.zvlbearing-catalog.sk\/es\/katalog\/tab-1\/","name":"Rodamientos r\u00edgidos de una hilera de bolas | ZVL SLOVAKIA a.s.","isPartOf":{"@id":"http:\/\/www.zvlbearing-catalog.sk\/es\/#website"},"datePublished":"2012-07-25T20:45:38+00:00","dateModified":"2020-11-19T12:08:23+00:00","description":"B1 - plat\u00ed iba pre lo\u017eisk\u00e1 s tesnen\u00edm B1 - valid only for bearings with seals B1 - nur g\u00fcltig f\u00fcr Lager mit Dichtungen B1 - v\u00e1lido solo para rodamientos","breadcrumb":{"@id":"https:\/\/www.zvlbearing-catalog.sk\/es\/katalog\/tab-1\/#breadcrumb"},"inLanguage":"es","potentialAction":[{"@type":"ReadAction","target":[["https:\/\/www.zvlbearing-catalog.sk\/es\/katalog\/tab-1\/"]]}]},{"@type":"BreadcrumbList","@id":"https:\/\/www.zvlbearing-catalog.sk\/es\/katalog\/tab-1\/#breadcrumb","itemListElement":[{"@type":"ListItem","position":1,"name":"Domovsk\u00e1 str\u00e1nka","item":"http:\/\/www.zvlbearing-catalog.sk\/es\/"},{"@type":"ListItem","position":2,"name":"Interakt\u00edvny katal\u00f3g lo\u017e\u00edsk","item":"https:\/\/www.zvlbearing-catalog.sk\/es\/katalog\/"},{"@type":"ListItem","position":3,"name":"Jednoradov\u00e9 gu\u013ekov\u00e9 lo\u017eisk\u00e1"}]},{"@type":"WebSite","@id":"http:\/\/www.zvlbearing-catalog.sk\/es\/#website","url":"http:\/\/www.zvlbearing-catalog.sk\/es\/","name":"ZVL SLOVAKIA a.s.","description":"V\u00fdroba lo\u017e\u00edsk, pr\u00edslu\u0161enstvo, predaj lo\u017e\u00edsk","publisher":{"@id":"http:\/\/www.zvlbearing-catalog.sk\/es\/#organization"},"potentialAction":[{"@type":"SearchAction","target":{"@type":"EntryPoint","urlTemplate":"http:\/\/www.zvlbearing-catalog.sk\/es\/?s={search_term_string}"},"query-input":"required name=search_term_string"}],"inLanguage":"es"},{"@type":"Organization","@id":"http:\/\/www.zvlbearing-catalog.sk\/es\/#organization","name":"ZVL SLOVAKIA a.s.","url":"http:\/\/www.zvlbearing-catalog.sk\/es\/","logo":{"@type":"ImageObject","inLanguage":"es","@id":"http:\/\/www.zvlbearing-catalog.sk\/es\/#\/schema\/logo\/image\/","url":"https:\/\/www.zvlbearing-catalog.sk\/wp-content\/uploads\/zvl-icon-152.jpg","contentUrl":"https:\/\/www.zvlbearing-catalog.sk\/wp-content\/uploads\/zvl-icon-152.jpg","width":145,"height":145,"caption":"ZVL SLOVAKIA a.s."},"image":{"@id":"http:\/\/www.zvlbearing-catalog.sk\/es\/#\/schema\/logo\/image\/"},"sameAs":["https:\/\/www.facebook.com\/zvlslovakia\/"]}]}},"_links":{"self":[{"href":"https:\/\/www.zvlbearing-catalog.sk\/es\/wp-json\/wp\/v2\/pages\/2146"}],"collection":[{"href":"https:\/\/www.zvlbearing-catalog.sk\/es\/wp-json\/wp\/v2\/pages"}],"about":[{"href":"https:\/\/www.zvlbearing-catalog.sk\/es\/wp-json\/wp\/v2\/types\/page"}],"author":[{"embeddable":true,"href":"https:\/\/www.zvlbearing-catalog.sk\/es\/wp-json\/wp\/v2\/users\/1"}],"replies":[{"embeddable":true,"href":"https:\/\/www.zvlbearing-catalog.sk\/es\/wp-json\/wp\/v2\/comments?post=2146"}],"version-history":[{"count":0,"href":"https:\/\/www.zvlbearing-catalog.sk\/es\/wp-json\/wp\/v2\/pages\/2146\/revisions"}],"up":[{"embeddable":true,"href":"https:\/\/www.zvlbearing-catalog.sk\/es\/wp-json\/wp\/v2\/pages\/806"}],"wp:attachment":[{"href":"https:\/\/www.zvlbearing-catalog.sk\/es\/wp-json\/wp\/v2\/media?parent=2146"}],"curies":[{"name":"wp","href":"https:\/\/api.w.org\/{rel}","templated":true}]}}