{"id":2186,"date":"2012-07-26T09:36:28","date_gmt":"2012-07-26T09:36:28","guid":{"rendered":"http:\/\/www.zvl.renad.sk\/?page_id=2186"},"modified":"2021-04-01T14:47:42","modified_gmt":"2021-04-01T14:47:42","slug":"tab-17","status":"publish","type":"page","link":"https:\/\/www.zvlbearing-catalog.sk\/en\/katalog\/tab-17\/","title":{"rendered":"Spherical plain bearings"},"content":{"rendered":"<section class=\"wpb-content-wrapper\"><section class=\"wpb-content-wrapper\"><p>[vc_row][vc_column][vc_accordion active_tab=&#8221;false&#8221; title_size=&#8221;h2&#8243; style=&#8221;2&#8243;][vc_accordion_tab title=&#8221;BEARING TYPE \u2192 select from the drop down menu catalog bearing type&#8221;][vc_row_inner][vc_column_inner width=&#8221;1\/2&#8243;]<section class=\"shortcode-action-box table shortcode-action-bg block-style-widget\"><div class=\"text-big\"><h2>Ball bearings<\/h2>\n<\/div><\/section>[vc_empty_space height=&#8221;15px&#8221;]<div class=\"standard-arrow bullet-top\"><ul>\n<li><a href=\"\/en\/katalog\/tab-1\/\">Single row deep groove ball bearings<\/a><\/li>\n<li><a href=\"\/en\/katalog\/tab-2\/\">Single row angular contact ball bearings<\/a><\/li>\n<li><a href=\"\/en\/katalog\/tab-3\/\">Single row four-point angular contact ball bearings<\/a><\/li>\n<li><a href=\"\/en\/katalog\/tab-4\/\">Double row angular contact ball bearings<\/a><\/li>\n<li><a href=\"\/en\/katalog\/tab-5\/\">Double row self-aligning ball bearings<\/a><\/li>\n<li><a href=\"\/en\/katalog\/tab-12\/\">Single direction thrust ball bearings<\/a><\/li>\n<li><a href=\"\/en\/katalog\/tab-13\/\">Double direction thrust ball bearings<\/a><\/li>\n<\/ul>\n<\/div>[vc_empty_space height=&#8221;30px&#8221;]<section class=\"shortcode-action-box table shortcode-action-bg block-style-widget\"><div class=\"text-big\"><h2>Cylindrical bearings<\/h2>\n<\/div><\/section>[vc_empty_space height=&#8221;15px&#8221;]<div class=\"standard-arrow bullet-top\"><ul>\n<li><a href=\"\/en\/katalog\/tab-6\/\">Single row cylindrical roller bearings<\/a><\/li>\n<li><a href=\"\/en\/katalog\/tab-7\/\">Single row cylindrical roller bearings with wider inner ring<\/a><\/li>\n<li><a href=\"\/en\/katalog\/tab-8\/\">Full complement cylindrical roller bearings, type NCF<\/a><\/li>\n<li><a href=\"\/en\/katalog\/tab-9\/\">Full complement cylindrical roller bearings, type NNC, NNCL, NNCF<\/a><\/li>\n<li><a href=\"\/en\/katalog\/tab-10\/\">Full complement cylindrical roller bearings, type NNF<\/a><\/li>\n<li><a href=\"\/en\/katalog\/tab-14\/\">Cylindrical roller thrust bearings<\/a><\/li>\n<\/ul>\n<\/div>[vc_empty_space height=&#8221;30px&#8221;]<section class=\"shortcode-action-box table shortcode-action-bg block-style-widget\"><div class=\"text-big\"><h2>Spherical bearings<\/h2>\n<\/div><\/section>[vc_empty_space height=&#8221;15px&#8221;]<div class=\"standard-arrow bullet-top\"><ul>\n<li><a href=\"\/en\/katalog\/tab-11\/\">Double row spherical roller bearings with cylindrical and tapered bore<\/a><\/li>\n<li><a href=\"\/en\/katalog\/tab-15\/\">Spherical roller thrust bearings<\/a><\/li>\n<\/ul>\n<\/div>[vc_empty_space height=&#8221;30px&#8221;]<section class=\"shortcode-action-box table shortcode-action-bg block-style-widget\"><div class=\"text-big\"><h2>Insert ball bearing housing units<\/h2>\n<\/div><\/section>[vc_empty_space height=&#8221;15px&#8221;]<div class=\"standard-arrow bullet-top\"><ul>\n<li><a href=\"\/en\/katalog\/tab-20\/\">Square Flanged Housing Unit &#8211; FG type<\/a><\/li>\n<li><a href=\"\/en\/katalog\/tab-21\/\">Pillow Block Housing Unit &#8211; SG type<\/a><\/li>\n<li><a href=\"\/en\/katalog\/tab-22\/\">Oval Flanged Cast Housing Unit &#8211; FM type<\/a><\/li>\n<\/ul>\n<\/div>[\/vc_column_inner][vc_column_inner width=&#8221;1\/2&#8243;]<section class=\"shortcode-action-box table shortcode-action-bg block-style-widget\"><div class=\"text-big\"><h2>Needle roller bearing<\/h2>\n<\/div><\/section>[vc_empty_space height=&#8221;15px&#8221;]<div class=\"standard-arrow bullet-top\"><ul>\n<li><a href=\"\/en\/katalog\/ihl-1\/\">Needle cages \u2013 single row, double row<\/a><\/li>\n<li><a href=\"\/en\/katalog\/ihl-2\/\">Needle roller bearings without inner ring<\/a><\/li>\n<li><a href=\"\/en\/katalog\/ihl-3\/\">Needle roller bearings with inner ring<\/a><\/li>\n<li><a href=\"\/en\/katalog\/ihl-4\/\">Alignment needle roller bearings without inner ring<\/a><\/li>\n<li><a href=\"\/en\/katalog\/ihl-5\/\">Alignment needle roller bearings with inner ring<\/a><\/li>\n<li><a href=\"\/en\/katalog\/ihl-6\/\">Needle roller bearings without flanges<\/a><\/li>\n<li><a href=\"\/en\/katalog\/ihl-7\/\">Cage assemblies of type KZK<\/a><\/li>\n<li><a href=\"\/en\/katalog\/ihl-8\/\">Cage assemblies of type KBK<\/a><\/li>\n<li><a href=\"\/en\/katalog\/ihl-9\/\">Drawn cup needle roller bearings with open ends, closed ends, with cage<\/a><\/li>\n<li><a href=\"\/en\/katalog\/ihl-10\/\">Drawn cup needle roller bearings with open ends, closed ends, sealed, with cage<\/a><\/li>\n<li><a href=\"\/en\/katalog\/ihl-11\/\">Drawn cup needle roller bearings with open ends, closed ends<\/a><\/li>\n<li><a href=\"\/en\/katalog\/ihl-12\/\">Axial cages with needles \/ Axial bearing rings<\/a><\/li>\n<li><a href=\"\/en\/katalog\/ihl-13\/\">Support rollers type NUTR<\/a><\/li>\n<li><a href=\"\/en\/katalog\/ihl-14\/\">Support rollers type NATR, NATV<\/a><\/li>\n<li><a href=\"\/en\/katalog\/ihl-15\/\">Cam followers<\/a><\/li>\n<\/ul>\n<\/div>[vc_empty_space height=&#8221;30px&#8221;]<section class=\"shortcode-action-box table shortcode-action-bg block-style-widget\"><div class=\"text-big\"><h2>Other bearings<\/h2>\n<\/div><\/section>[vc_empty_space height=&#8221;15px&#8221;]<div class=\"standard-arrow bullet-top\"><ul>\n<li><a href=\"\/en\/katalog\/tab-16\/\">Insert ball bearings<\/a><\/li>\n<li><a href=\"\/en\/katalog\/tab-17\/\">Spherical plain bearings<\/a><\/li>\n<li><a href=\"\/en\/katalog\/tab-18\/\">Special bearings<\/a><\/li>\n<li><a href=\"\/en\/katalog\/tab-19\/\">Special angular contact bearings<\/a><\/li>\n<\/ul>\n<\/div>[vc_empty_space height=&#8221;30px&#8221;]<section class=\"shortcode-action-box table shortcode-action-bg block-style-widget\"><div class=\"text-big\"><h2>Accessories<\/h2>\n<\/div><\/section>[vc_empty_space height=&#8221;15px&#8221;]<div class=\"standard-arrow bullet-top\"><ul>\n<li><a href=\"\/en\/katalog\/tab-23\/\">Adapter sleeves<\/a><\/li>\n<li><a href=\"\/en\/katalog\/tab-24\/\">Withdrawal sleeves<\/a><\/li>\n<li><a href=\"\/en\/katalog\/tab-25\/\">Ending nuts<\/a><\/li>\n<li><a href=\"\/en\/katalog\/tab-26\/\">Locking washers<\/a><\/li>\n<li><a href=\"\/en\/katalog\/tab-27\/\">Locking clip<\/a><\/li>\n<\/ul>\n<\/div>[\/vc_column_inner][\/vc_row_inner][\/vc_accordion_tab][\/vc_accordion][\/vc_column][\/vc_row]<\/p>\n<\/section><br \/>\n<img loading=\"lazy\" decoding=\"async\" src=\"\/wp-content\/uploads\/tab-17-2021.png\" alt=\"K\u013abov\u00e9 lo\u017eisk\u00e1\" width=\"1050\" height=\"235\" class=\"aligncenter size-full wp-image-6448\" srcset=\"https:\/\/www.zvlbearing-catalog.sk\/wp-content\/uploads\/tab-17-2021.png 1050w, https:\/\/www.zvlbearing-catalog.sk\/wp-content\/uploads\/tab-17-2021-150x34.png 150w, https:\/\/www.zvlbearing-catalog.sk\/wp-content\/uploads\/tab-17-2021-350x78.png 350w, https:\/\/www.zvlbearing-catalog.sk\/wp-content\/uploads\/tab-17-2021-1024x229.png 1024w\" sizes=\"(max-width: 1050px) 100vw, 1050px\" \/><\/p>\n<\/section>","protected":false},"excerpt":{"rendered":"<p>[vc_row][vc_column][vc_accordion active_tab=&#8221;false&#8221; title_size=&#8221;h2&#8243; style=&#8221;2&#8243;][vc_accordion_tab title=&#8221;BEARING TYPE \u2192 select from the drop down menu catalog bearing type&#8221;][vc_row_inner][vc_column_inner width=&#8221;1\/2&#8243;]Ball bearings [vc_empty_space height=&#8221;15px&#8221;] Single row deep groove ball bearings Single row angular contact ball bearings Single row four-point angular contact ball bearings Double row angular contact ball bearings Double row self-aligning ball bearings Single direction thrust ball bearings&hellip;<\/p>\n","protected":false},"author":1,"featured_media":0,"parent":806,"menu_order":17,"comment_status":"closed","ping_status":"closed","template":"template-microsite-17.php","meta":{"footnotes":""},"yoast_head":"<!-- This site is optimized with the Yoast SEO Premium plugin v18.3 (Yoast SEO v21.9.1) - https:\/\/yoast.com\/wordpress\/plugins\/seo\/ -->\n<title>Spherical plain bearings | ZVL SLOVAKIA a.s.<\/title>\n<meta name=\"robots\" content=\"index, follow, max-snippet:-1, max-image-preview:large, max-video-preview:-1\" \/>\n<link rel=\"canonical\" href=\"https:\/\/www.zvlbearing-catalog.sk\/en\/katalog\/tab-17\/\" \/>\n<meta property=\"og:locale\" content=\"en_US\" \/>\n<meta property=\"og:type\" content=\"article\" \/>\n<meta property=\"og:title\" content=\"Spherical plain bearings\" \/>\n<meta property=\"og:url\" content=\"https:\/\/www.zvlbearing-catalog.sk\/en\/katalog\/tab-17\/\" \/>\n<meta property=\"og:site_name\" content=\"ZVL SLOVAKIA a.s.\" \/>\n<meta property=\"article:publisher\" content=\"https:\/\/www.facebook.com\/zvlslovakia\/\" \/>\n<meta property=\"article:modified_time\" content=\"2021-04-01T14:47:42+00:00\" \/>\n<script type=\"application\/ld+json\" class=\"yoast-schema-graph\">{\"@context\":\"https:\/\/schema.org\",\"@graph\":[{\"@type\":\"WebPage\",\"@id\":\"https:\/\/www.zvlbearing-catalog.sk\/en\/katalog\/tab-17\/\",\"url\":\"https:\/\/www.zvlbearing-catalog.sk\/en\/katalog\/tab-17\/\",\"name\":\"Spherical plain bearings | ZVL SLOVAKIA a.s.\",\"isPartOf\":{\"@id\":\"http:\/\/www.zvlbearing-catalog.sk\/en\/#website\"},\"datePublished\":\"2012-07-26T09:36:28+00:00\",\"dateModified\":\"2021-04-01T14:47:42+00:00\",\"breadcrumb\":{\"@id\":\"https:\/\/www.zvlbearing-catalog.sk\/en\/katalog\/tab-17\/#breadcrumb\"},\"inLanguage\":\"en-US\",\"potentialAction\":[{\"@type\":\"ReadAction\",\"target\":[[\"https:\/\/www.zvlbearing-catalog.sk\/en\/katalog\/tab-17\/\"]]}]},{\"@type\":\"BreadcrumbList\",\"@id\":\"https:\/\/www.zvlbearing-catalog.sk\/en\/katalog\/tab-17\/#breadcrumb\",\"itemListElement\":[{\"@type\":\"ListItem\",\"position\":1,\"name\":\"Domovsk\u00e1 str\u00e1nka\",\"item\":\"http:\/\/www.zvlbearing-catalog.sk\/en\/\"},{\"@type\":\"ListItem\",\"position\":2,\"name\":\"Interakt\u00edvny katal\u00f3g lo\u017e\u00edsk\",\"item\":\"https:\/\/www.zvlbearing-catalog.sk\/en\/katalog\/\"},{\"@type\":\"ListItem\",\"position\":3,\"name\":\"K\u013abov\u00e9 lo\u017eisk\u00e1\"}]},{\"@type\":\"WebSite\",\"@id\":\"http:\/\/www.zvlbearing-catalog.sk\/en\/#website\",\"url\":\"http:\/\/www.zvlbearing-catalog.sk\/en\/\",\"name\":\"ZVL SLOVAKIA a.s.\",\"description\":\"V\u00fdroba lo\u017e\u00edsk, pr\u00edslu\u0161enstvo, predaj lo\u017e\u00edsk\",\"publisher\":{\"@id\":\"http:\/\/www.zvlbearing-catalog.sk\/en\/#organization\"},\"potentialAction\":[{\"@type\":\"SearchAction\",\"target\":{\"@type\":\"EntryPoint\",\"urlTemplate\":\"http:\/\/www.zvlbearing-catalog.sk\/en\/?s={search_term_string}\"},\"query-input\":\"required name=search_term_string\"}],\"inLanguage\":\"en-US\"},{\"@type\":\"Organization\",\"@id\":\"http:\/\/www.zvlbearing-catalog.sk\/en\/#organization\",\"name\":\"ZVL SLOVAKIA a.s.\",\"url\":\"http:\/\/www.zvlbearing-catalog.sk\/en\/\",\"logo\":{\"@type\":\"ImageObject\",\"inLanguage\":\"en-US\",\"@id\":\"http:\/\/www.zvlbearing-catalog.sk\/en\/#\/schema\/logo\/image\/\",\"url\":\"https:\/\/www.zvlbearing-catalog.sk\/wp-content\/uploads\/zvl-icon-152.jpg\",\"contentUrl\":\"https:\/\/www.zvlbearing-catalog.sk\/wp-content\/uploads\/zvl-icon-152.jpg\",\"width\":145,\"height\":145,\"caption\":\"ZVL SLOVAKIA a.s.\"},\"image\":{\"@id\":\"http:\/\/www.zvlbearing-catalog.sk\/en\/#\/schema\/logo\/image\/\"},\"sameAs\":[\"https:\/\/www.facebook.com\/zvlslovakia\/\"]}]}<\/script>\n<!-- \/ Yoast SEO Premium plugin. -->","yoast_head_json":{"title":"Spherical plain bearings | ZVL SLOVAKIA a.s.","robots":{"index":"index","follow":"follow","max-snippet":"max-snippet:-1","max-image-preview":"max-image-preview:large","max-video-preview":"max-video-preview:-1"},"canonical":"https:\/\/www.zvlbearing-catalog.sk\/en\/katalog\/tab-17\/","og_locale":"en_US","og_type":"article","og_title":"Spherical plain bearings","og_url":"https:\/\/www.zvlbearing-catalog.sk\/en\/katalog\/tab-17\/","og_site_name":"ZVL SLOVAKIA a.s.","article_publisher":"https:\/\/www.facebook.com\/zvlslovakia\/","article_modified_time":"2021-04-01T14:47:42+00:00","schema":{"@context":"https:\/\/schema.org","@graph":[{"@type":"WebPage","@id":"https:\/\/www.zvlbearing-catalog.sk\/en\/katalog\/tab-17\/","url":"https:\/\/www.zvlbearing-catalog.sk\/en\/katalog\/tab-17\/","name":"Spherical plain bearings | ZVL SLOVAKIA a.s.","isPartOf":{"@id":"http:\/\/www.zvlbearing-catalog.sk\/en\/#website"},"datePublished":"2012-07-26T09:36:28+00:00","dateModified":"2021-04-01T14:47:42+00:00","breadcrumb":{"@id":"https:\/\/www.zvlbearing-catalog.sk\/en\/katalog\/tab-17\/#breadcrumb"},"inLanguage":"en-US","potentialAction":[{"@type":"ReadAction","target":[["https:\/\/www.zvlbearing-catalog.sk\/en\/katalog\/tab-17\/"]]}]},{"@type":"BreadcrumbList","@id":"https:\/\/www.zvlbearing-catalog.sk\/en\/katalog\/tab-17\/#breadcrumb","itemListElement":[{"@type":"ListItem","position":1,"name":"Domovsk\u00e1 str\u00e1nka","item":"http:\/\/www.zvlbearing-catalog.sk\/en\/"},{"@type":"ListItem","position":2,"name":"Interakt\u00edvny katal\u00f3g lo\u017e\u00edsk","item":"https:\/\/www.zvlbearing-catalog.sk\/en\/katalog\/"},{"@type":"ListItem","position":3,"name":"K\u013abov\u00e9 lo\u017eisk\u00e1"}]},{"@type":"WebSite","@id":"http:\/\/www.zvlbearing-catalog.sk\/en\/#website","url":"http:\/\/www.zvlbearing-catalog.sk\/en\/","name":"ZVL SLOVAKIA a.s.","description":"V\u00fdroba lo\u017e\u00edsk, pr\u00edslu\u0161enstvo, predaj lo\u017e\u00edsk","publisher":{"@id":"http:\/\/www.zvlbearing-catalog.sk\/en\/#organization"},"potentialAction":[{"@type":"SearchAction","target":{"@type":"EntryPoint","urlTemplate":"http:\/\/www.zvlbearing-catalog.sk\/en\/?s={search_term_string}"},"query-input":"required name=search_term_string"}],"inLanguage":"en-US"},{"@type":"Organization","@id":"http:\/\/www.zvlbearing-catalog.sk\/en\/#organization","name":"ZVL SLOVAKIA a.s.","url":"http:\/\/www.zvlbearing-catalog.sk\/en\/","logo":{"@type":"ImageObject","inLanguage":"en-US","@id":"http:\/\/www.zvlbearing-catalog.sk\/en\/#\/schema\/logo\/image\/","url":"https:\/\/www.zvlbearing-catalog.sk\/wp-content\/uploads\/zvl-icon-152.jpg","contentUrl":"https:\/\/www.zvlbearing-catalog.sk\/wp-content\/uploads\/zvl-icon-152.jpg","width":145,"height":145,"caption":"ZVL SLOVAKIA a.s."},"image":{"@id":"http:\/\/www.zvlbearing-catalog.sk\/en\/#\/schema\/logo\/image\/"},"sameAs":["https:\/\/www.facebook.com\/zvlslovakia\/"]}]}},"_links":{"self":[{"href":"https:\/\/www.zvlbearing-catalog.sk\/en\/wp-json\/wp\/v2\/pages\/2186"}],"collection":[{"href":"https:\/\/www.zvlbearing-catalog.sk\/en\/wp-json\/wp\/v2\/pages"}],"about":[{"href":"https:\/\/www.zvlbearing-catalog.sk\/en\/wp-json\/wp\/v2\/types\/page"}],"author":[{"embeddable":true,"href":"https:\/\/www.zvlbearing-catalog.sk\/en\/wp-json\/wp\/v2\/users\/1"}],"replies":[{"embeddable":true,"href":"https:\/\/www.zvlbearing-catalog.sk\/en\/wp-json\/wp\/v2\/comments?post=2186"}],"version-history":[{"count":0,"href":"https:\/\/www.zvlbearing-catalog.sk\/en\/wp-json\/wp\/v2\/pages\/2186\/revisions"}],"up":[{"embeddable":true,"href":"https:\/\/www.zvlbearing-catalog.sk\/en\/wp-json\/wp\/v2\/pages\/806"}],"wp:attachment":[{"href":"https:\/\/www.zvlbearing-catalog.sk\/en\/wp-json\/wp\/v2\/media?parent=2186"}],"curies":[{"name":"wp","href":"https:\/\/api.w.org\/{rel}","templated":true}]}}