{"id":806,"date":"2012-05-30T13:52:23","date_gmt":"2012-05-30T13:52:23","guid":{"rendered":"http:\/\/www.zvl.renad.sk\/?page_id=806"},"modified":"2020-10-03T15:25:58","modified_gmt":"2020-10-03T15:25:58","slug":"katalog","status":"publish","type":"page","link":"https:\/\/www.zvlbearing-catalog.sk\/de\/katalog\/","title":{"rendered":"Interaktiver W\u00e4lzlagerkatalog"},"content":{"rendered":"<section class=\"wpb-content-wrapper\"><p>[vc_row][vc_column width=&#8220;1\/2&#8243;]<section class=\"shortcode-action-box table shortcode-action-bg block-style-widget\"><div class=\"text-big\"><h2>Kugellager<\/h2>\n<\/div><\/section>[vc_empty_space height=&#8220;15px&#8220;]<div class=\"standard-arrow bullet-top\"><ul>\n<li><a href=\"\/de\/katalog\/tab-1\/\">Einreihige Rillenkugellager<\/a><\/li>\n<li><a href=\"\/de\/katalog\/tab-2\/\">Einreihige Schr\u00e4gkugellager<\/a><\/li>\n<li><a href=\"\/de\/katalog\/tab-3\/\">Einreihige Vierpunktkugellager<\/a><\/li>\n<li><a href=\"\/de\/katalog\/tab-4\/\">Zweireihige Schr\u00e4gkugellager<\/a><\/li>\n<li><a href=\"\/de\/katalog\/tab-5\/\">Zweireihige Pendelkugellager<\/a><\/li>\n<li><a href=\"\/de\/katalog\/tab-12\/\">Einseitig wirkende Axial-Rillenkugellager<\/a><\/li>\n<li><a href=\"\/de\/katalog\/tab-13\/\">Zweiseitig wirkende Axial-Rillenkugellager<\/a><\/li>\n<\/ul>\n<\/div>[vc_empty_space height=&#8220;30px&#8220;]<section class=\"shortcode-action-box table shortcode-action-bg block-style-widget\"><div class=\"text-big\"><h2>Zylinderrollenlager<\/h2>\n<\/div><\/section>[vc_empty_space height=&#8220;15px&#8220;]<div class=\"standard-arrow bullet-top\"><ul>\n<li><a href=\"\/de\/katalog\/tab-6\/\">Einreihige Zyllinderrollenlager<\/a><\/li>\n<li><a href=\"\/de\/katalog\/tab-7\/\">Einreihige Zylinderrollenlager mit dem breiterem Innenring<\/a><\/li>\n<li><a href=\"\/de\/katalog\/tab-8\/\">Vollrollige Zyllinderrollenlager, typ NCF<\/a><\/li>\n<li><a href=\"\/de\/katalog\/tab-9\/\">Vollrollige Zyllinderrollenlager, typ NNC, NNCL, NNCF<\/a><\/li>\n<li><a href=\"\/de\/katalog\/tab-10\/\">Vollrollige Zyllinderrollenlager, typ NNF<\/a><\/li>\n<li><a href=\"\/de\/katalog\/tab-14\/\">Axial-Zylinderrollenlager<\/a><\/li>\n<\/ul>\n<\/div>[vc_empty_space height=&#8220;30px&#8220;]<section class=\"shortcode-action-box table shortcode-action-bg block-style-widget\"><div class=\"text-big\"><h2>Pendelrollenlager<\/h2>\n<\/div><\/section>[vc_empty_space height=&#8220;15px&#8220;]<div class=\"standard-arrow bullet-top\"><ul>\n<li><a href=\"\/de\/katalog\/tab-11\/\">Zweireihige Pendelrollenlager<\/a><\/li>\n<li><a href=\"\/de\/katalog\/tab-15\/\">Axial-Pendelrollenlager<\/a><\/li>\n<\/ul>\n<\/div>[vc_empty_space height=&#8220;30px&#8220;]<section class=\"shortcode-action-box table shortcode-action-bg block-style-widget\"><div class=\"text-big\"><h2>Geh\u00e4useeinheiten f\u00fcr spannlager<\/h2>\n<\/div><\/section>[vc_empty_space height=&#8220;15px&#8220;]<div class=\"standard-arrow bullet-top\"><ul>\n<li><a href=\"\/de\/katalog\/tab-20\/\">Flansch-Geha\u00e4useeinheiten des Typs FG<\/a><\/li>\n<li><a href=\"\/de\/katalog\/tab-21\/\">Stehe-Geh\u00e4useeinheiten des Typs SG<\/a><\/li>\n<li><a href=\"\/de\/katalog\/tab-22\/\">Oval Flanged Cast Housing Unit &#8211; FM type<\/a><\/li>\n<\/ul>\n<\/div>[\/vc_column][vc_column width=&#8220;1\/2&#8243;]<section class=\"shortcode-action-box table shortcode-action-bg block-style-widget\"><div class=\"text-big\"><h2>Needle roller bearing<\/h2>\n<\/div><\/section>[vc_empty_space height=&#8220;15px&#8220;]<div class=\"standard-arrow bullet-top\"><ul>\n<li><a href=\"\/de\/katalog\/ihl-1\/\">Needle cages \u2013 single row, double row<\/a><\/li>\n<li><a href=\"\/de\/katalog\/ihl-2\/\">Needle roller bearings without inner ring<\/a><\/li>\n<li><a href=\"\/de\/katalog\/ihl-3\/\">Needle roller bearings with inner ring<\/a><\/li>\n<li><a href=\"\/de\/katalog\/ihl-4\/\">Alignment needle roller bearings without inner ring<\/a><\/li>\n<li><a href=\"\/de\/katalog\/ihl-5\/\">Alignment needle roller bearings with inner ring<\/a><\/li>\n<li><a href=\"\/de\/katalog\/ihl-6\/\">Needle roller bearings without flanges<\/a><\/li>\n<li><a href=\"\/de\/katalog\/ihl-7\/\">Cage assemblies of type KZK<\/a><\/li>\n<li><a href=\"\/de\/katalog\/ihl-8\/\">Cage assemblies of type KBK<\/a><\/li>\n<li><a href=\"\/de\/katalog\/ihl-9\/\">Drawn cup needle roller bearings with open ends, closed ends, with cage<\/a><\/li>\n<li><a href=\"\/de\/katalog\/ihl-10\/\">Drawn cup needle roller bearings with open ends, closed ends, sealed, with cage<\/a><\/li>\n<li><a href=\"\/de\/katalog\/ihl-11\/\">Drawn cup needle roller bearings with open ends, closed ends<\/a><\/li>\n<li><a href=\"\/de\/katalog\/ihl-12\/\">Axial cages with needles \/ Axial bearing rings<\/a><\/li>\n<li><a href=\"\/de\/katalog\/ihl-13\/\">Support rollers type NUTR<\/a><\/li>\n<li><a href=\"\/de\/katalog\/ihl-14\/\">Support rollers type NATR, NATV<\/a><\/li>\n<li><a href=\"\/de\/katalog\/ihl-15\/\">Cam followers<\/a><\/li>\n<\/ul>\n<\/div>[vc_empty_space height=&#8220;30px&#8220;]<section class=\"shortcode-action-box table shortcode-action-bg block-style-widget\"><div class=\"text-big\"><h2>Sonstige Lager<\/h2>\n<\/div><\/section>[vc_empty_space height=&#8220;15px&#8220;]<div class=\"standard-arrow bullet-top\"><ul>\n<li><a href=\"\/de\/katalog\/tab-16\/\">Spannlager <\/a><\/li>\n<li><a href=\"\/de\/katalog\/tab-17\/\">Gelenklager <\/a><\/li>\n<li><a href=\"\/de\/katalog\/tab-18\/\">Spezielle W\u00e4lzlager<\/a><\/li>\n<li><a href=\"\/de\/katalog\/tab-19\/\">Spezielle Schr\u00e4gkugellager<\/a><\/li>\n<\/ul>\n<\/div>[vc_empty_space height=&#8220;30px&#8220;]<section class=\"shortcode-action-box table shortcode-action-bg block-style-widget\"><div class=\"text-big\"><h2>Zubeh\u00f6r<\/h2>\n<\/div><\/section>[vc_empty_space height=&#8220;15px&#8220;]<div class=\"standard-arrow bullet-top\"><ul>\n<li><a href=\"\/de\/katalog\/tab-23\/\">Spannh\u00fclsen<\/a><\/li>\n<li><a href=\"\/de\/katalog\/tab-24\/\">Abziehh\u00fclsen<\/a><\/li>\n<li><a href=\"\/de\/katalog\/tab-25\/\">Endmuttern<\/a><\/li>\n<li><a href=\"\/de\/katalog\/tab-26\/\">Sicherungsbleche<\/a><\/li>\n<li><a href=\"\/de\/katalog\/tab-27\/\">Sicherungsb\u00fcchsen<\/a><\/li>\n<\/ul>\n<\/div>[\/vc_column][\/vc_row]<\/p>\n<\/section>","protected":false},"excerpt":{"rendered":"<p>[vc_row][vc_column width=&#8220;1\/2&#8243;][vc_empty_space height=&#8220;15px&#8220;][vc_empty_space height=&#8220;30px&#8220;][vc_empty_space height=&#8220;15px&#8220;][vc_empty_space height=&#8220;30px&#8220;][vc_empty_space height=&#8220;15px&#8220;][vc_empty_space height=&#8220;30px&#8220;][vc_empty_space height=&#8220;15px&#8220;][\/vc_column][vc_column width=&#8220;1\/2&#8243;][vc_empty_space height=&#8220;15px&#8220;][vc_empty_space height=&#8220;30px&#8220;][vc_empty_space height=&#8220;15px&#8220;][vc_empty_space height=&#8220;30px&#8220;][vc_empty_space height=&#8220;15px&#8220;][\/vc_column][\/vc_row]<\/p>\n","protected":false},"author":1,"featured_media":0,"parent":0,"menu_order":1,"comment_status":"closed","ping_status":"closed","template":"template-microsite-katalog.php","meta":{"footnotes":""},"yoast_head":"<!-- This site is optimized with the Yoast SEO Premium plugin v18.3 (Yoast SEO v21.9.1) - https:\/\/yoast.com\/wordpress\/plugins\/seo\/ -->\n<title>Interaktiver W\u00e4lzlagerkatalog | ZVL SLOVAKIA a.s.<\/title>\n<meta name=\"robots\" content=\"index, follow, max-snippet:-1, max-image-preview:large, max-video-preview:-1\" \/>\n<link rel=\"canonical\" href=\"https:\/\/www.zvlbearing-catalog.sk\/de\/katalog\/\" \/>\n<meta property=\"og:locale\" content=\"de_DE\" \/>\n<meta property=\"og:type\" content=\"article\" \/>\n<meta property=\"og:title\" content=\"Interaktiver W\u00e4lzlagerkatalog\" \/>\n<meta property=\"og:url\" content=\"https:\/\/www.zvlbearing-catalog.sk\/de\/katalog\/\" \/>\n<meta property=\"og:site_name\" content=\"ZVL SLOVAKIA a.s.\" \/>\n<meta property=\"article:publisher\" content=\"https:\/\/www.facebook.com\/zvlslovakia\/\" \/>\n<meta property=\"article:modified_time\" content=\"2020-10-03T15:25:58+00:00\" \/>\n<meta name=\"twitter:label1\" content=\"Gesch\u00e4tzte Lesezeit\" \/>\n\t<meta name=\"twitter:data1\" content=\"17 Minuten\" \/>\n<script type=\"application\/ld+json\" class=\"yoast-schema-graph\">{\"@context\":\"https:\/\/schema.org\",\"@graph\":[{\"@type\":\"WebPage\",\"@id\":\"https:\/\/www.zvlbearing-catalog.sk\/de\/katalog\/\",\"url\":\"https:\/\/www.zvlbearing-catalog.sk\/de\/katalog\/\",\"name\":\"Interaktiver W\u00e4lzlagerkatalog | ZVL SLOVAKIA a.s.\",\"isPartOf\":{\"@id\":\"http:\/\/www.zvlbearing-catalog.sk\/de\/#website\"},\"datePublished\":\"2012-05-30T13:52:23+00:00\",\"dateModified\":\"2020-10-03T15:25:58+00:00\",\"breadcrumb\":{\"@id\":\"https:\/\/www.zvlbearing-catalog.sk\/de\/katalog\/#breadcrumb\"},\"inLanguage\":\"de-DE\",\"potentialAction\":[{\"@type\":\"ReadAction\",\"target\":[[\"https:\/\/www.zvlbearing-catalog.sk\/de\/katalog\/\"]]}]},{\"@type\":\"BreadcrumbList\",\"@id\":\"https:\/\/www.zvlbearing-catalog.sk\/de\/katalog\/#breadcrumb\",\"itemListElement\":[{\"@type\":\"ListItem\",\"position\":1,\"name\":\"Domovsk\u00e1 str\u00e1nka\",\"item\":\"http:\/\/www.zvlbearing-catalog.sk\/de\/\"},{\"@type\":\"ListItem\",\"position\":2,\"name\":\"Interakt\u00edvny katal\u00f3g lo\u017e\u00edsk\"}]},{\"@type\":\"WebSite\",\"@id\":\"http:\/\/www.zvlbearing-catalog.sk\/de\/#website\",\"url\":\"http:\/\/www.zvlbearing-catalog.sk\/de\/\",\"name\":\"ZVL SLOVAKIA a.s.\",\"description\":\"V\u00fdroba lo\u017e\u00edsk, pr\u00edslu\u0161enstvo, predaj lo\u017e\u00edsk\",\"publisher\":{\"@id\":\"http:\/\/www.zvlbearing-catalog.sk\/de\/#organization\"},\"potentialAction\":[{\"@type\":\"SearchAction\",\"target\":{\"@type\":\"EntryPoint\",\"urlTemplate\":\"http:\/\/www.zvlbearing-catalog.sk\/de\/?s={search_term_string}\"},\"query-input\":\"required name=search_term_string\"}],\"inLanguage\":\"de-DE\"},{\"@type\":\"Organization\",\"@id\":\"http:\/\/www.zvlbearing-catalog.sk\/de\/#organization\",\"name\":\"ZVL SLOVAKIA a.s.\",\"url\":\"http:\/\/www.zvlbearing-catalog.sk\/de\/\",\"logo\":{\"@type\":\"ImageObject\",\"inLanguage\":\"de-DE\",\"@id\":\"http:\/\/www.zvlbearing-catalog.sk\/de\/#\/schema\/logo\/image\/\",\"url\":\"https:\/\/www.zvlbearing-catalog.sk\/wp-content\/uploads\/zvl-icon-152.jpg\",\"contentUrl\":\"https:\/\/www.zvlbearing-catalog.sk\/wp-content\/uploads\/zvl-icon-152.jpg\",\"width\":145,\"height\":145,\"caption\":\"ZVL SLOVAKIA a.s.\"},\"image\":{\"@id\":\"http:\/\/www.zvlbearing-catalog.sk\/de\/#\/schema\/logo\/image\/\"},\"sameAs\":[\"https:\/\/www.facebook.com\/zvlslovakia\/\"]}]}<\/script>\n<!-- \/ Yoast SEO Premium plugin. -->","yoast_head_json":{"title":"Interaktiver W\u00e4lzlagerkatalog | ZVL SLOVAKIA a.s.","robots":{"index":"index","follow":"follow","max-snippet":"max-snippet:-1","max-image-preview":"max-image-preview:large","max-video-preview":"max-video-preview:-1"},"canonical":"https:\/\/www.zvlbearing-catalog.sk\/de\/katalog\/","og_locale":"de_DE","og_type":"article","og_title":"Interaktiver W\u00e4lzlagerkatalog","og_url":"https:\/\/www.zvlbearing-catalog.sk\/de\/katalog\/","og_site_name":"ZVL SLOVAKIA a.s.","article_publisher":"https:\/\/www.facebook.com\/zvlslovakia\/","article_modified_time":"2020-10-03T15:25:58+00:00","twitter_misc":{"Gesch\u00e4tzte Lesezeit":"17 Minuten"},"schema":{"@context":"https:\/\/schema.org","@graph":[{"@type":"WebPage","@id":"https:\/\/www.zvlbearing-catalog.sk\/de\/katalog\/","url":"https:\/\/www.zvlbearing-catalog.sk\/de\/katalog\/","name":"Interaktiver W\u00e4lzlagerkatalog | ZVL SLOVAKIA a.s.","isPartOf":{"@id":"http:\/\/www.zvlbearing-catalog.sk\/de\/#website"},"datePublished":"2012-05-30T13:52:23+00:00","dateModified":"2020-10-03T15:25:58+00:00","breadcrumb":{"@id":"https:\/\/www.zvlbearing-catalog.sk\/de\/katalog\/#breadcrumb"},"inLanguage":"de-DE","potentialAction":[{"@type":"ReadAction","target":[["https:\/\/www.zvlbearing-catalog.sk\/de\/katalog\/"]]}]},{"@type":"BreadcrumbList","@id":"https:\/\/www.zvlbearing-catalog.sk\/de\/katalog\/#breadcrumb","itemListElement":[{"@type":"ListItem","position":1,"name":"Domovsk\u00e1 str\u00e1nka","item":"http:\/\/www.zvlbearing-catalog.sk\/de\/"},{"@type":"ListItem","position":2,"name":"Interakt\u00edvny katal\u00f3g lo\u017e\u00edsk"}]},{"@type":"WebSite","@id":"http:\/\/www.zvlbearing-catalog.sk\/de\/#website","url":"http:\/\/www.zvlbearing-catalog.sk\/de\/","name":"ZVL SLOVAKIA a.s.","description":"V\u00fdroba lo\u017e\u00edsk, pr\u00edslu\u0161enstvo, predaj lo\u017e\u00edsk","publisher":{"@id":"http:\/\/www.zvlbearing-catalog.sk\/de\/#organization"},"potentialAction":[{"@type":"SearchAction","target":{"@type":"EntryPoint","urlTemplate":"http:\/\/www.zvlbearing-catalog.sk\/de\/?s={search_term_string}"},"query-input":"required name=search_term_string"}],"inLanguage":"de-DE"},{"@type":"Organization","@id":"http:\/\/www.zvlbearing-catalog.sk\/de\/#organization","name":"ZVL SLOVAKIA a.s.","url":"http:\/\/www.zvlbearing-catalog.sk\/de\/","logo":{"@type":"ImageObject","inLanguage":"de-DE","@id":"http:\/\/www.zvlbearing-catalog.sk\/de\/#\/schema\/logo\/image\/","url":"https:\/\/www.zvlbearing-catalog.sk\/wp-content\/uploads\/zvl-icon-152.jpg","contentUrl":"https:\/\/www.zvlbearing-catalog.sk\/wp-content\/uploads\/zvl-icon-152.jpg","width":145,"height":145,"caption":"ZVL SLOVAKIA a.s."},"image":{"@id":"http:\/\/www.zvlbearing-catalog.sk\/de\/#\/schema\/logo\/image\/"},"sameAs":["https:\/\/www.facebook.com\/zvlslovakia\/"]}]}},"_links":{"self":[{"href":"https:\/\/www.zvlbearing-catalog.sk\/de\/wp-json\/wp\/v2\/pages\/806"}],"collection":[{"href":"https:\/\/www.zvlbearing-catalog.sk\/de\/wp-json\/wp\/v2\/pages"}],"about":[{"href":"https:\/\/www.zvlbearing-catalog.sk\/de\/wp-json\/wp\/v2\/types\/page"}],"author":[{"embeddable":true,"href":"https:\/\/www.zvlbearing-catalog.sk\/de\/wp-json\/wp\/v2\/users\/1"}],"replies":[{"embeddable":true,"href":"https:\/\/www.zvlbearing-catalog.sk\/de\/wp-json\/wp\/v2\/comments?post=806"}],"version-history":[{"count":0,"href":"https:\/\/www.zvlbearing-catalog.sk\/de\/wp-json\/wp\/v2\/pages\/806\/revisions"}],"wp:attachment":[{"href":"https:\/\/www.zvlbearing-catalog.sk\/de\/wp-json\/wp\/v2\/media?parent=806"}],"curies":[{"name":"wp","href":"https:\/\/api.w.org\/{rel}","templated":true}]}}