{"id":5851,"date":"2016-10-12T14:28:17","date_gmt":"2016-10-12T14:28:17","guid":{"rendered":"http:\/\/www.zvlbearing-catalog.sk\/?page_id=5851"},"modified":"2016-10-27T11:45:40","modified_gmt":"2016-10-27T11:45:40","slug":"error","status":"publish","type":"page","link":"https:\/\/www.zvlbearing-catalog.sk\/de\/error\/","title":{"rendered":"Das gesuchte Lager ist nicht in unserer Datenbank"},"content":{"rendered":"<section class=\"wpb-content-wrapper\"><p>[vc_row][vc_column][vc_column_text]<\/p>\n<h2 style=\"text-align: center;\"><span style=\"color: #ff0000;\">Bitte, pr\u00fcfen Sie die Bezeichnung oder<\/span> <a href=\"http:\/\/www.zvlslovakia.sk\/de\/kontakt\/\" target=\"_blank\">kontaktieren Sie uns.<\/a><\/h2>\n<p>[\/vc_column_text][\/vc_column][\/vc_row][vc_row][vc_column][vc_single_image image=&#8220;5868&#8243; img_size=&#8220;full&#8220; alignment=&#8220;center&#8220; style=&#8220;vc_box_shadow_border&#8220; onclick=&#8220;custom_link&#8220; img_link_target=&#8220;_blank&#8220; link=&#8220;http:\/\/www.zvlslovakia.sk\/de\/kontakt\/&#8220;][\/vc_column][\/vc_row]<\/p>\n<\/section>","protected":false},"excerpt":{"rendered":"<p>[vc_row][vc_column][vc_column_text] Bitte, pr\u00fcfen Sie die Bezeichnung oder kontaktieren Sie uns. [\/vc_column_text][\/vc_column][\/vc_row][vc_row][vc_column][vc_single_image image=&#8220;5868&#8243; img_size=&#8220;full&#8220; alignment=&#8220;center&#8220; style=&#8220;vc_box_shadow_border&#8220; onclick=&#8220;custom_link&#8220; img_link_target=&#8220;_blank&#8220; link=&#8220;http:\/\/www.zvlslovakia.sk\/de\/kontakt\/&#8220;][\/vc_column][\/vc_row]<\/p>\n","protected":false},"author":1,"featured_media":0,"parent":0,"menu_order":0,"comment_status":"closed","ping_status":"closed","template":"","meta":{"footnotes":""},"yoast_head":"<!-- This site is optimized with the Yoast SEO Premium plugin v18.3 (Yoast SEO v21.9.1) - https:\/\/yoast.com\/wordpress\/plugins\/seo\/ -->\n<title>Das gesuchte Lager ist nicht in unserer Datenbank | ZVL SLOVAKIA a.s.<\/title>\n<meta name=\"description\" content=\"Pros\u00edm skontrolujte ozna\u010denie lo\u017eiska, pr\u00edpadne n\u00e1s kontaktujte. Please, check the designation or contact us. Bitte, pr\u00fcfen Sie die Bezeichnung oder\" \/>\n<meta name=\"robots\" content=\"index, follow, max-snippet:-1, max-image-preview:large, max-video-preview:-1\" \/>\n<link rel=\"canonical\" href=\"https:\/\/www.zvlbearing-catalog.sk\/de\/error\/\" \/>\n<meta property=\"og:locale\" content=\"de_DE\" \/>\n<meta property=\"og:type\" content=\"article\" \/>\n<meta property=\"og:title\" content=\"Das gesuchte Lager ist nicht in unserer Datenbank\" \/>\n<meta property=\"og:description\" content=\"Pros\u00edm skontrolujte ozna\u010denie lo\u017eiska, pr\u00edpadne n\u00e1s kontaktujte. Please, check the designation or contact us. Bitte, pr\u00fcfen Sie die Bezeichnung oder\" \/>\n<meta property=\"og:url\" content=\"https:\/\/www.zvlbearing-catalog.sk\/de\/error\/\" \/>\n<meta property=\"og:site_name\" content=\"ZVL SLOVAKIA a.s.\" \/>\n<meta property=\"article:publisher\" content=\"https:\/\/www.facebook.com\/zvlslovakia\/\" \/>\n<meta property=\"article:modified_time\" content=\"2016-10-27T11:45:40+00:00\" \/>\n<meta name=\"twitter:label1\" content=\"Gesch\u00e4tzte Lesezeit\" \/>\n\t<meta name=\"twitter:data1\" content=\"2 Minuten\" \/>\n<script type=\"application\/ld+json\" class=\"yoast-schema-graph\">{\"@context\":\"https:\/\/schema.org\",\"@graph\":[{\"@type\":\"WebPage\",\"@id\":\"https:\/\/www.zvlbearing-catalog.sk\/de\/error\/\",\"url\":\"https:\/\/www.zvlbearing-catalog.sk\/de\/error\/\",\"name\":\"Das gesuchte Lager ist nicht in unserer Datenbank | ZVL SLOVAKIA a.s.\",\"isPartOf\":{\"@id\":\"http:\/\/www.zvlbearing-catalog.sk\/de\/#website\"},\"datePublished\":\"2016-10-12T14:28:17+00:00\",\"dateModified\":\"2016-10-27T11:45:40+00:00\",\"description\":\"Pros\u00edm skontrolujte ozna\u010denie lo\u017eiska, pr\u00edpadne n\u00e1s kontaktujte. Please, check the designation or contact us. Bitte, pr\u00fcfen Sie die Bezeichnung oder\",\"breadcrumb\":{\"@id\":\"https:\/\/www.zvlbearing-catalog.sk\/de\/error\/#breadcrumb\"},\"inLanguage\":\"de-DE\",\"potentialAction\":[{\"@type\":\"ReadAction\",\"target\":[[\"https:\/\/www.zvlbearing-catalog.sk\/de\/error\/\"]]}]},{\"@type\":\"BreadcrumbList\",\"@id\":\"https:\/\/www.zvlbearing-catalog.sk\/de\/error\/#breadcrumb\",\"itemListElement\":[{\"@type\":\"ListItem\",\"position\":1,\"name\":\"Domovsk\u00e1 str\u00e1nka\",\"item\":\"http:\/\/www.zvlbearing-catalog.sk\/de\/\"},{\"@type\":\"ListItem\",\"position\":2,\"name\":\"Zadan\u00fd typ lo\u017eiska sa nenach\u00e1dza v na\u0161ej datab\u00e1ze\"}]},{\"@type\":\"WebSite\",\"@id\":\"http:\/\/www.zvlbearing-catalog.sk\/de\/#website\",\"url\":\"http:\/\/www.zvlbearing-catalog.sk\/de\/\",\"name\":\"ZVL SLOVAKIA a.s.\",\"description\":\"V\u00fdroba lo\u017e\u00edsk, pr\u00edslu\u0161enstvo, predaj lo\u017e\u00edsk\",\"publisher\":{\"@id\":\"http:\/\/www.zvlbearing-catalog.sk\/de\/#organization\"},\"potentialAction\":[{\"@type\":\"SearchAction\",\"target\":{\"@type\":\"EntryPoint\",\"urlTemplate\":\"http:\/\/www.zvlbearing-catalog.sk\/de\/?s={search_term_string}\"},\"query-input\":\"required name=search_term_string\"}],\"inLanguage\":\"de-DE\"},{\"@type\":\"Organization\",\"@id\":\"http:\/\/www.zvlbearing-catalog.sk\/de\/#organization\",\"name\":\"ZVL SLOVAKIA a.s.\",\"url\":\"http:\/\/www.zvlbearing-catalog.sk\/de\/\",\"logo\":{\"@type\":\"ImageObject\",\"inLanguage\":\"de-DE\",\"@id\":\"http:\/\/www.zvlbearing-catalog.sk\/de\/#\/schema\/logo\/image\/\",\"url\":\"https:\/\/www.zvlbearing-catalog.sk\/wp-content\/uploads\/zvl-icon-152.jpg\",\"contentUrl\":\"https:\/\/www.zvlbearing-catalog.sk\/wp-content\/uploads\/zvl-icon-152.jpg\",\"width\":145,\"height\":145,\"caption\":\"ZVL SLOVAKIA a.s.\"},\"image\":{\"@id\":\"http:\/\/www.zvlbearing-catalog.sk\/de\/#\/schema\/logo\/image\/\"},\"sameAs\":[\"https:\/\/www.facebook.com\/zvlslovakia\/\"]}]}<\/script>\n<!-- \/ Yoast SEO Premium plugin. -->","yoast_head_json":{"title":"Das gesuchte Lager ist nicht in unserer Datenbank | ZVL SLOVAKIA a.s.","description":"Pros\u00edm skontrolujte ozna\u010denie lo\u017eiska, pr\u00edpadne n\u00e1s kontaktujte. Please, check the designation or contact us. Bitte, pr\u00fcfen Sie die Bezeichnung oder","robots":{"index":"index","follow":"follow","max-snippet":"max-snippet:-1","max-image-preview":"max-image-preview:large","max-video-preview":"max-video-preview:-1"},"canonical":"https:\/\/www.zvlbearing-catalog.sk\/de\/error\/","og_locale":"de_DE","og_type":"article","og_title":"Das gesuchte Lager ist nicht in unserer Datenbank","og_description":"Pros\u00edm skontrolujte ozna\u010denie lo\u017eiska, pr\u00edpadne n\u00e1s kontaktujte. Please, check the designation or contact us. Bitte, pr\u00fcfen Sie die Bezeichnung oder","og_url":"https:\/\/www.zvlbearing-catalog.sk\/de\/error\/","og_site_name":"ZVL SLOVAKIA a.s.","article_publisher":"https:\/\/www.facebook.com\/zvlslovakia\/","article_modified_time":"2016-10-27T11:45:40+00:00","twitter_misc":{"Gesch\u00e4tzte Lesezeit":"2 Minuten"},"schema":{"@context":"https:\/\/schema.org","@graph":[{"@type":"WebPage","@id":"https:\/\/www.zvlbearing-catalog.sk\/de\/error\/","url":"https:\/\/www.zvlbearing-catalog.sk\/de\/error\/","name":"Das gesuchte Lager ist nicht in unserer Datenbank | ZVL SLOVAKIA a.s.","isPartOf":{"@id":"http:\/\/www.zvlbearing-catalog.sk\/de\/#website"},"datePublished":"2016-10-12T14:28:17+00:00","dateModified":"2016-10-27T11:45:40+00:00","description":"Pros\u00edm skontrolujte ozna\u010denie lo\u017eiska, pr\u00edpadne n\u00e1s kontaktujte. Please, check the designation or contact us. Bitte, pr\u00fcfen Sie die Bezeichnung oder","breadcrumb":{"@id":"https:\/\/www.zvlbearing-catalog.sk\/de\/error\/#breadcrumb"},"inLanguage":"de-DE","potentialAction":[{"@type":"ReadAction","target":[["https:\/\/www.zvlbearing-catalog.sk\/de\/error\/"]]}]},{"@type":"BreadcrumbList","@id":"https:\/\/www.zvlbearing-catalog.sk\/de\/error\/#breadcrumb","itemListElement":[{"@type":"ListItem","position":1,"name":"Domovsk\u00e1 str\u00e1nka","item":"http:\/\/www.zvlbearing-catalog.sk\/de\/"},{"@type":"ListItem","position":2,"name":"Zadan\u00fd typ lo\u017eiska sa nenach\u00e1dza v na\u0161ej datab\u00e1ze"}]},{"@type":"WebSite","@id":"http:\/\/www.zvlbearing-catalog.sk\/de\/#website","url":"http:\/\/www.zvlbearing-catalog.sk\/de\/","name":"ZVL SLOVAKIA a.s.","description":"V\u00fdroba lo\u017e\u00edsk, pr\u00edslu\u0161enstvo, predaj lo\u017e\u00edsk","publisher":{"@id":"http:\/\/www.zvlbearing-catalog.sk\/de\/#organization"},"potentialAction":[{"@type":"SearchAction","target":{"@type":"EntryPoint","urlTemplate":"http:\/\/www.zvlbearing-catalog.sk\/de\/?s={search_term_string}"},"query-input":"required name=search_term_string"}],"inLanguage":"de-DE"},{"@type":"Organization","@id":"http:\/\/www.zvlbearing-catalog.sk\/de\/#organization","name":"ZVL SLOVAKIA a.s.","url":"http:\/\/www.zvlbearing-catalog.sk\/de\/","logo":{"@type":"ImageObject","inLanguage":"de-DE","@id":"http:\/\/www.zvlbearing-catalog.sk\/de\/#\/schema\/logo\/image\/","url":"https:\/\/www.zvlbearing-catalog.sk\/wp-content\/uploads\/zvl-icon-152.jpg","contentUrl":"https:\/\/www.zvlbearing-catalog.sk\/wp-content\/uploads\/zvl-icon-152.jpg","width":145,"height":145,"caption":"ZVL SLOVAKIA a.s."},"image":{"@id":"http:\/\/www.zvlbearing-catalog.sk\/de\/#\/schema\/logo\/image\/"},"sameAs":["https:\/\/www.facebook.com\/zvlslovakia\/"]}]}},"_links":{"self":[{"href":"https:\/\/www.zvlbearing-catalog.sk\/de\/wp-json\/wp\/v2\/pages\/5851"}],"collection":[{"href":"https:\/\/www.zvlbearing-catalog.sk\/de\/wp-json\/wp\/v2\/pages"}],"about":[{"href":"https:\/\/www.zvlbearing-catalog.sk\/de\/wp-json\/wp\/v2\/types\/page"}],"author":[{"embeddable":true,"href":"https:\/\/www.zvlbearing-catalog.sk\/de\/wp-json\/wp\/v2\/users\/1"}],"replies":[{"embeddable":true,"href":"https:\/\/www.zvlbearing-catalog.sk\/de\/wp-json\/wp\/v2\/comments?post=5851"}],"version-history":[{"count":0,"href":"https:\/\/www.zvlbearing-catalog.sk\/de\/wp-json\/wp\/v2\/pages\/5851\/revisions"}],"wp:attachment":[{"href":"https:\/\/www.zvlbearing-catalog.sk\/de\/wp-json\/wp\/v2\/media?parent=5851"}],"curies":[{"name":"wp","href":"https:\/\/api.w.org\/{rel}","templated":true}]}}