{"id":5825,"date":"2016-08-04T13:15:16","date_gmt":"2016-08-04T13:15:16","guid":{"rendered":"http:\/\/bearings.zvlslovakia.sk\/sk\/?page_id=5825"},"modified":"2018-05-09T16:19:08","modified_gmt":"2018-05-09T16:19:08","slug":"3d-models","status":"publish","type":"page","link":"https:\/\/www.zvlbearing-catalog.sk\/de\/3d-models\/","title":{"rendered":"3D-Modelle von W\u00e4lzlagern"},"content":{"rendered":"<section class=\"wpb-content-wrapper\"><p>[vc_row][vc_column][vc_single_image image=&#8220;5993&#8243; img_size=&#8220;full&#8220; alignment=&#8220;center&#8220; style=&#8220;vc_box_shadow_border&#8220;][\/vc_column][\/vc_row][vc_row][vc_column][vc_empty_space height=&#8220;10px&#8220;][\/vc_column][\/vc_row][vc_row][vc_column][vc_column_text]<\/p>\n<div class=\"podmaz\">\n<h2 style=\"text-align: center;\">Herunterladen Sie 3D Modelle im STP-Format (<a href=\"https:\/\/sourceforge.net\/projects\/sevenzip\/\" target=\"_blank\" rel=\"noopener\">ZIP<\/a>)<\/h2>\n<\/div>\n<p>[\/vc_column_text][\/vc_column][\/vc_row][vc_row][vc_column][vc_column_text]<\/p>\n<p style=\"text-align: center;\"><strong>Wir empfehlen <a href=\"https:\/\/www.freecadweb.org\/wiki\/Download\" target=\"_blank\" rel=\"noopener\">FreeCad<\/a> zum Betrachten von 3D-Modellen<\/strong> (Windows 32 bit \/ Windows 64 bit \/ Mac OS X \/ Linux)<\/p>\n<p style=\"text-align: center;\"><strong>Sie k\u00f6nnen online <a href=\"https:\/\/a360.autodesk.com\/viewer\/\" target=\"_blank\" rel=\"noopener\">Viewer<\/a> f\u00fcr STP Dateien benutzen.<\/strong><\/p>\n<p>[\/vc_column_text][\/vc_column][\/vc_row]<\/p>\n<\/section>","protected":false},"excerpt":{"rendered":"<p>[vc_row][vc_column][vc_single_image image=&#8220;5993&#8243; img_size=&#8220;full&#8220; alignment=&#8220;center&#8220; style=&#8220;vc_box_shadow_border&#8220;][\/vc_column][\/vc_row][vc_row][vc_column][vc_empty_space height=&#8220;10px&#8220;][\/vc_column][\/vc_row][vc_row][vc_column][vc_column_text] Herunterladen Sie 3D Modelle im STP-Format (ZIP) [\/vc_column_text][\/vc_column][\/vc_row][vc_row][vc_column][vc_column_text] Wir empfehlen FreeCad zum Betrachten von 3D-Modellen (Windows 32 bit \/ Windows 64 bit \/ Mac OS X \/ Linux) Sie k\u00f6nnen online Viewer f\u00fcr STP Dateien benutzen. [\/vc_column_text][\/vc_column][\/vc_row]<\/p>\n","protected":false},"author":1,"featured_media":0,"parent":0,"menu_order":1,"comment_status":"closed","ping_status":"closed","template":"template-microsite-3d.php","meta":{"footnotes":""},"yoast_head":"<!-- This site is optimized with the Yoast SEO Premium plugin v18.3 (Yoast SEO v21.9.1) - https:\/\/yoast.com\/wordpress\/plugins\/seo\/ -->\n<title>3D-Modelle von W\u00e4lzlagern | ZVL SLOVAKIA a.s.<\/title>\n<meta name=\"description\" content=\"Stiahnite si 3D modely lo\u017e\u00edsk vo form\u00e1te STP (ZIP) Na prehliadanie 3D modelov odpor\u00fa\u010dame FreeCad (Windows 32 bit \/ Windows 64 bit \/ Mac OS X \/ Linux)\" \/>\n<meta name=\"robots\" content=\"index, follow, max-snippet:-1, max-image-preview:large, max-video-preview:-1\" \/>\n<link rel=\"canonical\" href=\"https:\/\/www.zvlbearing-catalog.sk\/de\/3d-models\/\" \/>\n<meta property=\"og:locale\" content=\"de_DE\" \/>\n<meta property=\"og:type\" content=\"article\" \/>\n<meta property=\"og:title\" content=\"3D-Modelle von W\u00e4lzlagern\" \/>\n<meta property=\"og:description\" content=\"Stiahnite si 3D modely lo\u017e\u00edsk vo form\u00e1te STP (ZIP) Na prehliadanie 3D modelov odpor\u00fa\u010dame FreeCad (Windows 32 bit \/ Windows 64 bit \/ Mac OS X \/ Linux)\" \/>\n<meta property=\"og:url\" content=\"https:\/\/www.zvlbearing-catalog.sk\/de\/3d-models\/\" \/>\n<meta property=\"og:site_name\" content=\"ZVL SLOVAKIA a.s.\" \/>\n<meta property=\"article:publisher\" content=\"https:\/\/www.facebook.com\/zvlslovakia\/\" \/>\n<meta property=\"article:modified_time\" content=\"2018-05-09T16:19:08+00:00\" \/>\n<meta name=\"twitter:label1\" content=\"Gesch\u00e4tzte Lesezeit\" \/>\n\t<meta name=\"twitter:data1\" content=\"3 Minuten\" \/>\n<script type=\"application\/ld+json\" class=\"yoast-schema-graph\">{\"@context\":\"https:\/\/schema.org\",\"@graph\":[{\"@type\":\"WebPage\",\"@id\":\"https:\/\/www.zvlbearing-catalog.sk\/de\/3d-models\/\",\"url\":\"https:\/\/www.zvlbearing-catalog.sk\/de\/3d-models\/\",\"name\":\"3D-Modelle von W\u00e4lzlagern | ZVL SLOVAKIA a.s.\",\"isPartOf\":{\"@id\":\"http:\/\/www.zvlbearing-catalog.sk\/de\/#website\"},\"datePublished\":\"2016-08-04T13:15:16+00:00\",\"dateModified\":\"2018-05-09T16:19:08+00:00\",\"description\":\"Stiahnite si 3D modely lo\u017e\u00edsk vo form\u00e1te STP (ZIP) Na prehliadanie 3D modelov odpor\u00fa\u010dame FreeCad (Windows 32 bit \/ Windows 64 bit \/ Mac OS X \/ Linux)\",\"breadcrumb\":{\"@id\":\"https:\/\/www.zvlbearing-catalog.sk\/de\/3d-models\/#breadcrumb\"},\"inLanguage\":\"de-DE\",\"potentialAction\":[{\"@type\":\"ReadAction\",\"target\":[[\"https:\/\/www.zvlbearing-catalog.sk\/de\/3d-models\/\"]]}]},{\"@type\":\"BreadcrumbList\",\"@id\":\"https:\/\/www.zvlbearing-catalog.sk\/de\/3d-models\/#breadcrumb\",\"itemListElement\":[{\"@type\":\"ListItem\",\"position\":1,\"name\":\"Domovsk\u00e1 str\u00e1nka\",\"item\":\"http:\/\/www.zvlbearing-catalog.sk\/de\/\"},{\"@type\":\"ListItem\",\"position\":2,\"name\":\"3D modely lo\u017e\u00edsk\"}]},{\"@type\":\"WebSite\",\"@id\":\"http:\/\/www.zvlbearing-catalog.sk\/de\/#website\",\"url\":\"http:\/\/www.zvlbearing-catalog.sk\/de\/\",\"name\":\"ZVL SLOVAKIA a.s.\",\"description\":\"V\u00fdroba lo\u017e\u00edsk, pr\u00edslu\u0161enstvo, predaj lo\u017e\u00edsk\",\"publisher\":{\"@id\":\"http:\/\/www.zvlbearing-catalog.sk\/de\/#organization\"},\"potentialAction\":[{\"@type\":\"SearchAction\",\"target\":{\"@type\":\"EntryPoint\",\"urlTemplate\":\"http:\/\/www.zvlbearing-catalog.sk\/de\/?s={search_term_string}\"},\"query-input\":\"required name=search_term_string\"}],\"inLanguage\":\"de-DE\"},{\"@type\":\"Organization\",\"@id\":\"http:\/\/www.zvlbearing-catalog.sk\/de\/#organization\",\"name\":\"ZVL SLOVAKIA a.s.\",\"url\":\"http:\/\/www.zvlbearing-catalog.sk\/de\/\",\"logo\":{\"@type\":\"ImageObject\",\"inLanguage\":\"de-DE\",\"@id\":\"http:\/\/www.zvlbearing-catalog.sk\/de\/#\/schema\/logo\/image\/\",\"url\":\"https:\/\/www.zvlbearing-catalog.sk\/wp-content\/uploads\/zvl-icon-152.jpg\",\"contentUrl\":\"https:\/\/www.zvlbearing-catalog.sk\/wp-content\/uploads\/zvl-icon-152.jpg\",\"width\":145,\"height\":145,\"caption\":\"ZVL SLOVAKIA a.s.\"},\"image\":{\"@id\":\"http:\/\/www.zvlbearing-catalog.sk\/de\/#\/schema\/logo\/image\/\"},\"sameAs\":[\"https:\/\/www.facebook.com\/zvlslovakia\/\"]}]}<\/script>\n<!-- \/ Yoast SEO Premium plugin. -->","yoast_head_json":{"title":"3D-Modelle von W\u00e4lzlagern | ZVL SLOVAKIA a.s.","description":"Stiahnite si 3D modely lo\u017e\u00edsk vo form\u00e1te STP (ZIP) Na prehliadanie 3D modelov odpor\u00fa\u010dame FreeCad (Windows 32 bit \/ Windows 64 bit \/ Mac OS X \/ Linux)","robots":{"index":"index","follow":"follow","max-snippet":"max-snippet:-1","max-image-preview":"max-image-preview:large","max-video-preview":"max-video-preview:-1"},"canonical":"https:\/\/www.zvlbearing-catalog.sk\/de\/3d-models\/","og_locale":"de_DE","og_type":"article","og_title":"3D-Modelle von W\u00e4lzlagern","og_description":"Stiahnite si 3D modely lo\u017e\u00edsk vo form\u00e1te STP (ZIP) Na prehliadanie 3D modelov odpor\u00fa\u010dame FreeCad (Windows 32 bit \/ Windows 64 bit \/ Mac OS X \/ Linux)","og_url":"https:\/\/www.zvlbearing-catalog.sk\/de\/3d-models\/","og_site_name":"ZVL SLOVAKIA a.s.","article_publisher":"https:\/\/www.facebook.com\/zvlslovakia\/","article_modified_time":"2018-05-09T16:19:08+00:00","twitter_misc":{"Gesch\u00e4tzte Lesezeit":"3 Minuten"},"schema":{"@context":"https:\/\/schema.org","@graph":[{"@type":"WebPage","@id":"https:\/\/www.zvlbearing-catalog.sk\/de\/3d-models\/","url":"https:\/\/www.zvlbearing-catalog.sk\/de\/3d-models\/","name":"3D-Modelle von W\u00e4lzlagern | ZVL SLOVAKIA a.s.","isPartOf":{"@id":"http:\/\/www.zvlbearing-catalog.sk\/de\/#website"},"datePublished":"2016-08-04T13:15:16+00:00","dateModified":"2018-05-09T16:19:08+00:00","description":"Stiahnite si 3D modely lo\u017e\u00edsk vo form\u00e1te STP (ZIP) Na prehliadanie 3D modelov odpor\u00fa\u010dame FreeCad (Windows 32 bit \/ Windows 64 bit \/ Mac OS X \/ Linux)","breadcrumb":{"@id":"https:\/\/www.zvlbearing-catalog.sk\/de\/3d-models\/#breadcrumb"},"inLanguage":"de-DE","potentialAction":[{"@type":"ReadAction","target":[["https:\/\/www.zvlbearing-catalog.sk\/de\/3d-models\/"]]}]},{"@type":"BreadcrumbList","@id":"https:\/\/www.zvlbearing-catalog.sk\/de\/3d-models\/#breadcrumb","itemListElement":[{"@type":"ListItem","position":1,"name":"Domovsk\u00e1 str\u00e1nka","item":"http:\/\/www.zvlbearing-catalog.sk\/de\/"},{"@type":"ListItem","position":2,"name":"3D modely lo\u017e\u00edsk"}]},{"@type":"WebSite","@id":"http:\/\/www.zvlbearing-catalog.sk\/de\/#website","url":"http:\/\/www.zvlbearing-catalog.sk\/de\/","name":"ZVL SLOVAKIA a.s.","description":"V\u00fdroba lo\u017e\u00edsk, pr\u00edslu\u0161enstvo, predaj lo\u017e\u00edsk","publisher":{"@id":"http:\/\/www.zvlbearing-catalog.sk\/de\/#organization"},"potentialAction":[{"@type":"SearchAction","target":{"@type":"EntryPoint","urlTemplate":"http:\/\/www.zvlbearing-catalog.sk\/de\/?s={search_term_string}"},"query-input":"required name=search_term_string"}],"inLanguage":"de-DE"},{"@type":"Organization","@id":"http:\/\/www.zvlbearing-catalog.sk\/de\/#organization","name":"ZVL SLOVAKIA a.s.","url":"http:\/\/www.zvlbearing-catalog.sk\/de\/","logo":{"@type":"ImageObject","inLanguage":"de-DE","@id":"http:\/\/www.zvlbearing-catalog.sk\/de\/#\/schema\/logo\/image\/","url":"https:\/\/www.zvlbearing-catalog.sk\/wp-content\/uploads\/zvl-icon-152.jpg","contentUrl":"https:\/\/www.zvlbearing-catalog.sk\/wp-content\/uploads\/zvl-icon-152.jpg","width":145,"height":145,"caption":"ZVL SLOVAKIA a.s."},"image":{"@id":"http:\/\/www.zvlbearing-catalog.sk\/de\/#\/schema\/logo\/image\/"},"sameAs":["https:\/\/www.facebook.com\/zvlslovakia\/"]}]}},"_links":{"self":[{"href":"https:\/\/www.zvlbearing-catalog.sk\/de\/wp-json\/wp\/v2\/pages\/5825"}],"collection":[{"href":"https:\/\/www.zvlbearing-catalog.sk\/de\/wp-json\/wp\/v2\/pages"}],"about":[{"href":"https:\/\/www.zvlbearing-catalog.sk\/de\/wp-json\/wp\/v2\/types\/page"}],"author":[{"embeddable":true,"href":"https:\/\/www.zvlbearing-catalog.sk\/de\/wp-json\/wp\/v2\/users\/1"}],"replies":[{"embeddable":true,"href":"https:\/\/www.zvlbearing-catalog.sk\/de\/wp-json\/wp\/v2\/comments?post=5825"}],"version-history":[{"count":0,"href":"https:\/\/www.zvlbearing-catalog.sk\/de\/wp-json\/wp\/v2\/pages\/5825\/revisions"}],"wp:attachment":[{"href":"https:\/\/www.zvlbearing-catalog.sk\/de\/wp-json\/wp\/v2\/media?parent=5825"}],"curies":[{"name":"wp","href":"https:\/\/api.w.org\/{rel}","templated":true}]}}